{"id":995,"date":"2016-02-19T09:26:42","date_gmt":"2016-02-19T07:26:42","guid":{"rendered":"http:\/\/timokivio.com\/staging\/fi\/connect\/"},"modified":"2018-11-15T15:19:51","modified_gmt":"2018-11-15T13:19:51","slug":"yhteystiedot","status":"publish","type":"page","link":"https:\/\/timokivio.com\/staging\/yhteystiedot\/","title":{"rendered":"Yhteystiedot"},"content":{"rendered":"<div class=\"wpb-content-wrapper\"><p>[vc_row color_set=&#8221;secondary_section&#8221; full_width=&#8221;0&#8243; full_height=&#8221;0&#8243; row_padding=&#8221;no_padding&#8221; particles=&#8221;0&#8243; css=&#8221;.vc_custom_1457637057408{padding-top: 64px !important;}&#8221;][vc_column width=&#8221;1\/2&#8243; heading_align=&#8221;text-center&#8221; color_set=&#8221;secondary_section&#8221; background=&#8221;transparent&#8221; transparent_overlay=&#8221;transparent_film&#8221; boxed=&#8221;boxed_plus&#8221; margin=&#8221;margin_bottom_grid&#8221;][vc_empty_space][vc_column_text]<\/p>\n<h3>Ota yhteytt\u00e4!<\/h3>\n<p>[\/vc_column_text]\n<div class=\"wpcf7 no-js\" id=\"wpcf7-f522-o1\" lang=\"en-US\" dir=\"ltr\">\n<div class=\"screen-reader-response\"><p role=\"status\" aria-live=\"polite\" aria-atomic=\"true\"><\/p> <ul><\/ul><\/div>\n<form action=\"\/staging\/wp-json\/wp\/v2\/pages\/995#wpcf7-f522-o1\" method=\"post\" class=\"wpcf7-form init\" aria-label=\"Contact form\" novalidate=\"novalidate\" data-status=\"init\">\n<div style=\"display: none;\">\n<input type=\"hidden\" name=\"_wpcf7\" value=\"522\" \/>\n<input type=\"hidden\" name=\"_wpcf7_version\" value=\"5.9.5\" \/>\n<input type=\"hidden\" name=\"_wpcf7_locale\" value=\"en_US\" \/>\n<input type=\"hidden\" name=\"_wpcf7_unit_tag\" value=\"wpcf7-f522-o1\" \/>\n<input type=\"hidden\" name=\"_wpcf7_container_post\" value=\"0\" \/>\n<input type=\"hidden\" name=\"_wpcf7_posted_data_hash\" value=\"\" \/>\n<\/div>\n<p>Your Name (required)\n<\/p>\n<p><span class=\"wpcf7-form-control-wrap\" data-name=\"your-name\"><input size=\"40\" class=\"wpcf7-form-control wpcf7-form-control form-control wpcf7-validates-as-required\" aria-required=\"true\" aria-invalid=\"false\" value=\"\" type=\"text\" name=\"your-name\" \/><\/span>\n<\/p>\n<p>Your Email (required)\n<\/p>\n<p><span class=\"wpcf7-form-control-wrap\" data-name=\"your-email\"><input size=\"40\" class=\"wpcf7-form-control wpcf7-form-control form-control wpcf7-validates-as-required wpcf7-form-control form-control wpcf7-validates-as-email\" aria-required=\"true\" aria-invalid=\"false\" value=\"\" type=\"email\" name=\"your-email\" \/><\/span>\n<\/p>\n<p>Subject\n<\/p>\n<p><span class=\"wpcf7-form-control-wrap\" data-name=\"your-subject\"><input size=\"40\" class=\"wpcf7-form-control wpcf7-form-control form-control\" aria-invalid=\"false\" value=\"\" type=\"text\" name=\"your-subject\" \/><\/span>\n<\/p>\n<p>Your Message\n<\/p>\n<p><span class=\"wpcf7-form-control-wrap\" data-name=\"your-message\"><textarea cols=\"40\" rows=\"10\" class=\"wpcf7-form-control wpcf7-form-control wpcf7-form-control form-control\" aria-invalid=\"false\" name=\"your-message\"><\/textarea><\/span>\n<\/p>\n<p><input class=\"wpcf7-form-control wpcf7-submit btn btn-primary has-spinner\" type=\"submit\" value=\"Send\" \/>\n<\/p><div class=\"wpcf7-response-output\" aria-hidden=\"true\"><\/div>\n<\/form>\n<\/div>\n[vc_empty_space][\/vc_column][vc_column width=&#8221;1\/2&#8243; heading_align=&#8221;text-center&#8221; boxed=&#8221;boxed_plus&#8221;][vc_empty_space][vc_single_image image=&#8221;169&#8243; img_size=&#8221;&#8221;][vc_column_text]Yhteydenottosi on minulle t\u00e4rke\u00e4.\u00a0J\u00e4t\u00e4th\u00e4n viestin, jos en pysty vastaamaan soittoosi, niin soitan sinulle takaisin heti vapauduttuani.[\/vc_column_text][vc_column_text]<\/p>\n<div class=\"wpb_text_column wpb_content_element \">\n<div class=\"wpb_wrapper\">\n<p><strong>Parhaiten tavoitettavissa:<\/strong>\u00a0arkisin 9:00 &#8211; 18:00<\/p>\n<p><strong>Puhelin \/ WhatsApp: <\/strong>045-231 8155<\/p>\n<p><strong>Email: <\/strong>timo.kivio@gmail.com<\/p>\n<p>&nbsp;<\/p>\n<\/div>\n<\/div>\n<p>[\/vc_column_text][\/vc_column][\/vc_row][vc_row color_set=&#8221;black_section&#8221; align=&#8221;text-center&#8221; full_width=&#8221;0&#8243; full_height=&#8221;0&#8243; transparent_overlay=&#8221;transparent_film&#8221; background=&#8221;bgimage&#8221; bgimage=&#8221;6&#8243; parallax=&#8221;0&#8243;][vc_column]<div class=\"section_header subtitle_bottom   fancy text-center\">\r\n\r\n    <h2 style=\"text-align: center;\">GRAB OUR <strong>HEALTH<\/strong> NEWSLETTER<\/h2>\n\r\n\r\n        <p >subscribe to our awesome <strong>mailchimp.com<\/strong> list<\/p>\r\n<\/div><div class=\"newsletter_form \">\r\n  <form id=\"newsletter\" action=\"https:\/\/timokivio.com\/staging\/wp-admin\/admin-ajax.php\" method=\"POST\" class=\"form-inline text-center\">\r\n    <input id=\"email\" placeholder=\"Email Address\" name=\"email\" type=\"text\" class=\"form-control\">\r\n\r\n\r\n    <input type=\"hidden\" name=\"nonce\" id=\"nonce\" value=\"f957d9a331\">\r\n    <button type=\"submit\" class=\"btn btn-secondary form-control\">\r\n        <span class=\"fa fa-refresh fa-refresh-animate hidden\"><\/span>\r\n         SUBSCRIBE\r\n        <span id=\"newsletterResponse\" class=\"btn btn-primary hidden\">MESSAGE<\/span>\r\n    <\/button>\r\n  <\/form>\r\n<\/div>[\/vc_column][\/vc_row]<\/p>\n<\/div>","protected":false},"excerpt":{"rendered":"<p>[vc_row color_set=&#8221;secondary_section&#8221; full_width=&#8221;0&#8243; full_height=&#8221;0&#8243; row_padding=&#8221;no_padding&#8221; particles=&#8221;0&#8243; css=&#8221;.vc_custom_1457637057408{padding-top: 64px !important;}&#8221;][vc_column width=&#8221;1\/2&#8243; heading_align=&#8221;text-center&#8221; color_set=&#8221;secondary_section&#8221; background=&#8221;transparent&#8221; transparent_overlay=&#8221;transparent_film&#8221; boxed=&#8221;boxed_plus&#8221; margin=&#8221;margin_bottom_grid&#8221;][vc_empty_space][vc_column_text] Ota yhteytt\u00e4! [\/vc_column_text][vc_empty_space][\/vc_column][vc_column width=&#8221;1\/2&#8243; heading_align=&#8221;text-center&#8221; boxed=&#8221;boxed_plus&#8221;][vc_empty_space][vc_single_image image=&#8221;169&#8243; img_size=&#8221;&#8221;][vc_column_text]Yhteydenottosi on minulle t\u00e4rke\u00e4.\u00a0J\u00e4t\u00e4th\u00e4n viestin, jos en [&hellip;]<\/p>\n","protected":false},"author":1,"featured_media":1415,"parent":0,"menu_order":0,"comment_status":"closed","ping_status":"closed","template":"","meta":{"footnotes":""},"class_list":["post-995","page","type-page","status-publish","has-post-thumbnail","hentry"],"yoast_head":"<!-- This site is optimized with the Yoast SEO plugin v24.2 - https:\/\/yoast.com\/wordpress\/plugins\/seo\/ -->\n<title>Yhteystiedot - timokivio.com<\/title>\n<meta name=\"robots\" content=\"index, follow, max-snippet:-1, max-image-preview:large, max-video-preview:-1\" \/>\n<link rel=\"canonical\" href=\"https:\/\/timokivio.com\/staging\/yhteystiedot\/\" \/>\n<meta name=\"twitter:label1\" content=\"Arvioitu lukuaika\" \/>\n\t<meta name=\"twitter:data1\" content=\"1 minuutti\" \/>\n<script type=\"application\/ld+json\" class=\"yoast-schema-graph\">{\"@context\":\"https:\/\/schema.org\",\"@graph\":[{\"@type\":\"WebPage\",\"@id\":\"https:\/\/timokivio.com\/staging\/yhteystiedot\/\",\"url\":\"https:\/\/timokivio.com\/staging\/yhteystiedot\/\",\"name\":\"Yhteystiedot - timokivio.com\",\"isPartOf\":{\"@id\":\"https:\/\/timokivio.com\/staging\/#website\"},\"primaryImageOfPage\":{\"@id\":\"https:\/\/timokivio.com\/staging\/yhteystiedot\/#primaryimage\"},\"image\":{\"@id\":\"https:\/\/timokivio.com\/staging\/yhteystiedot\/#primaryimage\"},\"thumbnailUrl\":\"https:\/\/timokivio.com\/staging\/wp-content\/uploads\/2016\/02\/spring-800240_1920.jpg\",\"datePublished\":\"2016-02-19T07:26:42+00:00\",\"dateModified\":\"2018-11-15T13:19:51+00:00\",\"breadcrumb\":{\"@id\":\"https:\/\/timokivio.com\/staging\/yhteystiedot\/#breadcrumb\"},\"inLanguage\":\"fi\",\"potentialAction\":[{\"@type\":\"ReadAction\",\"target\":[\"https:\/\/timokivio.com\/staging\/yhteystiedot\/\"]}]},{\"@type\":\"ImageObject\",\"inLanguage\":\"fi\",\"@id\":\"https:\/\/timokivio.com\/staging\/yhteystiedot\/#primaryimage\",\"url\":\"https:\/\/timokivio.com\/staging\/wp-content\/uploads\/2016\/02\/spring-800240_1920.jpg\",\"contentUrl\":\"https:\/\/timokivio.com\/staging\/wp-content\/uploads\/2016\/02\/spring-800240_1920.jpg\",\"width\":1920,\"height\":1280},{\"@type\":\"BreadcrumbList\",\"@id\":\"https:\/\/timokivio.com\/staging\/yhteystiedot\/#breadcrumb\",\"itemListElement\":[{\"@type\":\"ListItem\",\"position\":1,\"name\":\"Home\",\"item\":\"https:\/\/timokivio.com\/staging\/\"},{\"@type\":\"ListItem\",\"position\":2,\"name\":\"Yhteystiedot\"}]},{\"@type\":\"WebSite\",\"@id\":\"https:\/\/timokivio.com\/staging\/#website\",\"url\":\"https:\/\/timokivio.com\/staging\/\",\"name\":\"timokivio.com\",\"description\":\"Blog\",\"potentialAction\":[{\"@type\":\"SearchAction\",\"target\":{\"@type\":\"EntryPoint\",\"urlTemplate\":\"https:\/\/timokivio.com\/staging\/?s={search_term_string}\"},\"query-input\":{\"@type\":\"PropertyValueSpecification\",\"valueRequired\":true,\"valueName\":\"search_term_string\"}}],\"inLanguage\":\"fi\"}]}<\/script>\n<!-- \/ Yoast SEO plugin. -->","yoast_head_json":{"title":"Yhteystiedot - timokivio.com","robots":{"index":"index","follow":"follow","max-snippet":"max-snippet:-1","max-image-preview":"max-image-preview:large","max-video-preview":"max-video-preview:-1"},"canonical":"https:\/\/timokivio.com\/staging\/yhteystiedot\/","twitter_misc":{"Arvioitu lukuaika":"1 minuutti"},"schema":{"@context":"https:\/\/schema.org","@graph":[{"@type":"WebPage","@id":"https:\/\/timokivio.com\/staging\/yhteystiedot\/","url":"https:\/\/timokivio.com\/staging\/yhteystiedot\/","name":"Yhteystiedot - timokivio.com","isPartOf":{"@id":"https:\/\/timokivio.com\/staging\/#website"},"primaryImageOfPage":{"@id":"https:\/\/timokivio.com\/staging\/yhteystiedot\/#primaryimage"},"image":{"@id":"https:\/\/timokivio.com\/staging\/yhteystiedot\/#primaryimage"},"thumbnailUrl":"https:\/\/timokivio.com\/staging\/wp-content\/uploads\/2016\/02\/spring-800240_1920.jpg","datePublished":"2016-02-19T07:26:42+00:00","dateModified":"2018-11-15T13:19:51+00:00","breadcrumb":{"@id":"https:\/\/timokivio.com\/staging\/yhteystiedot\/#breadcrumb"},"inLanguage":"fi","potentialAction":[{"@type":"ReadAction","target":["https:\/\/timokivio.com\/staging\/yhteystiedot\/"]}]},{"@type":"ImageObject","inLanguage":"fi","@id":"https:\/\/timokivio.com\/staging\/yhteystiedot\/#primaryimage","url":"https:\/\/timokivio.com\/staging\/wp-content\/uploads\/2016\/02\/spring-800240_1920.jpg","contentUrl":"https:\/\/timokivio.com\/staging\/wp-content\/uploads\/2016\/02\/spring-800240_1920.jpg","width":1920,"height":1280},{"@type":"BreadcrumbList","@id":"https:\/\/timokivio.com\/staging\/yhteystiedot\/#breadcrumb","itemListElement":[{"@type":"ListItem","position":1,"name":"Home","item":"https:\/\/timokivio.com\/staging\/"},{"@type":"ListItem","position":2,"name":"Yhteystiedot"}]},{"@type":"WebSite","@id":"https:\/\/timokivio.com\/staging\/#website","url":"https:\/\/timokivio.com\/staging\/","name":"timokivio.com","description":"Blog","potentialAction":[{"@type":"SearchAction","target":{"@type":"EntryPoint","urlTemplate":"https:\/\/timokivio.com\/staging\/?s={search_term_string}"},"query-input":{"@type":"PropertyValueSpecification","valueRequired":true,"valueName":"search_term_string"}}],"inLanguage":"fi"}]}},"_links":{"self":[{"href":"https:\/\/timokivio.com\/staging\/wp-json\/wp\/v2\/pages\/995","targetHints":{"allow":["GET"]}}],"collection":[{"href":"https:\/\/timokivio.com\/staging\/wp-json\/wp\/v2\/pages"}],"about":[{"href":"https:\/\/timokivio.com\/staging\/wp-json\/wp\/v2\/types\/page"}],"author":[{"embeddable":true,"href":"https:\/\/timokivio.com\/staging\/wp-json\/wp\/v2\/users\/1"}],"replies":[{"embeddable":true,"href":"https:\/\/timokivio.com\/staging\/wp-json\/wp\/v2\/comments?post=995"}],"version-history":[{"count":8,"href":"https:\/\/timokivio.com\/staging\/wp-json\/wp\/v2\/pages\/995\/revisions"}],"predecessor-version":[{"id":1888,"href":"https:\/\/timokivio.com\/staging\/wp-json\/wp\/v2\/pages\/995\/revisions\/1888"}],"wp:featuredmedia":[{"embeddable":true,"href":"https:\/\/timokivio.com\/staging\/wp-json\/wp\/v2\/media\/1415"}],"wp:attachment":[{"href":"https:\/\/timokivio.com\/staging\/wp-json\/wp\/v2\/media?parent=995"}],"curies":[{"name":"wp","href":"https:\/\/api.w.org\/{rel}","templated":true}]}}