{"id":989,"date":"2016-02-19T09:26:15","date_gmt":"2016-02-19T09:26:15","guid":{"rendered":"http:\/\/timokivio.com\/staging\/fi\/success-stories\/"},"modified":"2017-06-20T20:03:50","modified_gmt":"2017-06-20T18:03:50","slug":"menestystarinoita","status":"publish","type":"page","link":"https:\/\/timokivio.com\/staging\/menestystarinoita\/","title":{"rendered":"Menestystarinoita"},"content":{"rendered":"<div class=\"wpb-content-wrapper\"><p>[vc_row align=&#8221;text-center&#8221; full_width=&#8221;0&#8243; full_height=&#8221;0&#8243; sep_bottom=&#8221;separator_bottom sep_angled_positive_bottom&#8221; particles=&#8221;0&#8243; css=&#8221;.vc_custom_1457517780479{padding-top: 96px !important;padding-bottom: 96px !important;}&#8221;][vc_column]<div class=\"team_members_grid row\">\r\n\r\n\r\n    <div class=\"col-sm-6 col-md-3\">\r\n      <div class=\"team_member teaser_box centered same_height_col \">\r\n        \r\n        <a href=\"https:\/\/timokivio.com\/staging\/profile\/paivi\/\" style=\"background-image: url('https:\/\/timokivio.com\/staging\/wp-content\/uploads\/2017\/04\/girl-2336358_1920-1024x764.jpg')\" data-colorset=\"\" class=\"linkify figure stretchy_wrapper ratio_1-1\"><\/a>\r\n        \r\n        <div class=\"content boxed  with_button \">\r\n\r\n          <div class=\"hgroup\">\r\n            <h4>P\u00e4ivi<\/h4>\r\n            \r\n          <\/div>\r\n\r\n          <div class=\"team_social\">\r\n          <\/div>\r\n\r\n          <div class=\"desc\">       \r\n            <p><\/p>\r\n          <\/div>\r\n\r\n          <div class=\"link\">\r\n            <a href=\"https:\/\/timokivio.com\/staging\/profile\/paivi\/\" data-colorset=\"\" class=\"linkify btn btn-xs btn-default\">Lue tarina<\/a>\r\n          <\/div>\r\n\r\n        <\/div>\r\n\r\n      <\/div>\r\n    <\/div>\r\n\r\n\r\n    <div class=\"col-sm-6 col-md-3\">\r\n      <div class=\"team_member teaser_box centered same_height_col \">\r\n        \r\n        <a href=\"https:\/\/timokivio.com\/staging\/profile\/seija\/\" style=\"background-image: url('https:\/\/timokivio.com\/staging\/wp-content\/uploads\/2017\/06\/woman-1904988_1920-738x1024.jpg')\" data-colorset=\"\" class=\"linkify figure stretchy_wrapper ratio_1-1\"><\/a>\r\n        \r\n        <div class=\"content boxed  with_button \">\r\n\r\n          <div class=\"hgroup\">\r\n            <h4>Seija<\/h4>\r\n            \r\n          <\/div>\r\n\r\n          <div class=\"team_social\">\r\n          <\/div>\r\n\r\n          <div class=\"desc\">       \r\n            <p><\/p>\r\n          <\/div>\r\n\r\n          <div class=\"link\">\r\n            <a href=\"https:\/\/timokivio.com\/staging\/profile\/seija\/\" data-colorset=\"\" class=\"linkify btn btn-xs btn-default\">Lue tarina<\/a>\r\n          <\/div>\r\n\r\n        <\/div>\r\n\r\n      <\/div>\r\n    <\/div>\r\n\r\n\r\n    <div class=\"col-sm-6 col-md-3\">\r\n      <div class=\"team_member teaser_box centered same_height_col \">\r\n        \r\n        <a href=\"https:\/\/timokivio.com\/staging\/profile\/tommi\/\" style=\"background-image: url('https:\/\/timokivio.com\/staging\/wp-content\/uploads\/2017\/06\/man-1022919_1920-1024x683.jpg')\" data-colorset=\"\" class=\"linkify figure stretchy_wrapper ratio_1-1\"><\/a>\r\n        \r\n        <div class=\"content boxed  with_button \">\r\n\r\n          <div class=\"hgroup\">\r\n            <h4>Tommi<\/h4>\r\n            \r\n          <\/div>\r\n\r\n          <div class=\"team_social\">\r\n          <\/div>\r\n\r\n          <div class=\"desc\">       \r\n            <p><\/p>\r\n          <\/div>\r\n\r\n          <div class=\"link\">\r\n            <a href=\"https:\/\/timokivio.com\/staging\/profile\/tommi\/\" data-colorset=\"\" class=\"linkify btn btn-xs btn-default\">Lue tarina<\/a>\r\n          <\/div>\r\n\r\n        <\/div>\r\n\r\n      <\/div>\r\n    <\/div>\r\n\r\n                 \r\n<\/div>[vc_empty_space]<div class=\"section_header subtitle_bottom   fancy text-center\">\r\n\r\n    \r\n\r\n        <p ><\/p>\r\n<\/div>[vc_row_inner][vc_column_inner width=&#8221;2\/3&#8243; offset=&#8221;vc_col-sm-offset-2&#8243;]<!-- ========================== TESTIMONIALS ==========================-->\r\n\r\n    <div class=\"testimonial testimonial-slider  \">\r\n      <ul class=\"slides\" id=\"56e7ea9d8b904\">\r\n          <li>\r\n\t\t\t   <p class=\"p1\"><span class=\"s1\">Jokaisen hoidon j\u00e4lkeen tunnustelen niit\u00e4 muutoksia jonkin aikaa, yrit\u00e4n k\u00e4sitt\u00e4\u00e4 mit\u00e4 tapahtui. En oikeastaan osaa selitt\u00e4\u00e4 mit\u00e4 konkreettisesti l\u00f6ysin tai opin, en tied\u00e4 mik\u00e4 on mun true essence, mutta tied\u00e4n tuntevani varmuutta, rauhaa, kiitollisuutta ja sellaista puhdasta ihmetyst\u00e4 joka tuo iloa. Ja usein aluksi hehkun jonkinlaista valoa.\u00a0<\/span><\/p>\r\n\t\t\t<div class=\"name\">\r\n\t          \t<strong>MIa<\/strong> \r\n\t          \t\r\n          \t<\/div>\r\n\r\n          <\/li>\r\n          <li>\r\n\t\t\t   Olen isosti kiitollinen ett\u00e4 l\u00f6ysin sinut! Olet eritt\u00e4in hyv\u00e4 ty\u00f6ss\u00e4si ja on aina hienoa seurata ihmisi\u00e4 ketk\u00e4 ovat hyvi\u00e4 siin\u00e4 mit\u00e4 tekev\u00e4t. Se on taidetta. Ja on tavallaan aika hassua ajatella ett\u00e4 kuinka iso merkitys avullasi on ollut el\u00e4m\u00e4ss\u00e4ni. Vaikka t\u00e4m\u00e4 on vasta alkua niin tied\u00e4n sisimm\u00e4ss\u00e4ni ett\u00e4 t\u00e4m\u00e4 on isoin k\u00e4\u00e4nnekohta ainakin t\u00e4ss\u00e4 el\u00e4m\u00e4ss\u00e4 ellei jopa ihan monien el\u00e4mien ajalta. Joten olen vilpitt\u00f6m\u00e4sti kiitollinen sinulle - kiitos &#x1f49c;!\r\n\t\t\t<div class=\"name\">\r\n\t          \t<strong>Pauliina<\/strong> \r\n\t          \t\r\n          \t<\/div>\r\n\r\n          <\/li>\r\n          <li>\r\n\t\t\t   Taas on oikein virke\u00e4 olo. Jonkinlaista puhdistumista t\u00e4ss\u00e4 nyt tapahtuu, joka on toivottua. Olen my\u00f6s nukkunut yll\u00e4tt\u00e4v\u00e4n hyvin.\r\n\t\t\t<div class=\"name\">\r\n\t          \t<strong>Anne<\/strong> \r\n\t          \t\r\n          \t<\/div>\r\n\r\n          <\/li>\r\n          <li>\r\n\t\t\t   Olemassaolo maistuu hyv\u00e4lle. Kasvain-juttu rinnassa on ollut el\u00e4m\u00e4ni pys\u00e4ytt\u00e4vimpi\u00e4 kokemuksia. Aina kun se tulee mieleen, niin tunnen kiitollisuutta siit\u00e4 ettei se ollut pahempaa ja ett\u00e4 t\u00e4ss\u00e4 kohtaa voin hengitt\u00e4\u00e4 ja iloita. Tuntuu t\u00e4rke\u00e4lt\u00e4, ett\u00e4 tehtiin n\u00e4m\u00e4 hoidot. Koko juttu on kasvattanut mua tosi paljon.\r\n\t\t\t<div class=\"name\">\r\n\t          \t<strong>Riitta<\/strong> \r\n\t          \t\r\n          \t<\/div>\r\n\r\n          <\/li>\r\n          <li>\r\n\t\t\t   Se yksityishoito todella tehosi, ihan mielet\u00f6nt\u00e4!\r\n\t\t\t<div class=\"name\">\r\n\t          \t<strong>Virpi<\/strong> \r\n\t          \t\r\n          \t<\/div>\r\n\r\n          <\/li>\r\n          <li>\r\n\t\t\t   Tuolta kun min\u00e4 nousin niin tuntui kuin olisin uudelleen her\u00e4nnyt t\u00e4h\u00e4n aamuun, lev\u00e4nneen\u00e4.\r\n\t\t\t<div class=\"name\">\r\n\t          \t<strong>Helena<\/strong> \r\n\t          \t\r\n          \t<\/div>\r\n\r\n          <\/li>\r\n      <\/ul>\r\n    <\/div>\r\n\r\n<!-- END======================= TESTIMONIALS ==========================-->[\/vc_column_inner][\/vc_row_inner][\/vc_column][\/vc_row]<\/p>\n<\/div>","protected":false},"excerpt":{"rendered":"<p>[vc_row align=&#8221;text-center&#8221; full_width=&#8221;0&#8243; full_height=&#8221;0&#8243; sep_bottom=&#8221;separator_bottom sep_angled_positive_bottom&#8221; particles=&#8221;0&#8243; css=&#8221;.vc_custom_1457517780479{padding-top: 96px !important;padding-bottom: 96px !important;}&#8221;][vc_column][vc_empty_space][vc_row_inner][vc_column_inner width=&#8221;2\/3&#8243; offset=&#8221;vc_col-sm-offset-2&#8243;][\/vc_column_inner][\/vc_row_inner][\/vc_column][\/vc_row]<\/p>\n","protected":false},"author":1,"featured_media":1345,"parent":0,"menu_order":0,"comment_status":"closed","ping_status":"closed","template":"","meta":{"footnotes":""},"class_list":["post-989","page","type-page","status-publish","has-post-thumbnail","hentry"],"yoast_head":"<!-- This site is optimized with the Yoast SEO plugin v24.2 - https:\/\/yoast.com\/wordpress\/plugins\/seo\/ -->\n<title>Menestystarinoita - timokivio.com<\/title>\n<meta name=\"robots\" content=\"index, follow, max-snippet:-1, max-image-preview:large, max-video-preview:-1\" \/>\n<link rel=\"canonical\" href=\"https:\/\/timokivio.com\/staging\/menestystarinoita\/\" \/>\n<script type=\"application\/ld+json\" class=\"yoast-schema-graph\">{\"@context\":\"https:\/\/schema.org\",\"@graph\":[{\"@type\":\"WebPage\",\"@id\":\"https:\/\/timokivio.com\/staging\/menestystarinoita\/\",\"url\":\"https:\/\/timokivio.com\/staging\/menestystarinoita\/\",\"name\":\"Menestystarinoita - timokivio.com\",\"isPartOf\":{\"@id\":\"https:\/\/timokivio.com\/staging\/#website\"},\"primaryImageOfPage\":{\"@id\":\"https:\/\/timokivio.com\/staging\/menestystarinoita\/#primaryimage\"},\"image\":{\"@id\":\"https:\/\/timokivio.com\/staging\/menestystarinoita\/#primaryimage\"},\"thumbnailUrl\":\"https:\/\/timokivio.com\/staging\/wp-content\/uploads\/2016\/02\/mountain-landscape-2031539_1920.jpg\",\"datePublished\":\"2016-02-19T09:26:15+00:00\",\"dateModified\":\"2017-06-20T18:03:50+00:00\",\"breadcrumb\":{\"@id\":\"https:\/\/timokivio.com\/staging\/menestystarinoita\/#breadcrumb\"},\"inLanguage\":\"fi\",\"potentialAction\":[{\"@type\":\"ReadAction\",\"target\":[\"https:\/\/timokivio.com\/staging\/menestystarinoita\/\"]}]},{\"@type\":\"ImageObject\",\"inLanguage\":\"fi\",\"@id\":\"https:\/\/timokivio.com\/staging\/menestystarinoita\/#primaryimage\",\"url\":\"https:\/\/timokivio.com\/staging\/wp-content\/uploads\/2016\/02\/mountain-landscape-2031539_1920.jpg\",\"contentUrl\":\"https:\/\/timokivio.com\/staging\/wp-content\/uploads\/2016\/02\/mountain-landscape-2031539_1920.jpg\",\"width\":1920,\"height\":1080},{\"@type\":\"BreadcrumbList\",\"@id\":\"https:\/\/timokivio.com\/staging\/menestystarinoita\/#breadcrumb\",\"itemListElement\":[{\"@type\":\"ListItem\",\"position\":1,\"name\":\"Home\",\"item\":\"https:\/\/timokivio.com\/staging\/\"},{\"@type\":\"ListItem\",\"position\":2,\"name\":\"Menestystarinoita\"}]},{\"@type\":\"WebSite\",\"@id\":\"https:\/\/timokivio.com\/staging\/#website\",\"url\":\"https:\/\/timokivio.com\/staging\/\",\"name\":\"timokivio.com\",\"description\":\"Blog\",\"potentialAction\":[{\"@type\":\"SearchAction\",\"target\":{\"@type\":\"EntryPoint\",\"urlTemplate\":\"https:\/\/timokivio.com\/staging\/?s={search_term_string}\"},\"query-input\":{\"@type\":\"PropertyValueSpecification\",\"valueRequired\":true,\"valueName\":\"search_term_string\"}}],\"inLanguage\":\"fi\"}]}<\/script>\n<!-- \/ Yoast SEO plugin. -->","yoast_head_json":{"title":"Menestystarinoita - timokivio.com","robots":{"index":"index","follow":"follow","max-snippet":"max-snippet:-1","max-image-preview":"max-image-preview:large","max-video-preview":"max-video-preview:-1"},"canonical":"https:\/\/timokivio.com\/staging\/menestystarinoita\/","schema":{"@context":"https:\/\/schema.org","@graph":[{"@type":"WebPage","@id":"https:\/\/timokivio.com\/staging\/menestystarinoita\/","url":"https:\/\/timokivio.com\/staging\/menestystarinoita\/","name":"Menestystarinoita - timokivio.com","isPartOf":{"@id":"https:\/\/timokivio.com\/staging\/#website"},"primaryImageOfPage":{"@id":"https:\/\/timokivio.com\/staging\/menestystarinoita\/#primaryimage"},"image":{"@id":"https:\/\/timokivio.com\/staging\/menestystarinoita\/#primaryimage"},"thumbnailUrl":"https:\/\/timokivio.com\/staging\/wp-content\/uploads\/2016\/02\/mountain-landscape-2031539_1920.jpg","datePublished":"2016-02-19T09:26:15+00:00","dateModified":"2017-06-20T18:03:50+00:00","breadcrumb":{"@id":"https:\/\/timokivio.com\/staging\/menestystarinoita\/#breadcrumb"},"inLanguage":"fi","potentialAction":[{"@type":"ReadAction","target":["https:\/\/timokivio.com\/staging\/menestystarinoita\/"]}]},{"@type":"ImageObject","inLanguage":"fi","@id":"https:\/\/timokivio.com\/staging\/menestystarinoita\/#primaryimage","url":"https:\/\/timokivio.com\/staging\/wp-content\/uploads\/2016\/02\/mountain-landscape-2031539_1920.jpg","contentUrl":"https:\/\/timokivio.com\/staging\/wp-content\/uploads\/2016\/02\/mountain-landscape-2031539_1920.jpg","width":1920,"height":1080},{"@type":"BreadcrumbList","@id":"https:\/\/timokivio.com\/staging\/menestystarinoita\/#breadcrumb","itemListElement":[{"@type":"ListItem","position":1,"name":"Home","item":"https:\/\/timokivio.com\/staging\/"},{"@type":"ListItem","position":2,"name":"Menestystarinoita"}]},{"@type":"WebSite","@id":"https:\/\/timokivio.com\/staging\/#website","url":"https:\/\/timokivio.com\/staging\/","name":"timokivio.com","description":"Blog","potentialAction":[{"@type":"SearchAction","target":{"@type":"EntryPoint","urlTemplate":"https:\/\/timokivio.com\/staging\/?s={search_term_string}"},"query-input":{"@type":"PropertyValueSpecification","valueRequired":true,"valueName":"search_term_string"}}],"inLanguage":"fi"}]}},"_links":{"self":[{"href":"https:\/\/timokivio.com\/staging\/wp-json\/wp\/v2\/pages\/989","targetHints":{"allow":["GET"]}}],"collection":[{"href":"https:\/\/timokivio.com\/staging\/wp-json\/wp\/v2\/pages"}],"about":[{"href":"https:\/\/timokivio.com\/staging\/wp-json\/wp\/v2\/types\/page"}],"author":[{"embeddable":true,"href":"https:\/\/timokivio.com\/staging\/wp-json\/wp\/v2\/users\/1"}],"replies":[{"embeddable":true,"href":"https:\/\/timokivio.com\/staging\/wp-json\/wp\/v2\/comments?post=989"}],"version-history":[{"count":9,"href":"https:\/\/timokivio.com\/staging\/wp-json\/wp\/v2\/pages\/989\/revisions"}],"predecessor-version":[{"id":991,"href":"https:\/\/timokivio.com\/staging\/wp-json\/wp\/v2\/pages\/989\/revisions\/991"}],"wp:featuredmedia":[{"embeddable":true,"href":"https:\/\/timokivio.com\/staging\/wp-json\/wp\/v2\/media\/1345"}],"wp:attachment":[{"href":"https:\/\/timokivio.com\/staging\/wp-json\/wp\/v2\/media?parent=989"}],"curies":[{"name":"wp","href":"https:\/\/api.w.org\/{rel}","templated":true}]}}