{"id":986,"date":"2016-02-19T09:25:55","date_gmt":"2016-02-19T09:25:55","guid":{"rendered":"http:\/\/timokivio.com\/staging\/fi\/work-with-me\/"},"modified":"2018-02-07T20:29:18","modified_gmt":"2018-02-07T18:29:18","slug":"palvelut","status":"publish","type":"page","link":"https:\/\/timokivio.com\/staging\/palvelut\/","title":{"rendered":"Palvelut"},"content":{"rendered":"<div class=\"wpb-content-wrapper\"><p>[vc_row full_width=&#8221;0&#8243; full_height=&#8221;0&#8243; row_padding=&#8221;no_padding&#8221; particles=&#8221;0&#8243; css=&#8221;.vc_custom_1457426772551{padding-top: 64px !important;}&#8221;][vc_column el_class=&#8221;col-md-push-6&#8243; margin=&#8221;margin_bottom_grid&#8221; offset=&#8221;vc_col-md-6&#8243;]<div class=\"pl_fixed_ratio_media  \">\r\n    <div class=\"stretchy_wrapper ratio_16-9   bg_vcenter\" style=\"background-image: url('https:\/\/timokivio.com\/staging\/wp-content\/uploads\/2016\/02\/woman-1807533_1920.jpg');\">\r\n      <img decoding=\"async\" alt=\"\" src=\"https:\/\/timokivio.com\/staging\/wp-content\/uploads\/2016\/02\/woman-1807533_1920.jpg\">\r\n    <\/div>\r\n\r\n<\/div>[\/vc_column][vc_column el_class=&#8221;col-md-pull-6&#8243; offset=&#8221;vc_col-md-6&#8243;]<div class=\"section_header subtitle_bottom   fancy text-left\">\r\n\r\n    <h3>Aihehoidot<\/h3>\n\r\n\r\n        <p >El\u00e4m\u00e4n tiukimpiin haasteisiin<\/p>\r\n<\/div>[vc_column_text]<strong><em>Aihehoidoilla\u00a0<\/em><\/strong>tarkoitetaan hoitoprosessia, jossa ensin kartoitetaan nykytilanne. Sen perusteella hoitokohteeksi valitaan jokin tietty asia, joka on merkitykselt\u00e4\u00e4n t\u00e4rke\u00e4 ja jonka vuoksi el\u00e4m\u00e4mme k\u00e4rsii ja on ep\u00e4tasapainossa.<\/p>\n<p>Hoidoissa k\u00e4ytet\u00e4\u00e4n p\u00e4\u00e4osin VortexHealing\u00ae energiahoitoon perustuvaa hoitoprotokollaa, jonka tarkoituksena on hoitaa, muuntaa ja vapauttaa asiaan liittyv\u00e4\u00e4\u00a0<em>ehdollistumaa<\/em>\u00a0sek\u00e4 siihen muodostunutta negatiivista identiteetti\u00e4mme niin, ett\u00e4 niiden tilalle j\u00e4\u00e4 aitoa tilaa, valoa, vapautta sek\u00e4 vapaasti virtaavaa energiaa. T\u00e4m\u00e4 auttaa\u00a0meit\u00e4 tekem\u00e4\u00e4n ratkaisuja, jotka perustuvat lis\u00e4\u00e4ntyneen vapauden tarjoamiin mahdollisuuksiin, sen sijaan, ett\u00e4 ne perustuisivat ehdollistuman sanelemiin rajoituksiin. T\u00e4m\u00e4 voi tarjota vankan pohjan haluamallemme el\u00e4m\u00e4nmuutokselle.<\/p>\n<p>&nbsp;<\/p>\n<p><em><strong>Ehdollistumalla<\/strong><\/em>\u00a0tarkoitetaan henkil\u00f6kohtaisen identiteettimme sek\u00e4 ongelmaksi koetun aiheen, kokemuksen tai el\u00e4m\u00e4ntilanteen ymp\u00e4rille kertynytt\u00e4 prosessoimatonta materiaalia, joka lis\u00e4\u00e4ntyess\u00e4\u00e4n ja aktivoituessaan voi tuottaa voimakkaita ja pitkittyvi\u00e4kin oireita, sairauksia ja ep\u00e4tasapainotiloja kehossa, mieless\u00e4, tunteissa ja muualla energiaj\u00e4rjestelm\u00e4ss\u00e4.<\/p>\n<p>Ehdollistuman vaikutukset voivat ilmenty\u00e4 my\u00f6s toistuvina negatiivisina tapahtumina tai teemoina p\u00e4ivitt\u00e4isess\u00e4 el\u00e4m\u00e4ss\u00e4, aiheuttaen reaktiivisuutta sek\u00e4 identiteettimme vahvistumista ja samaistumista kyseiseen ongelmaan. T\u00e4m\u00e4 voi edesauttaa kyseisen ongelman vahvistumista ja vaikeutumista sek\u00e4 heikent\u00e4\u00e4\u00a0arviointi- ja toimintakyky\u00e4mme.<\/p>\n<p>&nbsp;<\/p>\n<p><strong>Tarjoan korkeimman koulutustason VortexHealing\u00ae energiahoitoja ehdollistuman hoitamiseen, vapauttamiseen ja muuntamiseen niin, ett\u00e4 juuri p\u00e4invastainen, kuin mit\u00e4 ehdollistuma saa aikaan, tapahtuisi.<\/strong>[\/vc_column_text]<div class=\"plethora_button wpb_content_element   text-left \">\r\n    <a href=\"http:\/\/timokivio.com\/staging\/aihehoidot\" debug class=\" btn btn-primary  \" title=\"\"  target=\"_self\">\r\n\r\n        \r\n        Katso lis\u00e4\u00e4\r\n        \r\n\r\n    <\/a>\r\n<\/div>[\/vc_column][\/vc_row][vc_row full_width=&#8221;0&#8243; full_height=&#8221;0&#8243; row_padding=&#8221;no_padding&#8221; particles=&#8221;0&#8243; css=&#8221;.vc_custom_1457426772551{padding-top: 64px !important;}&#8221;][vc_column margin=&#8221;margin_bottom_grid&#8221; offset=&#8221;vc_col-md-6&#8243;]<div class=\"pl_fixed_ratio_media  \">\r\n    <div class=\"stretchy_wrapper ratio_16-9   bg_vcenter\" style=\"background-image: url('https:\/\/timokivio.com\/staging\/wp-content\/uploads\/2016\/02\/sunset-1989887_1920.jpg');\">\r\n      <img decoding=\"async\" alt=\"\" src=\"https:\/\/timokivio.com\/staging\/wp-content\/uploads\/2016\/02\/sunset-1989887_1920.jpg\">\r\n    <\/div>\r\n\r\n<\/div>[\/vc_column][vc_column offset=&#8221;vc_col-md-6&#8243;]<div class=\"section_header subtitle_bottom   fancy text-left\">\r\n\r\n    <h3>Musta aukko -ongelmat<\/h3>\n\r\n\r\n        <p >Kaikkien ongelmien \u00e4iti<\/p>\r\n<\/div>[vc_column_text]<\/p>\n<p class=\"p1\">Musta aukko -ongelma on useamman el\u00e4m\u00e4n aikana muodostunut, henkil\u00f6kohtaisen historiamme aikaansaama ydinongelma tai teema, joka hallitsee niin sis\u00e4ist\u00e4 kuin ulkoistakin el\u00e4m\u00e4\u00e4mme ja jonka hoitaminen voi olla ratkaisevassa asemassa sis\u00e4isen vapauden ja el\u00e4m\u00e4nmuutoksen aikaansaamiseksi.<\/p>\n<p>[\/vc_column_text]<div class=\"plethora_button wpb_content_element   text-left \">\r\n    <a href=\"http:\/\/timokivio.com\/staging\/musta-aukko-ongelman-hoitaminen\/\" debug class=\" btn btn-secondary  \" title=\"\"  target=\"_self\">\r\n\r\n        \r\n        Lue lis\u00e4\u00e4\r\n        \r\n\r\n    <\/a>\r\n<\/div>[\/vc_column][\/vc_row][vc_row full_width=&#8221;0&#8243; full_height=&#8221;0&#8243; row_padding=&#8221;no_padding&#8221; particles=&#8221;0&#8243; css=&#8221;.vc_custom_1457426772551{padding-top: 64px !important;}&#8221;][vc_column offset=&#8221;vc_col-md-6&#8243;]<div class=\"section_header subtitle_bottom   fancy text-left\">\r\n\r\n    <h3>Terveys ja jaksaminen<\/h3>\n\r\n\r\n        <p >Hyvinvointimme, pahoinvointimme ja ehdollistuma<\/p>\r\n<\/div>[vc_column_text]<\/p>\n<p class=\"p1\">Kehossamme esiintyv\u00e4t oireet pit\u00e4v\u00e4t sis\u00e4ll\u00e4\u00e4n \u00e4llistytt\u00e4v\u00e4n tarkkaa tietoa siit\u00e4, mik\u00e4 suhteemme itseemme on ja kuinka siin\u00e4 esiintyv\u00e4t ep\u00e4tasapainotilat heijastuvat my\u00f6s muuhun el\u00e4m\u00e4\u00e4mme. N\u00e4it\u00e4 oireita voidaan k\u00e4ytt\u00e4\u00e4 ymm\u00e4rt\u00e4m\u00e4\u00e4n itse\u00e4mme paremmin ja muokkamaan el\u00e4m\u00e4\u00e4mme niin, ett\u00e4 se n\u00e4ytt\u00e4\u00e4 enemm\u00e4n omalta itselt\u00e4mme.<\/p>\n<p>[\/vc_column_text]<div class=\"plethora_button wpb_content_element   text-left \">\r\n    <a href=\"http:\/\/timokivio.com\/staging\/terveys-ja-jaksaminen\/\" debug class=\" btn btn-secondary  \" title=\"\"  target=\"_self\">\r\n\r\n        \r\n        Lue lis\u00e4\u00e4\r\n        \r\n\r\n    <\/a>\r\n<\/div>[\/vc_column][vc_column margin=&#8221;margin_bottom_grid&#8221; offset=&#8221;vc_col-md-6&#8243;]<div class=\"pl_fixed_ratio_media  \">\r\n    <div class=\"stretchy_wrapper ratio_16-9   bg_vcenter\" style=\"background-image: url('https:\/\/timokivio.com\/staging\/wp-content\/uploads\/2016\/02\/nerivill1-1905261_1920.jpg');\">\r\n      <img decoding=\"async\" alt=\"\" src=\"https:\/\/timokivio.com\/staging\/wp-content\/uploads\/2016\/02\/nerivill1-1905261_1920.jpg\">\r\n    <\/div>\r\n\r\n<\/div>[\/vc_column][\/vc_row][vc_row full_width=&#8221;0&#8243; full_height=&#8221;0&#8243; row_padding=&#8221;no_bottom_padding&#8221; sep_bottom=&#8221;separator_bottom sep_angled_positive_bottom&#8221; particles=&#8221;0&#8243; css=&#8221;.vc_custom_1457427069834{padding-top: 64px !important;padding-bottom: 64px !important;}&#8221;][vc_column]<div class=\"section_header subtitle_bottom   vc_custom_1518028151096 fancy text-center\">\r\n\r\n    <h3>Voit aina soittaa, jos haluat lis\u00e4tietoja<\/h3>\n\r\n\r\n        <p >Puhelin \/ WhatsApp: 045-231 8155<\/p>\r\n<\/div>[\/vc_column][\/vc_row][vc_row full_width=&#8221;1&#8243; full_height=&#8221;0&#8243; row_padding=&#8221;no_padding&#8221; cols_valign=&#8221;vcenter&#8221; particles=&#8221;0&#8243;][vc_column width=&#8221;1\/2&#8243; background=&#8221;bgimage&#8221; bgimage=&#8221;277&#8243; same_height_col=&#8221;same_height_col&#8221;][\/vc_column][\/vc_row]<\/p>\n<\/div>","protected":false},"excerpt":{"rendered":"<p>[vc_row full_width=&#8221;0&#8243; full_height=&#8221;0&#8243; row_padding=&#8221;no_padding&#8221; particles=&#8221;0&#8243; css=&#8221;.vc_custom_1457426772551{padding-top: 64px !important;}&#8221;][vc_column el_class=&#8221;col-md-push-6&#8243; margin=&#8221;margin_bottom_grid&#8221; offset=&#8221;vc_col-md-6&#8243;][\/vc_column][vc_column el_class=&#8221;col-md-pull-6&#8243; offset=&#8221;vc_col-md-6&#8243;][vc_column_text]Aihehoidoilla\u00a0tarkoitetaan hoitoprosessia, jossa ensin kartoitetaan nykytilanne. Sen perusteella hoitokohteeksi valitaan jokin tietty asia, joka on merkitykselt\u00e4\u00e4n t\u00e4rke\u00e4 ja [&hellip;]<\/p>\n","protected":false},"author":1,"featured_media":1355,"parent":0,"menu_order":0,"comment_status":"closed","ping_status":"closed","template":"","meta":{"footnotes":""},"class_list":["post-986","page","type-page","status-publish","has-post-thumbnail","hentry"],"yoast_head":"<!-- This site is optimized with the Yoast SEO plugin v24.2 - https:\/\/yoast.com\/wordpress\/plugins\/seo\/ -->\n<title>Palvelut - timokivio.com<\/title>\n<meta name=\"robots\" content=\"index, follow, max-snippet:-1, max-image-preview:large, max-video-preview:-1\" \/>\n<link rel=\"canonical\" href=\"https:\/\/timokivio.com\/staging\/palvelut\/\" \/>\n<meta name=\"twitter:label1\" content=\"Arvioitu lukuaika\" \/>\n\t<meta name=\"twitter:data1\" content=\"3 minuuttia\" \/>\n<script type=\"application\/ld+json\" class=\"yoast-schema-graph\">{\"@context\":\"https:\/\/schema.org\",\"@graph\":[{\"@type\":\"WebPage\",\"@id\":\"https:\/\/timokivio.com\/staging\/palvelut\/\",\"url\":\"https:\/\/timokivio.com\/staging\/palvelut\/\",\"name\":\"Palvelut - timokivio.com\",\"isPartOf\":{\"@id\":\"https:\/\/timokivio.com\/staging\/#website\"},\"primaryImageOfPage\":{\"@id\":\"https:\/\/timokivio.com\/staging\/palvelut\/#primaryimage\"},\"image\":{\"@id\":\"https:\/\/timokivio.com\/staging\/palvelut\/#primaryimage\"},\"thumbnailUrl\":\"https:\/\/timokivio.com\/staging\/wp-content\/uploads\/2016\/02\/mood-1335737_1920.jpg\",\"datePublished\":\"2016-02-19T09:25:55+00:00\",\"dateModified\":\"2018-02-07T18:29:18+00:00\",\"breadcrumb\":{\"@id\":\"https:\/\/timokivio.com\/staging\/palvelut\/#breadcrumb\"},\"inLanguage\":\"fi\",\"potentialAction\":[{\"@type\":\"ReadAction\",\"target\":[\"https:\/\/timokivio.com\/staging\/palvelut\/\"]}]},{\"@type\":\"ImageObject\",\"inLanguage\":\"fi\",\"@id\":\"https:\/\/timokivio.com\/staging\/palvelut\/#primaryimage\",\"url\":\"https:\/\/timokivio.com\/staging\/wp-content\/uploads\/2016\/02\/mood-1335737_1920.jpg\",\"contentUrl\":\"https:\/\/timokivio.com\/staging\/wp-content\/uploads\/2016\/02\/mood-1335737_1920.jpg\",\"width\":1920,\"height\":1280},{\"@type\":\"BreadcrumbList\",\"@id\":\"https:\/\/timokivio.com\/staging\/palvelut\/#breadcrumb\",\"itemListElement\":[{\"@type\":\"ListItem\",\"position\":1,\"name\":\"Home\",\"item\":\"https:\/\/timokivio.com\/staging\/\"},{\"@type\":\"ListItem\",\"position\":2,\"name\":\"Palvelut\"}]},{\"@type\":\"WebSite\",\"@id\":\"https:\/\/timokivio.com\/staging\/#website\",\"url\":\"https:\/\/timokivio.com\/staging\/\",\"name\":\"timokivio.com\",\"description\":\"Blog\",\"potentialAction\":[{\"@type\":\"SearchAction\",\"target\":{\"@type\":\"EntryPoint\",\"urlTemplate\":\"https:\/\/timokivio.com\/staging\/?s={search_term_string}\"},\"query-input\":{\"@type\":\"PropertyValueSpecification\",\"valueRequired\":true,\"valueName\":\"search_term_string\"}}],\"inLanguage\":\"fi\"}]}<\/script>\n<!-- \/ Yoast SEO plugin. -->","yoast_head_json":{"title":"Palvelut - timokivio.com","robots":{"index":"index","follow":"follow","max-snippet":"max-snippet:-1","max-image-preview":"max-image-preview:large","max-video-preview":"max-video-preview:-1"},"canonical":"https:\/\/timokivio.com\/staging\/palvelut\/","twitter_misc":{"Arvioitu lukuaika":"3 minuuttia"},"schema":{"@context":"https:\/\/schema.org","@graph":[{"@type":"WebPage","@id":"https:\/\/timokivio.com\/staging\/palvelut\/","url":"https:\/\/timokivio.com\/staging\/palvelut\/","name":"Palvelut - timokivio.com","isPartOf":{"@id":"https:\/\/timokivio.com\/staging\/#website"},"primaryImageOfPage":{"@id":"https:\/\/timokivio.com\/staging\/palvelut\/#primaryimage"},"image":{"@id":"https:\/\/timokivio.com\/staging\/palvelut\/#primaryimage"},"thumbnailUrl":"https:\/\/timokivio.com\/staging\/wp-content\/uploads\/2016\/02\/mood-1335737_1920.jpg","datePublished":"2016-02-19T09:25:55+00:00","dateModified":"2018-02-07T18:29:18+00:00","breadcrumb":{"@id":"https:\/\/timokivio.com\/staging\/palvelut\/#breadcrumb"},"inLanguage":"fi","potentialAction":[{"@type":"ReadAction","target":["https:\/\/timokivio.com\/staging\/palvelut\/"]}]},{"@type":"ImageObject","inLanguage":"fi","@id":"https:\/\/timokivio.com\/staging\/palvelut\/#primaryimage","url":"https:\/\/timokivio.com\/staging\/wp-content\/uploads\/2016\/02\/mood-1335737_1920.jpg","contentUrl":"https:\/\/timokivio.com\/staging\/wp-content\/uploads\/2016\/02\/mood-1335737_1920.jpg","width":1920,"height":1280},{"@type":"BreadcrumbList","@id":"https:\/\/timokivio.com\/staging\/palvelut\/#breadcrumb","itemListElement":[{"@type":"ListItem","position":1,"name":"Home","item":"https:\/\/timokivio.com\/staging\/"},{"@type":"ListItem","position":2,"name":"Palvelut"}]},{"@type":"WebSite","@id":"https:\/\/timokivio.com\/staging\/#website","url":"https:\/\/timokivio.com\/staging\/","name":"timokivio.com","description":"Blog","potentialAction":[{"@type":"SearchAction","target":{"@type":"EntryPoint","urlTemplate":"https:\/\/timokivio.com\/staging\/?s={search_term_string}"},"query-input":{"@type":"PropertyValueSpecification","valueRequired":true,"valueName":"search_term_string"}}],"inLanguage":"fi"}]}},"_links":{"self":[{"href":"https:\/\/timokivio.com\/staging\/wp-json\/wp\/v2\/pages\/986","targetHints":{"allow":["GET"]}}],"collection":[{"href":"https:\/\/timokivio.com\/staging\/wp-json\/wp\/v2\/pages"}],"about":[{"href":"https:\/\/timokivio.com\/staging\/wp-json\/wp\/v2\/types\/page"}],"author":[{"embeddable":true,"href":"https:\/\/timokivio.com\/staging\/wp-json\/wp\/v2\/users\/1"}],"replies":[{"embeddable":true,"href":"https:\/\/timokivio.com\/staging\/wp-json\/wp\/v2\/comments?post=986"}],"version-history":[{"count":40,"href":"https:\/\/timokivio.com\/staging\/wp-json\/wp\/v2\/pages\/986\/revisions"}],"predecessor-version":[{"id":1800,"href":"https:\/\/timokivio.com\/staging\/wp-json\/wp\/v2\/pages\/986\/revisions\/1800"}],"wp:featuredmedia":[{"embeddable":true,"href":"https:\/\/timokivio.com\/staging\/wp-json\/wp\/v2\/media\/1355"}],"wp:attachment":[{"href":"https:\/\/timokivio.com\/staging\/wp-json\/wp\/v2\/media?parent=986"}],"curies":[{"name":"wp","href":"https:\/\/api.w.org\/{rel}","templated":true}]}}