{"id":983,"date":"2016-02-19T09:25:21","date_gmt":"2016-02-19T09:25:21","guid":{"rendered":"http:\/\/timokivio.com\/staging\/fi\/about\/"},"modified":"2020-01-02T12:16:42","modified_gmt":"2020-01-02T10:16:42","slug":"about","status":"publish","type":"page","link":"https:\/\/timokivio.com\/staging\/about\/","title":{"rendered":"About"},"content":{"rendered":"<div class=\"wpb-content-wrapper\"><p>[vc_row full_width=&#8221;0&#8243; full_height=&#8221;0&#8243; particles=&#8221;0&#8243; css=&#8221;.vc_custom_1457518050592{padding-top: 96px !important;}&#8221;][vc_column width=&#8221;2\/3&#8243;][vc_column_text]<\/p>\n<h3>Kun vapaus merkitsee eniten<\/h3>\n<p><em>Jokin meiss\u00e4 tiet\u00e4\u00e4 mik\u00e4 on oikein.\u00a0<\/em><\/p>\n<p>Vuosien saatossa olen oppinut huomaamaan, ett\u00e4 vapaus ja totuus merkitsev\u00e4t lopulta eniten. T\u00e4ll\u00e4 l\u00e4hestymistavalla on omat haastavuutensa, sill\u00e4 se ohjaa meid\u00e4t v\u00e4ist\u00e4m\u00e4tt\u00e4 my\u00f6s kipeiden asioiden \u00e4\u00e4relle.<\/p>\n<p>Teen energiahoitoja, joissa\u00a0keskitymme l\u00f6yt\u00e4m\u00e4\u00e4n sen, mik\u00e4 on vinksallaan, miten se on vinksallaan, sek\u00e4 muuntamaan ja hoitamaan t\u00e4t\u00e4 todellisuutta niin, ett\u00e4 kyseisen tilanteen negatiivinen vaikutus itseen ja el\u00e4m\u00e4\u00e4n v\u00e4henee.<\/p>\n<blockquote><p>Tavoitteena on luoda tilaa sille, mik\u00e4 oikeasti olemme. Aito\u00a0itsetuntemus toimii vankkana ja luotettavana pohjana koko el\u00e4m\u00e4llemme.<\/p><\/blockquote>\n<p>Hoidot ovat avoimia kaikille ja ne tehd\u00e4\u00e4n et\u00e4n\u00e4 (eli voit nauttia hoidoista kotoasi k\u00e4sin).<\/p>\n<p>Yleinen\u00a0hoitokokemus on se, ett\u00e4 ihmiset kokevat ymm\u00e4rt\u00e4v\u00e4ns\u00e4 sek\u00e4 itse\u00e4\u00e4n ja el\u00e4m\u00e4\u00e4ns\u00e4 paremmin ja ett\u00e4 he tuntevat lis\u00e4\u00e4ntynytt\u00e4 tilaa, vapautta, valoa ja energiaa siell\u00e4, miss\u00e4 he ennen tunsivat eniten oireilua.<\/p>\n<h3><\/h3>\n<p>[\/vc_column_text]<div class=\"plethora_button wpb_content_element   text-left btn_inline\">\r\n    <a href=\"http:\/\/timokivio.com\/staging\/profile\/timo-kivio\/\" debug class=\" btn btn-primary  \" title=\"\"  target=\"_self\">\r\n\r\n        \r\n        Kuka olen\r\n        \r\n\r\n    <\/a>\r\n<\/div><div class=\"plethora_button wpb_content_element   text-left btn_inline\">\r\n    <a href=\"http:\/\/timokivio.com\/staging\/palvelut\/\" debug class=\" btn btn-secondary  \" title=\"\"  target=\"_self\">\r\n\r\n        \r\n        Mit\u00e4 teen\r\n        \r\n\r\n    <\/a>\r\n<\/div>[\/vc_column][vc_column width=&#8221;1\/3&#8243;]<div class=\"team_members_grid row\">\r\n\r\n\r\n    <div class=\"col-sm-12 col-md-12\">\r\n      <div class=\"team_member teaser_box centered same_height_col secondary_section\">\r\n        \r\n        <a href=\"https:\/\/timokivio.com\/staging\/profile\/timo-kivio\/\" style=\"background-image: url('https:\/\/timokivio.com\/staging\/wp-content\/uploads\/2012\/06\/A812352-1024x683.jpg')\" data-colorset=\"secondary_section\" class=\"linkify figure stretchy_wrapper ratio_1-1\"><\/a>\r\n        \r\n        <div class=\"content boxed  with_button \">\r\n\r\n          <div class=\"hgroup\">\r\n            <h4>Timo Kivi\u00f6<\/h4>\r\n             <p>Energiahoitaja<\/p> \r\n          <\/div>\r\n\r\n          <div class=\"team_social\">\r\n            <a href=\"mailto:timo.kivio@gmail.com\"><i class=\"fa fa fa-envelope\"><\/i><\/a>\r\n          <\/div>\r\n\r\n          <div class=\"desc\">       \r\n            <p><\/p>\r\n          <\/div>\r\n\r\n          <div class=\"link\">\r\n            <a href=\"https:\/\/timokivio.com\/staging\/profile\/timo-kivio\/\" data-colorset=\"secondary_section\" class=\"linkify btn btn-xs btn-default\">More<\/a>\r\n          <\/div>\r\n\r\n        <\/div>\r\n\r\n      <\/div>\r\n    <\/div>\r\n\r\n                 \r\n<\/div>[\/vc_column][\/vc_row][vc_row color_set=&#8221;secondary_section&#8221; full_width=&#8221;0&#8243; full_height=&#8221;0&#8243; particles=&#8221;0&#8243;][vc_column width=&#8221;1\/6&#8243;]<div class=\"section_header subtitle_bottom   fancy text-center\">\r\n\r\n    \r\n\r\n        <p ><\/p>\r\n<\/div>[\/vc_column][vc_column width=&#8221;2\/3&#8243;]<div class=\"section_header subtitle_bottom   fancy text-center\">\r\n\r\n    <h2>Ota yhteytt\u00e4!<\/h2>\n\r\n\r\n        <p >Tarjoan uusille asiakkaille ilmaisen 15 minuutin puhelinkonsultaation voidaksemme katsoa tilannettasi tarkemmin ja m\u00e4\u00e4ritell\u00e4, mink\u00e4laista hy\u00f6ty\u00e4 hoidoista voisi olla.<\/p>\r\n<\/div><div class=\"plethora_button wpb_content_element   text-center \">\r\n    <a href=\"#\" debug class=\" btn btn-info  \" title=\"\"  target=\"_self\">\r\n\r\n        \r\n        Soita 045-231 8155\r\n        \r\n\r\n    <\/a>\r\n<\/div>[\/vc_column][vc_column width=&#8221;1\/6&#8243;][\/vc_column][\/vc_row]<\/p>\n<\/div>","protected":false},"excerpt":{"rendered":"<p>[vc_row full_width=&#8221;0&#8243; full_height=&#8221;0&#8243; particles=&#8221;0&#8243; css=&#8221;.vc_custom_1457518050592{padding-top: 96px !important;}&#8221;][vc_column width=&#8221;2\/3&#8243;][vc_column_text] Kun vapaus merkitsee eniten Jokin meiss\u00e4 tiet\u00e4\u00e4 mik\u00e4 on oikein.\u00a0 Vuosien saatossa olen oppinut huomaamaan, ett\u00e4 vapaus ja totuus merkitsev\u00e4t lopulta eniten. [&hellip;]<\/p>\n","protected":false},"author":1,"featured_media":1345,"parent":0,"menu_order":0,"comment_status":"closed","ping_status":"closed","template":"","meta":{"footnotes":""},"class_list":["post-983","page","type-page","status-publish","has-post-thumbnail","hentry"],"yoast_head":"<!-- This site is optimized with the Yoast SEO plugin v24.2 - https:\/\/yoast.com\/wordpress\/plugins\/seo\/ -->\n<title>About - timokivio.com<\/title>\n<meta name=\"robots\" content=\"index, follow, max-snippet:-1, max-image-preview:large, max-video-preview:-1\" \/>\n<link rel=\"canonical\" href=\"https:\/\/timokivio.com\/staging\/about\/\" \/>\n<meta name=\"twitter:label1\" content=\"Arvioitu lukuaika\" \/>\n\t<meta name=\"twitter:data1\" content=\"2 minuuttia\" \/>\n<script type=\"application\/ld+json\" class=\"yoast-schema-graph\">{\"@context\":\"https:\/\/schema.org\",\"@graph\":[{\"@type\":\"WebPage\",\"@id\":\"https:\/\/timokivio.com\/staging\/about\/\",\"url\":\"https:\/\/timokivio.com\/staging\/about\/\",\"name\":\"About - timokivio.com\",\"isPartOf\":{\"@id\":\"https:\/\/timokivio.com\/staging\/#website\"},\"primaryImageOfPage\":{\"@id\":\"https:\/\/timokivio.com\/staging\/about\/#primaryimage\"},\"image\":{\"@id\":\"https:\/\/timokivio.com\/staging\/about\/#primaryimage\"},\"thumbnailUrl\":\"https:\/\/timokivio.com\/staging\/wp-content\/uploads\/2016\/02\/mountain-landscape-2031539_1920.jpg\",\"datePublished\":\"2016-02-19T09:25:21+00:00\",\"dateModified\":\"2020-01-02T10:16:42+00:00\",\"breadcrumb\":{\"@id\":\"https:\/\/timokivio.com\/staging\/about\/#breadcrumb\"},\"inLanguage\":\"fi\",\"potentialAction\":[{\"@type\":\"ReadAction\",\"target\":[\"https:\/\/timokivio.com\/staging\/about\/\"]}]},{\"@type\":\"ImageObject\",\"inLanguage\":\"fi\",\"@id\":\"https:\/\/timokivio.com\/staging\/about\/#primaryimage\",\"url\":\"https:\/\/timokivio.com\/staging\/wp-content\/uploads\/2016\/02\/mountain-landscape-2031539_1920.jpg\",\"contentUrl\":\"https:\/\/timokivio.com\/staging\/wp-content\/uploads\/2016\/02\/mountain-landscape-2031539_1920.jpg\",\"width\":1920,\"height\":1080},{\"@type\":\"BreadcrumbList\",\"@id\":\"https:\/\/timokivio.com\/staging\/about\/#breadcrumb\",\"itemListElement\":[{\"@type\":\"ListItem\",\"position\":1,\"name\":\"Home\",\"item\":\"https:\/\/timokivio.com\/staging\/\"},{\"@type\":\"ListItem\",\"position\":2,\"name\":\"About\"}]},{\"@type\":\"WebSite\",\"@id\":\"https:\/\/timokivio.com\/staging\/#website\",\"url\":\"https:\/\/timokivio.com\/staging\/\",\"name\":\"timokivio.com\",\"description\":\"Blog\",\"potentialAction\":[{\"@type\":\"SearchAction\",\"target\":{\"@type\":\"EntryPoint\",\"urlTemplate\":\"https:\/\/timokivio.com\/staging\/?s={search_term_string}\"},\"query-input\":{\"@type\":\"PropertyValueSpecification\",\"valueRequired\":true,\"valueName\":\"search_term_string\"}}],\"inLanguage\":\"fi\"}]}<\/script>\n<!-- \/ Yoast SEO plugin. -->","yoast_head_json":{"title":"About - timokivio.com","robots":{"index":"index","follow":"follow","max-snippet":"max-snippet:-1","max-image-preview":"max-image-preview:large","max-video-preview":"max-video-preview:-1"},"canonical":"https:\/\/timokivio.com\/staging\/about\/","twitter_misc":{"Arvioitu lukuaika":"2 minuuttia"},"schema":{"@context":"https:\/\/schema.org","@graph":[{"@type":"WebPage","@id":"https:\/\/timokivio.com\/staging\/about\/","url":"https:\/\/timokivio.com\/staging\/about\/","name":"About - timokivio.com","isPartOf":{"@id":"https:\/\/timokivio.com\/staging\/#website"},"primaryImageOfPage":{"@id":"https:\/\/timokivio.com\/staging\/about\/#primaryimage"},"image":{"@id":"https:\/\/timokivio.com\/staging\/about\/#primaryimage"},"thumbnailUrl":"https:\/\/timokivio.com\/staging\/wp-content\/uploads\/2016\/02\/mountain-landscape-2031539_1920.jpg","datePublished":"2016-02-19T09:25:21+00:00","dateModified":"2020-01-02T10:16:42+00:00","breadcrumb":{"@id":"https:\/\/timokivio.com\/staging\/about\/#breadcrumb"},"inLanguage":"fi","potentialAction":[{"@type":"ReadAction","target":["https:\/\/timokivio.com\/staging\/about\/"]}]},{"@type":"ImageObject","inLanguage":"fi","@id":"https:\/\/timokivio.com\/staging\/about\/#primaryimage","url":"https:\/\/timokivio.com\/staging\/wp-content\/uploads\/2016\/02\/mountain-landscape-2031539_1920.jpg","contentUrl":"https:\/\/timokivio.com\/staging\/wp-content\/uploads\/2016\/02\/mountain-landscape-2031539_1920.jpg","width":1920,"height":1080},{"@type":"BreadcrumbList","@id":"https:\/\/timokivio.com\/staging\/about\/#breadcrumb","itemListElement":[{"@type":"ListItem","position":1,"name":"Home","item":"https:\/\/timokivio.com\/staging\/"},{"@type":"ListItem","position":2,"name":"About"}]},{"@type":"WebSite","@id":"https:\/\/timokivio.com\/staging\/#website","url":"https:\/\/timokivio.com\/staging\/","name":"timokivio.com","description":"Blog","potentialAction":[{"@type":"SearchAction","target":{"@type":"EntryPoint","urlTemplate":"https:\/\/timokivio.com\/staging\/?s={search_term_string}"},"query-input":{"@type":"PropertyValueSpecification","valueRequired":true,"valueName":"search_term_string"}}],"inLanguage":"fi"}]}},"_links":{"self":[{"href":"https:\/\/timokivio.com\/staging\/wp-json\/wp\/v2\/pages\/983","targetHints":{"allow":["GET"]}}],"collection":[{"href":"https:\/\/timokivio.com\/staging\/wp-json\/wp\/v2\/pages"}],"about":[{"href":"https:\/\/timokivio.com\/staging\/wp-json\/wp\/v2\/types\/page"}],"author":[{"embeddable":true,"href":"https:\/\/timokivio.com\/staging\/wp-json\/wp\/v2\/users\/1"}],"replies":[{"embeddable":true,"href":"https:\/\/timokivio.com\/staging\/wp-json\/wp\/v2\/comments?post=983"}],"version-history":[{"count":13,"href":"https:\/\/timokivio.com\/staging\/wp-json\/wp\/v2\/pages\/983\/revisions"}],"predecessor-version":[{"id":1908,"href":"https:\/\/timokivio.com\/staging\/wp-json\/wp\/v2\/pages\/983\/revisions\/1908"}],"wp:featuredmedia":[{"embeddable":true,"href":"https:\/\/timokivio.com\/staging\/wp-json\/wp\/v2\/media\/1345"}],"wp:attachment":[{"href":"https:\/\/timokivio.com\/staging\/wp-json\/wp\/v2\/media?parent=983"}],"curies":[{"name":"wp","href":"https:\/\/api.w.org\/{rel}","templated":true}]}}