{"id":978,"date":"2016-02-19T09:24:59","date_gmt":"2016-02-19T09:24:59","guid":{"rendered":"http:\/\/timokivio.com\/staging\/fi\/home\/"},"modified":"2020-01-01T20:51:06","modified_gmt":"2020-01-01T18:51:06","slug":"home","status":"publish","type":"page","link":"https:\/\/timokivio.com\/staging\/","title":{"rendered":"Etusivu"},"content":{"rendered":"<div class=\"wpb-content-wrapper\"><p>[vc_row full_width=&#8221;0&#8243; full_height=&#8221;0&#8243; row_padding=&#8221;no_padding&#8221; cols_padding=&#8221;no_cols_padding&#8221; elevate=&#8221;elevate&#8221; background=&#8221;transparent&#8221; el_class=&#8221;folded_section&#8221;][vc_column width=&#8221;1\/4&#8243; color_set=&#8221;skincolored_section&#8221; background=&#8221;transparent&#8221; offset=&#8221;vc_col-xs-6&#8243;]<!-- ========================== TEASER BOX ==========================-->\r\n<div class=\"teaser_box wpb_content_element text-center  transparent boxed same_height_col  with_button    \">\r\n\r\n  <div class=\"figure transparent\">\r\n\r\n\r\n      <a href=\"http:\/\/timokivio.com\/staging\/palvelut\/\" debug title=\"\" target=\"\"> \r\n\r\n        \r\n        \r\n        \r\n         <img decoding=\"async\" src=\"https:\/\/timokivio.com\/staging\/wp-content\/uploads\/2016\/02\/yoga-1.png\" alt=\"Aihehoidot\">   \r\n\r\n        \r\n\r\n    <\/a>\r\n\r\n  <\/div>\r\n\r\n\r\n\r\n  <div class=\"content text-center   with_button \">\r\n    \r\n    <div class=\"hgroup\">\r\n       <h4 class=\"neutralize_links\">\r\n        <a href=\"http:\/\/timokivio.com\/staging\/palvelut\/\"  target=\"\">\r\n       Aihehoidot\r\n        <\/a>\r\n       <\/h4>\r\n       <p>El\u00e4m\u00e4n eri haasteisiin<\/p> \r\n    <\/div>\r\n\r\n    \r\n\r\n    <div class=\"link centered\">\r\n        <a href=\"http:\/\/timokivio.com\/staging\/palvelut\/\"  target=\"\" class=\"btn btn-xs btn-secondary\"><strong>More<\/strong><\/a>\r\n    <\/div>\r\n\r\n  <\/div>\r\n\r\n<\/div>\r\n\r\n<!-- END======================= TEASER BOX ==========================-->[\/vc_column][vc_column width=&#8221;1\/4&#8243; color_set=&#8221;dark_section&#8221; background=&#8221;transparent&#8221; offset=&#8221;vc_col-xs-6&#8243;]<!-- ========================== TEASER BOX ==========================-->\r\n<div class=\"teaser_box wpb_content_element text-center  transparent boxed same_height_col  with_button    \">\r\n\r\n  <div class=\"figure transparent\">\r\n\r\n\r\n      <a href=\"http:\/\/timokivio.com\/staging\/terveys-ja-jaksaminen\/\" debug title=\"\" target=\"\"> \r\n\r\n        \r\n        \r\n        \r\n         <img decoding=\"async\" src=\"https:\/\/timokivio.com\/staging\/wp-content\/uploads\/2016\/02\/heart-watch.png\" alt=\"Terveys ja jaksaminen\">   \r\n\r\n        \r\n\r\n    <\/a>\r\n\r\n  <\/div>\r\n\r\n\r\n\r\n  <div class=\"content text-center   with_button \">\r\n    \r\n    <div class=\"hgroup\">\r\n       <h4 class=\"neutralize_links\">\r\n        <a href=\"http:\/\/timokivio.com\/staging\/terveys-ja-jaksaminen\/\"  target=\"\">\r\n       Terveys ja jaksaminen\r\n        <\/a>\r\n       <\/h4>\r\n       <p>Hyvinvointiasi varten<\/p> \r\n    <\/div>\r\n\r\n    \r\n\r\n    <div class=\"link centered\">\r\n        <a href=\"http:\/\/timokivio.com\/staging\/terveys-ja-jaksaminen\/\"  target=\"\" class=\"btn btn-xs btn-secondary\"><strong>More<\/strong><\/a>\r\n    <\/div>\r\n\r\n  <\/div>\r\n\r\n<\/div>\r\n\r\n<!-- END======================= TEASER BOX ==========================-->[\/vc_column][vc_column width=&#8221;1\/4&#8243; color_set=&#8221;skincolored_section&#8221; background=&#8221;transparent&#8221; offset=&#8221;vc_col-xs-6&#8243;]<!-- ========================== TEASER BOX ==========================-->\r\n<div class=\"teaser_box wpb_content_element text-center  transparent boxed same_height_col  with_button    \">\r\n\r\n  <div class=\"figure transparent\">\r\n\r\n\r\n      <a href=\"http:\/\/timokivio.com\/staging\/musta-aukko-ongelman-hoitaminen\/\" debug title=\"\" target=\"\"> \r\n\r\n        \r\n        \r\n        \r\n         <img decoding=\"async\" src=\"https:\/\/timokivio.com\/staging\/wp-content\/uploads\/2016\/02\/mountain-tops.png\" alt=\"Musta aukko -hoidot\">   \r\n\r\n        \r\n\r\n    <\/a>\r\n\r\n  <\/div>\r\n\r\n\r\n\r\n  <div class=\"content text-center   with_button \">\r\n    \r\n    <div class=\"hgroup\">\r\n       <h4 class=\"neutralize_links\">\r\n        <a href=\"http:\/\/timokivio.com\/staging\/musta-aukko-ongelman-hoitaminen\/\"  target=\"\">\r\n       Musta aukko -hoidot\r\n        <\/a>\r\n       <\/h4>\r\n       <p>Kaikkien ongelmien \u00e4iti<\/p> \r\n    <\/div>\r\n\r\n    \r\n\r\n    <div class=\"link centered\">\r\n        <a href=\"http:\/\/timokivio.com\/staging\/musta-aukko-ongelman-hoitaminen\/\"  target=\"\" class=\"btn btn-xs btn-secondary\"><strong>More<\/strong><\/a>\r\n    <\/div>\r\n\r\n  <\/div>\r\n\r\n<\/div>\r\n\r\n<!-- END======================= TEASER BOX ==========================-->[\/vc_column][vc_column width=&#8221;1\/4&#8243; color_set=&#8221;dark_section&#8221; offset=&#8221;vc_col-xs-6&#8243;]<!-- ========================== TEASER BOX ==========================-->\r\n<div class=\"teaser_box wpb_content_element text-center  transparent boxed same_height_col  with_button    \">\r\n\r\n  <div class=\"figure transparent\">\r\n\r\n\r\n      <a href=\"http:\/\/timokivio.com\/staging\/yhteystiedot\/\" debug title=\"\" target=\"\"> \r\n\r\n        \r\n        \r\n        \r\n         <img decoding=\"async\" src=\"https:\/\/timokivio.com\/staging\/wp-content\/uploads\/2016\/02\/calendar.png\" alt=\"Ota yhteytt\u00e4\">   \r\n\r\n        \r\n\r\n    <\/a>\r\n\r\n  <\/div>\r\n\r\n\r\n\r\n  <div class=\"content text-center   with_button \">\r\n    \r\n    <div class=\"hgroup\">\r\n       <h4 class=\"neutralize_links\">\r\n        <a href=\"http:\/\/timokivio.com\/staging\/yhteystiedot\/\"  target=\"\">\r\n       Ota yhteytt\u00e4\r\n        <\/a>\r\n       <\/h4>\r\n       <p>Soita, meilaa tai l\u00e4het\u00e4 viesti<\/p> \r\n    <\/div>\r\n\r\n    \r\n\r\n    <div class=\"link centered\">\r\n        <a href=\"http:\/\/timokivio.com\/staging\/yhteystiedot\/\"  target=\"\" class=\"btn btn-xs btn-secondary\"><strong>More<\/strong><\/a>\r\n    <\/div>\r\n\r\n  <\/div>\r\n\r\n<\/div>\r\n\r\n<!-- END======================= TEASER BOX ==========================-->[\/vc_column][\/vc_row][vc_row full_width=&#8221;0&#8243; full_height=&#8221;0&#8243; row_padding=&#8221;no_top_padding&#8221; sep_bottom=&#8221;separator_bottom sep_angled_positive_bottom&#8221; particles=&#8221;0&#8243;][vc_column]<div class=\"section_header subtitle_bottom   fancy text-left\">\r\n\r\n    <h1>Tehd\u00e4\u00e4n tilaa Ykseydelle<\/h1>\n\r\n\r\n        <p >Eheytt\u00e4v\u00e4t ja vapauttavat VortexHealing\u00ae energiahoidot muuttumisprosessin tueksi<\/p>\r\n<\/div>[\/vc_column][vc_column heading_align=&#8221;text-center&#8221; align=&#8221;text-left&#8221; margin=&#8221;margin_bottom_grid&#8221; offset=&#8221;vc_col-md-8&#8243;][vc_column_text]Tied\u00e4mme, ett\u00e4 el\u00e4m\u00e4ss\u00e4mme on asioita, jotka meid\u00e4n olisi hyv\u00e4 hoitaa kuntoon.<\/p>\n<p>Mutta tied\u00e4mme, ett\u00e4 on my\u00f6skin olemassa asioita, jotka\u00a0meid\u00e4n<em> on lopulta pakko <\/em>hoitaa kuntoon.<\/p>\n<p>T\u00e4m\u00e4 &#8216;pakonomaisuus&#8217; nousee syv\u00e4lt\u00e4 sisimm\u00e4st\u00e4mme\u00a0\u2013 selke\u00e4n\u00e4 tiet\u00e4misen\u00e4, josta hehkuu t\u00e4rkeys, ajankohtaisuus ja jopa tietynlainen j\u00e4nnitys \u2013 tehden selv\u00e4ksi, ett\u00e4 meid\u00e4n on otettava tiettyj\u00e4 askeleita tai kuljettava tiettyyn suuntaan, jos haluamme tuntea ja ilmaista itse\u00e4mme paremmin ja totuudenmukaisemmin, tuoda selkeit\u00e4 ratkaisuja el\u00e4m\u00e4mme kipukohtiin sek\u00e4 saavuttaaksemme selke\u00e4mm\u00e4n, rauhallisemman ja tasapainoisemman suhteen itsemme kanssa.[\/vc_column_text][vc_text_separator title=&#8221;Aito itsetuntemus on kaiken a ja o&#8221; title_align=&#8221;separator_align_left&#8221; align=&#8221;align_right&#8221; color=&#8221;black&#8221;][vc_column_text]Todelliset l\u00e4pimurrot ovat usein seurausta pitk\u00e4st\u00e4, intensiivisest\u00e4 ja jopa armottomasta prosessoinnista, itsetutkiskelusta ja hoitoty\u00f6st\u00e4 sek\u00e4 niiden huolellisesta integroimisesta arkiel\u00e4m\u00e4\u00e4mme. Joskus t\u00e4m\u00e4 prosessi vaatii sen, ett\u00e4 kaikki yksityiskohdat otetaan huomioon ennen kuin palaset loksahtavat oikeille paikoilleen.<\/p>\n<p>Joskus t\u00e4m\u00e4 prosessi voi olla eritt\u00e4in haastava.<\/p>\n<p>Tarjoan korkeimman koulutustason (Manifesting Intention) <a href=\"http:\/\/www.vortexhealing.com\">VortexHealing<\/a>\u00ae energiahoitoja itsetuntemis- ja\u00a0muuttumisprosessimme syvent\u00e4miseksi, selkeytt\u00e4miseksi, nopeuttamiseksi ja tehostamiseksi.[\/vc_column_text]<div class=\"plethora_button wpb_content_element   text-left \">\r\n    <a href=\"http:\/\/timokivio.com\/staging\/palvelut\/\" debug class=\" btn btn-secondary  \" title=\"\"  target=\"_self\">\r\n\r\n        \r\n        Katso lis\u00e4\u00e4\r\n        \r\n\r\n    <\/a>\r\n<\/div>[\/vc_column][vc_column width=&#8221;1\/2&#8243; align=&#8221;text-left&#8221; offset=&#8221;vc_col-md-4&#8243;]<!-- ========================== TEASER BOX ==========================-->\r\n<div class=\"teaser_box wpb_content_element text-center  skincolored_section    with_button    \">\r\n\r\n  <div class=\"figure \">\r\n\r\n\r\n      <a href=\"http:\/\/timokivio.com\/staging\/usein-kysyttyja-kysymyksia\/\" debug title=\"\" target=\"\"> \r\n\r\n        \r\n         <div class=\"figure  stretchy_wrapper ratio_16-9\" style=\"background-image:url('https:\/\/timokivio.com\/staging\/wp-content\/uploads\/2016\/02\/rice-1807554_1920.jpg')\"><\/div> \r\n        \r\n          \r\n\r\n        \r\n\r\n    <\/a>\r\n\r\n  <\/div>\r\n\r\n\r\n\r\n  <div class=\"content text-center boxed  with_button \">\r\n    \r\n    <div class=\"hgroup\">\r\n       <h4 class=\"neutralize_links\">\r\n        <a href=\"http:\/\/timokivio.com\/staging\/usein-kysyttyja-kysymyksia\/\"  target=\"\">\r\n       Mik\u00e4 on energiahoitaja?\r\n        <\/a>\r\n       <\/h4>\r\n       <p>.. .ja muut usein kysytyt kysymykset<\/p> \r\n    <\/div>\r\n\r\n    \r\n\r\n    <div class=\"link centered\">\r\n        <a href=\"http:\/\/timokivio.com\/staging\/usein-kysyttyja-kysymyksia\/\"  target=\"\" class=\"btn btn-xs btn-secondary\"><strong>More<\/strong><\/a>\r\n    <\/div>\r\n\r\n  <\/div>\r\n\r\n<\/div>\r\n\r\n<!-- END======================= TEASER BOX ==========================-->[\/vc_column][\/vc_row][vc_row color_set=&#8221;secondary_section&#8221; full_width=&#8221;0&#8243; full_height=&#8221;0&#8243; particles=&#8221;0&#8243;][vc_column heading_align=&#8221;text-center&#8221; align=&#8221;text-left&#8221; margin=&#8221;margin_bottom_grid&#8221; offset=&#8221;vc_col-lg-8&#8243;]<div class=\"section_header subtitle_bottom   fancy text-left\">\r\n\r\n    <h2>El\u00e4m\u00e4mme haasteet saavat voimakasta tukea ehdollistumalta<\/h2>\n\r\n\r\n        <p >Sill\u00e4 on suuri vaikutus min\u00e4-kuvaamme, el\u00e4m\u00e4nlaatuumme sek\u00e4 yleiseen hyvinvointiimme <\/p>\r\n<\/div>[vc_row_inner][vc_column_inner width=&#8221;1\/3&#8243;]<!-- ========================== TEASER BOX ==========================-->\r\n<div class=\"teaser_box wpb_content_element text-center  transparent    with_button    \">\r\n\r\n  <div class=\"figure transparent\">\r\n\r\n\r\n      <a href=\"http:\/\/timokivio.com\/staging\/palvelut\/\" debug title=\"\" target=\"\"> \r\n\r\n        \r\n         <div class=\"figure transparent stretchy_wrapper ratio_4-3\" style=\"background-image:url('https:\/\/timokivio.com\/staging\/wp-content\/uploads\/2016\/02\/woman-1807533_1920.jpg')\"><\/div> \r\n        \r\n          \r\n\r\n        \r\n\r\n    <\/a>\r\n\r\n  <\/div>\r\n\r\n\r\n\r\n  <div class=\"content text-center boxed_special  with_button \">\r\n    \r\n    <div class=\"hgroup\">\r\n       <h4 class=\"neutralize_links\">\r\n        <a href=\"http:\/\/timokivio.com\/staging\/palvelut\/\"  target=\"\">\r\n       Aihehoidot\r\n        <\/a>\r\n       <\/h4>\r\n       <p>El\u00e4m\u00e4n eri haasteisiin<\/p> \r\n    <\/div>\r\n\r\n    \r\n\r\n    <div class=\"link centered\">\r\n        <a href=\"http:\/\/timokivio.com\/staging\/palvelut\/\"  target=\"\" class=\"btn btn-xs btn-primary\"><strong>More<\/strong><\/a>\r\n    <\/div>\r\n\r\n  <\/div>\r\n\r\n<\/div>\r\n\r\n<!-- END======================= TEASER BOX ==========================-->[\/vc_column_inner][vc_column_inner width=&#8221;1\/3&#8243;]<!-- ========================== TEASER BOX ==========================-->\r\n<div class=\"teaser_box wpb_content_element text-center  transparent    with_button    \">\r\n\r\n  <div class=\"figure transparent\">\r\n\r\n\r\n      <a href=\"http:\/\/timokivio.com\/staging\/terveys-ja-jaksaminen\/\" debug title=\"\" target=\"\"> \r\n\r\n        \r\n         <div class=\"figure transparent stretchy_wrapper ratio_4-3\" style=\"background-image:url('https:\/\/timokivio.com\/staging\/wp-content\/uploads\/2016\/02\/nerivill1-1905261_1920.jpg')\"><\/div> \r\n        \r\n          \r\n\r\n        \r\n\r\n    <\/a>\r\n\r\n  <\/div>\r\n\r\n\r\n\r\n  <div class=\"content text-center boxed_special  with_button \">\r\n    \r\n    <div class=\"hgroup\">\r\n       <h4 class=\"neutralize_links\">\r\n        <a href=\"http:\/\/timokivio.com\/staging\/terveys-ja-jaksaminen\/\"  target=\"\">\r\n       Terveys ja jaksaminen\r\n        <\/a>\r\n       <\/h4>\r\n       <p>Hyvinvointiasi varten<\/p> \r\n    <\/div>\r\n\r\n    \r\n\r\n    <div class=\"link centered\">\r\n        <a href=\"http:\/\/timokivio.com\/staging\/terveys-ja-jaksaminen\/\"  target=\"\" class=\"btn btn-xs btn-primary\"><strong>More<\/strong><\/a>\r\n    <\/div>\r\n\r\n  <\/div>\r\n\r\n<\/div>\r\n\r\n<!-- END======================= TEASER BOX ==========================-->[\/vc_column_inner][vc_column_inner width=&#8221;1\/3&#8243;]<!-- ========================== TEASER BOX ==========================-->\r\n<div class=\"teaser_box wpb_content_element text-center  transparent    with_button    \">\r\n\r\n  <div class=\"figure transparent\">\r\n\r\n\r\n      <a href=\"http:\/\/timokivio.com\/staging\/musta-aukko-ongelman-hoitaminen\/\" debug title=\"\" target=\"\"> \r\n\r\n        \r\n         <div class=\"figure transparent stretchy_wrapper ratio_4-3\" style=\"background-image:url('https:\/\/timokivio.com\/staging\/wp-content\/uploads\/2016\/02\/sunset-1989887_1920.jpg')\"><\/div> \r\n        \r\n          \r\n\r\n        \r\n\r\n    <\/a>\r\n\r\n  <\/div>\r\n\r\n\r\n\r\n  <div class=\"content text-center boxed_special  with_button \">\r\n    \r\n    <div class=\"hgroup\">\r\n       <h4 class=\"neutralize_links\">\r\n        <a href=\"http:\/\/timokivio.com\/staging\/musta-aukko-ongelman-hoitaminen\/\"  target=\"\">\r\n       Musta aukko -ongelmat\r\n        <\/a>\r\n       <\/h4>\r\n       <p>Kaikkien ongelmien \u00e4iti<\/p> \r\n    <\/div>\r\n\r\n    \r\n\r\n    <div class=\"link centered\">\r\n        <a href=\"http:\/\/timokivio.com\/staging\/musta-aukko-ongelman-hoitaminen\/\"  target=\"\" class=\"btn btn-xs btn-primary\"><strong>More<\/strong><\/a>\r\n    <\/div>\r\n\r\n  <\/div>\r\n\r\n<\/div>\r\n\r\n<!-- END======================= TEASER BOX ==========================-->[\/vc_column_inner][\/vc_row_inner][vc_column_text]Kokonaisvaltainen\u00a0hoitoprosessi pyrkii parantamaan el\u00e4m\u00e4nlaatua keskittym\u00e4ll\u00e4 oireiden todellisiin taustasyihin sek\u00e4 luomalla tiiviin yhteyden terveydentilamme\u00a0ja el\u00e4m\u00e4ntilanteemme v\u00e4lille. Kokonaisvaltainen l\u00e4hestymistapa eheytt\u00e4\u00e4 oloamme ja kokemustamme itsest\u00e4mme sek\u00e4 vahvistaa ja\u00a0tasapainottaa kehoamme, el\u00e4m\u00e4\u00e4mme ja energiaj\u00e4rjestelm\u00e4\u00e4mme sen kaikilla tasoilla.[\/vc_column_text]<div class=\"plethora_button wpb_content_element   text-left \">\r\n    <a href=\"http:\/\/timokivio.com\/staging\/palvelut\/\" debug class=\" btn btn-primary  \" title=\"\"  target=\"_self\">\r\n\r\n        \r\n        Katso lis\u00e4\u00e4 \r\n        \r\n\r\n    <\/a>\r\n<\/div>[\/vc_column][vc_column align=&#8221;text-left&#8221; color_set=&#8221;secondary_section&#8221; transparent_overlay=&#8221;transparent_film&#8221; boxed=&#8221;boxed_plus&#8221; offset=&#8221;vc_col-lg-4&#8243; heading=&#8221;Ota yhteytt\u00e4!&#8221;]\n<div class=\"wpcf7 no-js\" id=\"wpcf7-f522-o1\" lang=\"en-US\" dir=\"ltr\">\n<div class=\"screen-reader-response\"><p role=\"status\" aria-live=\"polite\" aria-atomic=\"true\"><\/p> <ul><\/ul><\/div>\n<form action=\"\/staging\/wp-json\/wp\/v2\/pages\/978#wpcf7-f522-o1\" method=\"post\" class=\"wpcf7-form init\" aria-label=\"Contact form\" novalidate=\"novalidate\" data-status=\"init\">\n<div style=\"display: none;\">\n<input type=\"hidden\" name=\"_wpcf7\" value=\"522\" \/>\n<input type=\"hidden\" name=\"_wpcf7_version\" value=\"5.9.5\" \/>\n<input type=\"hidden\" name=\"_wpcf7_locale\" value=\"en_US\" \/>\n<input type=\"hidden\" name=\"_wpcf7_unit_tag\" value=\"wpcf7-f522-o1\" \/>\n<input type=\"hidden\" name=\"_wpcf7_container_post\" value=\"0\" \/>\n<input type=\"hidden\" name=\"_wpcf7_posted_data_hash\" value=\"\" \/>\n<\/div>\n<p>Your Name (required)\n<\/p>\n<p><span class=\"wpcf7-form-control-wrap\" data-name=\"your-name\"><input size=\"40\" class=\"wpcf7-form-control wpcf7-form-control form-control wpcf7-validates-as-required\" aria-required=\"true\" aria-invalid=\"false\" value=\"\" type=\"text\" name=\"your-name\" \/><\/span>\n<\/p>\n<p>Your Email (required)\n<\/p>\n<p><span class=\"wpcf7-form-control-wrap\" data-name=\"your-email\"><input size=\"40\" class=\"wpcf7-form-control wpcf7-form-control form-control wpcf7-validates-as-required wpcf7-form-control form-control wpcf7-validates-as-email\" aria-required=\"true\" aria-invalid=\"false\" value=\"\" type=\"email\" name=\"your-email\" \/><\/span>\n<\/p>\n<p>Subject\n<\/p>\n<p><span class=\"wpcf7-form-control-wrap\" data-name=\"your-subject\"><input size=\"40\" class=\"wpcf7-form-control wpcf7-form-control form-control\" aria-invalid=\"false\" value=\"\" type=\"text\" name=\"your-subject\" \/><\/span>\n<\/p>\n<p>Your Message\n<\/p>\n<p><span class=\"wpcf7-form-control-wrap\" data-name=\"your-message\"><textarea cols=\"40\" rows=\"10\" class=\"wpcf7-form-control wpcf7-form-control wpcf7-form-control form-control\" aria-invalid=\"false\" name=\"your-message\"><\/textarea><\/span>\n<\/p>\n<p><input class=\"wpcf7-form-control wpcf7-submit btn btn-primary has-spinner\" type=\"submit\" value=\"Send\" \/>\n<\/p><div class=\"wpcf7-response-output\" aria-hidden=\"true\"><\/div>\n<\/form>\n<\/div>\n<div class=\"newsletter_form \">\r\n  <form id=\"newsletter\" action=\"https:\/\/timokivio.com\/staging\/wp-admin\/admin-ajax.php\" method=\"POST\" class=\"form-inline text-center\">\r\n    <input id=\"email\" placeholder=\"Email Address\" name=\"email\" type=\"text\" class=\"form-control\">\r\n\r\n\r\n    <input type=\"hidden\" name=\"nonce\" id=\"nonce\" value=\"59e515f8ba\">\r\n    <button type=\"submit\" class=\"btn btn-secondary form-control\">\r\n        <span class=\"fa fa-refresh fa-refresh-animate hidden\"><\/span>\r\n         TILAA UUTISKIRJE\r\n        <span id=\"newsletterResponse\" class=\"btn btn-primary hidden\">MESSAGE<\/span>\r\n    <\/button>\r\n  <\/form>\r\n<\/div>[\/vc_column][\/vc_row][vc_row color_set=&#8221;black_section&#8221; align=&#8221;text-center&#8221; full_width=&#8221;0&#8243; full_height=&#8221;0&#8243; cols_valign=&#8221;vcenter&#8221; transparent_overlay=&#8221;transparent_film&#8221; background=&#8221;bgimage&#8221; bgimage=&#8221;1550&#8243; parallax=&#8221;1&#8243;][vc_column align=&#8221;text-center&#8221;]<div class=\"section_header subtitle_bottom   fancy text-center\">\r\n\r\n    <h2>Haluatko tiet\u00e4\u00e4 enemm\u00e4n?<\/h2>\n\r\n\r\n        <p >Soita 045-231 8155 kysy\u00e4ksesi asiasta lis\u00e4\u00e4<\/p>\r\n<\/div><div class=\"plethora_button wpb_content_element   text-center \">\r\n    <a href=\"http:\/\/timokivio.com\/staging\/yhteystiedot\/\" debug class=\" btn btn-primary with-icon icon-left\" title=\"\"  target=\"_self\">\r\n\r\n         <i class=\"fa fa-check\"><\/i> \r\n        Ota yhteytt\u00e4\r\n        \r\n\r\n    <\/a>\r\n<\/div>[\/vc_column][\/vc_row]<\/p>\n<\/div>","protected":false},"excerpt":{"rendered":"<p>[vc_row full_width=&#8221;0&#8243; full_height=&#8221;0&#8243; row_padding=&#8221;no_padding&#8221; cols_padding=&#8221;no_cols_padding&#8221; elevate=&#8221;elevate&#8221; background=&#8221;transparent&#8221; el_class=&#8221;folded_section&#8221;][vc_column width=&#8221;1\/4&#8243; color_set=&#8221;skincolored_section&#8221; background=&#8221;transparent&#8221; offset=&#8221;vc_col-xs-6&#8243;][\/vc_column][vc_column width=&#8221;1\/4&#8243; color_set=&#8221;dark_section&#8221; background=&#8221;transparent&#8221; offset=&#8221;vc_col-xs-6&#8243;][\/vc_column][vc_column width=&#8221;1\/4&#8243; color_set=&#8221;skincolored_section&#8221; background=&#8221;transparent&#8221; offset=&#8221;vc_col-xs-6&#8243;][\/vc_column][vc_column width=&#8221;1\/4&#8243; color_set=&#8221;dark_section&#8221; offset=&#8221;vc_col-xs-6&#8243;][\/vc_column][\/vc_row][vc_row full_width=&#8221;0&#8243; full_height=&#8221;0&#8243; row_padding=&#8221;no_top_padding&#8221; sep_bottom=&#8221;separator_bottom sep_angled_positive_bottom&#8221; particles=&#8221;0&#8243;][vc_column][\/vc_column][vc_column heading_align=&#8221;text-center&#8221; [&hellip;]<\/p>\n","protected":false},"author":1,"featured_media":0,"parent":0,"menu_order":0,"comment_status":"closed","ping_status":"closed","template":"","meta":{"footnotes":""},"class_list":["post-978","page","type-page","status-publish","hentry"],"yoast_head":"<!-- This site is optimized with the Yoast SEO plugin v24.2 - https:\/\/yoast.com\/wordpress\/plugins\/seo\/ -->\n<title>Energiahoito - VortexHealing\u00ae energiahoito luo tilaa Ykseydelle - timokivio.com<\/title>\n<meta name=\"description\" content=\"VortexHealing\u00ae energiahoito - Tehokas ja kokonaisvaltainen energiahoitomenetelm\u00e4 sek\u00e4 polku taianomaiseen muuntumiseen ja henkiseen her\u00e4\u00e4miseen\" \/>\n<meta name=\"robots\" content=\"index, follow, max-snippet:-1, max-image-preview:large, max-video-preview:-1\" \/>\n<link rel=\"canonical\" href=\"https:\/\/timokivio.com\/staging\/\" \/>\n<meta name=\"twitter:label1\" content=\"Arvioitu lukuaika\" \/>\n\t<meta name=\"twitter:data1\" content=\"5 minuuttia\" \/>\n<script type=\"application\/ld+json\" class=\"yoast-schema-graph\">{\"@context\":\"https:\/\/schema.org\",\"@graph\":[{\"@type\":\"WebPage\",\"@id\":\"https:\/\/timokivio.com\/staging\/\",\"url\":\"https:\/\/timokivio.com\/staging\/\",\"name\":\"Energiahoito - VortexHealing\u00ae energiahoito luo tilaa Ykseydelle - timokivio.com\",\"isPartOf\":{\"@id\":\"https:\/\/timokivio.com\/staging\/#website\"},\"datePublished\":\"2016-02-19T09:24:59+00:00\",\"dateModified\":\"2020-01-01T18:51:06+00:00\",\"description\":\"VortexHealing\u00ae energiahoito - Tehokas ja kokonaisvaltainen energiahoitomenetelm\u00e4 sek\u00e4 polku taianomaiseen muuntumiseen ja henkiseen her\u00e4\u00e4miseen\",\"breadcrumb\":{\"@id\":\"https:\/\/timokivio.com\/staging\/#breadcrumb\"},\"inLanguage\":\"fi\",\"potentialAction\":[{\"@type\":\"ReadAction\",\"target\":[\"https:\/\/timokivio.com\/staging\/\"]}]},{\"@type\":\"BreadcrumbList\",\"@id\":\"https:\/\/timokivio.com\/staging\/#breadcrumb\",\"itemListElement\":[{\"@type\":\"ListItem\",\"position\":1,\"name\":\"Home\",\"item\":\"https:\/\/timokivio.com\/staging\/\"},{\"@type\":\"ListItem\",\"position\":2,\"name\":\"Etusivu\"}]},{\"@type\":\"WebSite\",\"@id\":\"https:\/\/timokivio.com\/staging\/#website\",\"url\":\"https:\/\/timokivio.com\/staging\/\",\"name\":\"timokivio.com\",\"description\":\"Blog\",\"potentialAction\":[{\"@type\":\"SearchAction\",\"target\":{\"@type\":\"EntryPoint\",\"urlTemplate\":\"https:\/\/timokivio.com\/staging\/?s={search_term_string}\"},\"query-input\":{\"@type\":\"PropertyValueSpecification\",\"valueRequired\":true,\"valueName\":\"search_term_string\"}}],\"inLanguage\":\"fi\"}]}<\/script>\n<!-- \/ Yoast SEO plugin. -->","yoast_head_json":{"title":"Energiahoito - VortexHealing\u00ae energiahoito luo tilaa Ykseydelle - timokivio.com","description":"VortexHealing\u00ae energiahoito - Tehokas ja kokonaisvaltainen energiahoitomenetelm\u00e4 sek\u00e4 polku taianomaiseen muuntumiseen ja henkiseen her\u00e4\u00e4miseen","robots":{"index":"index","follow":"follow","max-snippet":"max-snippet:-1","max-image-preview":"max-image-preview:large","max-video-preview":"max-video-preview:-1"},"canonical":"https:\/\/timokivio.com\/staging\/","twitter_misc":{"Arvioitu lukuaika":"5 minuuttia"},"schema":{"@context":"https:\/\/schema.org","@graph":[{"@type":"WebPage","@id":"https:\/\/timokivio.com\/staging\/","url":"https:\/\/timokivio.com\/staging\/","name":"Energiahoito - VortexHealing\u00ae energiahoito luo tilaa Ykseydelle - timokivio.com","isPartOf":{"@id":"https:\/\/timokivio.com\/staging\/#website"},"datePublished":"2016-02-19T09:24:59+00:00","dateModified":"2020-01-01T18:51:06+00:00","description":"VortexHealing\u00ae energiahoito - Tehokas ja kokonaisvaltainen energiahoitomenetelm\u00e4 sek\u00e4 polku taianomaiseen muuntumiseen ja henkiseen her\u00e4\u00e4miseen","breadcrumb":{"@id":"https:\/\/timokivio.com\/staging\/#breadcrumb"},"inLanguage":"fi","potentialAction":[{"@type":"ReadAction","target":["https:\/\/timokivio.com\/staging\/"]}]},{"@type":"BreadcrumbList","@id":"https:\/\/timokivio.com\/staging\/#breadcrumb","itemListElement":[{"@type":"ListItem","position":1,"name":"Home","item":"https:\/\/timokivio.com\/staging\/"},{"@type":"ListItem","position":2,"name":"Etusivu"}]},{"@type":"WebSite","@id":"https:\/\/timokivio.com\/staging\/#website","url":"https:\/\/timokivio.com\/staging\/","name":"timokivio.com","description":"Blog","potentialAction":[{"@type":"SearchAction","target":{"@type":"EntryPoint","urlTemplate":"https:\/\/timokivio.com\/staging\/?s={search_term_string}"},"query-input":{"@type":"PropertyValueSpecification","valueRequired":true,"valueName":"search_term_string"}}],"inLanguage":"fi"}]}},"_links":{"self":[{"href":"https:\/\/timokivio.com\/staging\/wp-json\/wp\/v2\/pages\/978","targetHints":{"allow":["GET"]}}],"collection":[{"href":"https:\/\/timokivio.com\/staging\/wp-json\/wp\/v2\/pages"}],"about":[{"href":"https:\/\/timokivio.com\/staging\/wp-json\/wp\/v2\/types\/page"}],"author":[{"embeddable":true,"href":"https:\/\/timokivio.com\/staging\/wp-json\/wp\/v2\/users\/1"}],"replies":[{"embeddable":true,"href":"https:\/\/timokivio.com\/staging\/wp-json\/wp\/v2\/comments?post=978"}],"version-history":[{"count":66,"href":"https:\/\/timokivio.com\/staging\/wp-json\/wp\/v2\/pages\/978\/revisions"}],"predecessor-version":[{"id":1907,"href":"https:\/\/timokivio.com\/staging\/wp-json\/wp\/v2\/pages\/978\/revisions\/1907"}],"wp:attachment":[{"href":"https:\/\/timokivio.com\/staging\/wp-json\/wp\/v2\/media?parent=978"}],"curies":[{"name":"wp","href":"https:\/\/api.w.org\/{rel}","templated":true}]}}