{"id":1136,"date":"2017-03-15T20:34:34","date_gmt":"2017-03-15T18:34:34","guid":{"rendered":"http:\/\/timokivio.com\/staging\/?page_id=1136"},"modified":"2017-07-11T15:56:16","modified_gmt":"2017-07-11T13:56:16","slug":"terveys-ja-jaksaminen","status":"publish","type":"page","link":"https:\/\/timokivio.com\/staging\/terveys-ja-jaksaminen\/","title":{"rendered":"Terveys ja jaksaminen"},"content":{"rendered":"<div class=\"wpb-content-wrapper\"><p>[vc_row full_width=&#8221;0&#8243; full_height=&#8221;0&#8243; row_padding=&#8221;no_padding&#8221; particles=&#8221;0&#8243; css=&#8221;.vc_custom_1457426772551{padding-top: 64px !important;}&#8221;][vc_column offset=&#8221;vc_col-md-6&#8243;]<div class=\"section_header subtitle_bottom   fancy text-left\">\r\n\r\n    <h3>Terveys ja jaksaminen<\/h3>\n\r\n\r\n        <p >Hyvinvointimme, pahoinvointimme ja ehdollistuma<\/p>\r\n<\/div>[vc_column_text]Kehosi on koko el\u00e4m\u00e4si peili. Kehossamme esiintyv\u00e4t oireet pit\u00e4v\u00e4t sis\u00e4ll\u00e4\u00e4n \u00e4llistytt\u00e4v\u00e4n tarkkaa ja rehellist\u00e4 tietoa siit\u00e4, mik\u00e4 suhteemme itseemme on ja kuinka oireet liittyv\u00e4t muualla el\u00e4m\u00e4ss\u00e4 esiintyviin ongelmiin. N\u00e4it\u00e4 oireita voidaan k\u00e4ytt\u00e4\u00e4 ymm\u00e4rt\u00e4m\u00e4\u00e4n itse\u00e4mme ja tilannettamme paremmin ja muokkamaan el\u00e4m\u00e4\u00e4mme ja toimintatapojamme niin, ett\u00e4 el\u00e4m\u00e4mme n\u00e4ytt\u00e4\u00e4 enemm\u00e4n omalta itselt\u00e4mme.<\/p>\n<p>Fyysinen keho on energiaj\u00e4rjestelm\u00e4mme eri tasoista se kaikkein konkretisoitunein. Se reagoi puolueettomasti kaikkeen mit\u00e4 siin\u00e4 tapahtuu ja se on fyysisyytens\u00e4 ansiosta kaikkein vaikeimmin muutettavissa. T\u00e4m\u00e4 tarkoittaa sit\u00e4, ett\u00e4 tietyn oireen tai \u00e4rsykkeen on toistuttava tarpeeksi usein, kauan ja voimakkaasti, jotta se voisi muuttaa kehon luonnollista toimintatapaa haitalliseen suuntaan. Vastaavasti kehon hoitaminen ja tasapainoittaminen kest\u00e4\u00e4 sit\u00e4 kauemmin, mit\u00e4 kroonisempi ja voimakkaampi sen ep\u00e4tasapainotilan aiheuttaja on.<\/p>\n<p>Mutta joskus k\u00e4y niin, ett\u00e4 vaikka tuntemamme oireet ovat voimakkaat, toistuvat ja selke\u00e4t, emme aina tied\u00e4 tai saa esimerkiksi tutkimuksien kautta selville mik\u00e4 ne todellisuudessa aiheuttaa. Silloin voi olla, ettemme ole tulkinneet niit\u00e4 oikein tai ett\u00e4 ne ovat seurausta jostakin muusta asiasta &#8211; eli ett\u00e4 ne oireet (esim. p\u00e4\u00e4kipu) eiv\u00e4t ole se varsinainen ongelma, vaan ett\u00e4 niiden aiheuttaja on ja se ei v\u00e4ltt\u00e4m\u00e4tt\u00e4 esiinny samassa paikassa kuin miss\u00e4 oireet ovat tai edes fyysisesti ilmentyneen\u00e4. Sellaisissa tapauksissa tilannetta on hyv\u00e4 l\u00e4hesty\u00e4 toisella tavalla.<\/p>\n<p>Jos otamme huomioon sen, ett\u00e4 kehomme ja tietoisuutemme rekister\u00f6i kaiken itsess\u00e4mme ja ymp\u00e4rist\u00f6ss\u00e4mme tapahtuvat asiat ja ilmi\u00f6t, t\u00e4m\u00e4 rekister\u00f6inti aiheuttaa aina jonkinlaisen reaktion kaikkialla energiaj\u00e4rjestelm\u00e4ss\u00e4mme (ml. mieli, tunteet ja fyysinen keho). Niiss\u00e4 tapauksissa, joissa kokemamme \u00e4rsyke on sen verran voimakas, ettemme pysty prosessoimaan sit\u00e4 kokonaan, t\u00e4m\u00e4n rajan yli menev\u00e4, prosessoimaton osa (tai materiaali) saa aikaan er\u00e4\u00e4nlaisen jumiutumisen, tukkeutumisen tai shokkitilan, joka j\u00e4\u00e4 s\u00e4il\u00f6\u00f6n energiaj\u00e4rjestelm\u00e4mme eri tasoille &#8212; ja t\u00e4t\u00e4 materiaalia sanotaan ehdollistumaksi.<\/p>\n<p>Jos ajattelemme sit\u00e4, kuinka tietyt asiat saavat meiss\u00e4 aikaan negatiivisia reaktioita, n\u00e4m\u00e4 reaktiot kumpuavat asiaan liittyv\u00e4st\u00e4, meiss\u00e4 jo olevasta prosessoimattomasta ehdollistumasta. Niinp\u00e4 osaamme ennustaa, mitk\u00e4 tilanteet saavat meiss\u00e4 aikaan reaktioita, mitk\u00e4 eiv\u00e4t kosketa meit\u00e4 lainkaan (asiat, jotka eiv\u00e4t ole koskaan olleet meille ongelma) ja mist\u00e4 ongelmista olemme jo p\u00e4\u00e4sseet yli. Niinp\u00e4 ongelmana ei niink\u00e4\u00e4n ole se ulkopuolinen impulssi, vaan se, kuinka pitk\u00e4lle olemme prosessoineet meiss\u00e4 olevaa ehdollistumaa.<\/p>\n<p>Joskus kuitenkin k\u00e4y niin, ett\u00e4 joistakin asioista muodostuu meille erityisen vaikeita. Ne saavuttavat tason, jossa j\u00e4\u00e4mme jatkuvasti j\u00e4lkeen niiden prosessointitarpeesta. Niinp\u00e4 niiden l\u00e4sn\u00e4olo muuttuu krooniseksi ja niiden aktiivinen l\u00e4sn\u00e4olo kerrytt\u00e4\u00e4 ehdollistumaa ja lis\u00e4\u00e4 oireilua energiaj\u00e4rjestelm\u00e4ss\u00e4mme. Pahimmillaan n\u00e4m\u00e4 ongelmat alkavat ohjaamaan el\u00e4m\u00e4\u00e4mme.<\/p>\n<p>Kun alamme hoitamaan ehdollistumaa, joka aiheuttaa oireita jossakin tietyss\u00e4 paikassa kehoamme, l\u00e4hestymme asiaa nimenomaan silt\u00e4 kantilta, ett\u00e4 sen taustalla voi olla jokin toistuva energeettinen, emotionaalinen ja mentaalinen dynamiikka ja ett\u00e4 sill\u00e4 on jokin tietty, erityisen tarkka teema &#8212; ja ett\u00e4 t\u00e4m\u00e4 nimenomainen teema yhdistettyn\u00e4 siihen, ettemme ole pystyneet prosessoimaan sit\u00e4 kunnolla, voi osaltaan aiheuttaa kokemamme oireet ja vaikeudet.<\/p>\n<p>Niinp\u00e4 olen ty\u00f6ss\u00e4ni havainnut eritt\u00e4in t\u00e4rke\u00e4ksi sen, ett\u00e4 oireiden mahdolliset taustasyyt otetaan huomioon, koska silloin pystymme hoitamaan sit\u00e4, mink\u00e4 ihminen tuntee itse\u00e4\u00e4n oikeasti vaivaavan ja se vaikuttaa ratkaisevasti my\u00f6s hoitotuloksiin. Lis\u00e4ksi se tarjoaa ihmiselle mahdollisuuden ymm\u00e4rt\u00e4\u00e4 itse\u00e4\u00e4n, historiaansa ja el\u00e4m\u00e4\u00e4ns\u00e4 paremmin.<\/p>\n<p>Hoidoissa k\u00e4ytet\u00e4\u00e4n p\u00e4\u00e4osin VortexHealing\u00ae energiahoitoon perustuvaa hoitoprotokollaa, jonka hoitaa, muuntaa ja vapauttaa asiaan liittyv\u00e4\u00e4 ehdollistumaa sek\u00e4 siihen muodostunutta identiteetti\u00e4mme.<\/p>\n<p>Kaikki hoidot tehd\u00e4\u00e4n et\u00e4n\u00e4, eli voit osallistua niihin suoraan kotoasi.<\/p>\n<p>Tervetuloa energiahoitoon!<\/p>\n<p>&nbsp;<\/p>\n<p><strong>Hoitoprosessista<\/strong><\/p>\n<ul>\n<li>Ota yhteytt\u00e4 jutellaksemme tilanteestasi tarkemmin<\/li>\n<\/ul>\n<ul>\n<li>L\u00f6ydetty\u00e4mme parhaimman hoitoaiheen, sovimme sopivat hoitoajat<\/li>\n<\/ul>\n<ul>\n<li>Hoidot tapahtuvat et\u00e4n\u00e4, eli voit osallistua hoitoihin kotoasi k\u00e4sin<\/li>\n<\/ul>\n<p>&nbsp;<\/p>\n<p><strong>Hinnat<\/strong><\/p>\n<ul>\n<li>Yksi hoitokerta on 150\u20ac (sis. ALV:n) ja siihen sis\u00e4ltyy puhelinkonsultaatio, yksi tunnin mittainen et\u00e4hoito sek\u00e4 hoitopalaute (joko meilitse tai puhelimitse)<\/li>\n<\/ul>\n<ul>\n<li>Tarvittava hoitojen m\u00e4\u00e4r\u00e4 vaihtelee hoitoaiheen mukaan. Se voi olla esim. 1-6 hoitoa, t\u00e4ysin tapauksesta riippuen (annan t\u00e4st\u00e4 arvion ennen hoitojen aloittamista). Lukum\u00e4\u00e4r\u00e4\u00e4n vaikuttavia tekij\u00f6it\u00e4\u00a0ovat mm. aiheen\/tilanteen syvyys, vakavuus, laajuus, kroonisuus, akuuttisuus sek\u00e4 siihen kuuluvat mahdolliset\u00a0terveydelliset seikat, kuten esim. fyysiset oireet, matala energiataso, kehon tulehdustilat sek\u00e4 mahdolliset virus- ja bakteeritartunnat.<\/li>\n<\/ul>\n<p>&nbsp;<\/p>\n<h3>Hoitokokemus<\/h3>\n<p><em>Hampaitani s\u00e4rki taas \u2013 oli s\u00e4rkenyt p\u00e4ivitt\u00e4in jo useiden viikkojen\u00a0ajan.\u00a0Se iski yll\u00e4tt\u00e4en kuin salama, joskus monta kertaa p\u00e4iv\u00e4ss\u00e4 ja toi mukanaan niin voimakkaan kivun, ett\u00e4 se vei huomioni ja voimani aivan t\u00e4ysin \u2013 joskus jopa pariksi tunniksi kerrallaan. Hammasl\u00e4\u00e4k\u00e4ri ei tutkimuksista huolimatta l\u00f6yt\u00e4nyt mit\u00e4\u00e4n muuta korjattavaa kuin liev\u00e4n ientulehduksen, joka sekin oli jo hoidettu kuntoon.\u00a0<\/em><\/p>\n<p><em>Olin yritt\u00e4nyt hoitaa tilannetta\u00a0Vortexilla muutaman kerran, mutta kipu oli aina ollut niin kovaa, etten voinut keskitty\u00e4 mihink\u00e4\u00e4n muuhun kuin pelkk\u00e4\u00e4n olemiseen ja hengitt\u00e4miseen (joka my\u00f6skin piti tehd\u00e4 tietyll\u00e4 lailla, ettei kipu pahenisi).<\/em><\/p>\n<p><em>Sitten er\u00e4\u00e4n\u00e4 p\u00e4iv\u00e4n\u00e4, kun kipu\u00a0oli viel\u00e4 suhteellisen siedett\u00e4v\u00e4, mieleeni tuli l\u00e4hesty\u00e4 tilannetta samalla\u00a0<\/em><em>periaatteella<\/em><em>\u00a0kuin olin k\u00e4sitellyt muitakin kehossani esiintyvi\u00e4 fyysisi\u00e4 oireita, olettaen, ett\u00e4 n\u00e4m\u00e4kin oireet olivat suoraa seurausta jostakin tietyst\u00e4 asiasta tai ongelmasta, joka vaivasi minua syv\u00e4sti.<\/em><\/p>\n<p><em>Niinp\u00e4\u00a0suuntasin tietoisuuteni aivan tuntemani kivun juureen,\u00a0sinne, miss\u00e4 tunsin sit\u00e4 kaikkein eniten, ja aloin aistimaan sen mahdollisesti sis\u00e4lt\u00e4m\u00e4\u00e4 viesti\u00e4 siit\u00e4, kuinka el\u00e4m\u00e4ni oli lukossa tai ep\u00e4tasapainossa. Ja niin sielt\u00e4 l\u00f6ytyikin jotain merkitt\u00e4v\u00e4\u00e4, jolle sitten aloin tekem\u00e4\u00e4n Vortexiin kuuluvaa hoitoprotokollaa, samalla linkitt\u00e4en itse\u00e4ni yh\u00e4 syvemm\u00e4lle ongelmassa ensiintyneeseen tietoisuuteen. Noin parin-kolmen tunnin j\u00e4lkeen vastaan tuli ehdollistuma, joka tuntui erityisen tiukalta ja merkitt\u00e4v\u00e4lt\u00e4. Ty\u00f6stin sit\u00e4 kaikin mahdollisin keinoin, kunnes se yht\u00e4kki\u00e4 antoi totaalisesti periksi. Hammaskivut loppuivat siihen.\u00a0<\/em>[\/vc_column_text]<div class=\"plethora_button wpb_content_element   text-center \">\r\n    <a href=\"http:\/\/timokivio.com\/staging\/yhteystiedot\/\" debug class=\" btn btn-secondary  \" title=\"\"  target=\"_self\">\r\n\r\n        \r\n        Ota yhteytt\u00e4\r\n        \r\n\r\n    <\/a>\r\n<\/div>[\/vc_column][vc_column margin=&#8221;margin_bottom_grid&#8221; offset=&#8221;vc_col-md-6&#8243;]<div class=\"pl_fixed_ratio_media  \">\r\n    <div class=\"stretchy_wrapper ratio_16-9   bg_vcenter\" style=\"background-image: url('https:\/\/timokivio.com\/staging\/wp-content\/uploads\/2016\/02\/nerivill1-1905261_1920.jpg');\">\r\n      <img decoding=\"async\" alt=\"\" src=\"https:\/\/timokivio.com\/staging\/wp-content\/uploads\/2016\/02\/nerivill1-1905261_1920.jpg\">\r\n    <\/div>\r\n\r\n<\/div>[\/vc_column][\/vc_row][vc_row full_width=&#8221;0&#8243; full_height=&#8221;0&#8243; row_padding=&#8221;no_bottom_padding&#8221; sep_bottom=&#8221;separator_bottom sep_angled_positive_bottom&#8221; particles=&#8221;0&#8243; css=&#8221;.vc_custom_1457427069834{padding-top: 64px !important;padding-bottom: 64px !important;}&#8221;][vc_column]<div class=\"section_header subtitle_bottom   vc_custom_1497600996187 fancy text-center\">\r\n\r\n    <h2>Haluatko tiet\u00e4\u00e4 enemm\u00e4n?<\/h2>\n\r\n\r\n        <p >Soita 045-231 8155 kysy\u00e4ksesi asiasta lis\u00e4\u00e4<\/p>\r\n<\/div>[\/vc_column][\/vc_row]<\/p>\n<\/div>","protected":false},"excerpt":{"rendered":"<p>[vc_row full_width=&#8221;0&#8243; full_height=&#8221;0&#8243; row_padding=&#8221;no_padding&#8221; particles=&#8221;0&#8243; css=&#8221;.vc_custom_1457426772551{padding-top: 64px !important;}&#8221;][vc_column offset=&#8221;vc_col-md-6&#8243;][vc_column_text]Kehosi on koko el\u00e4m\u00e4si peili. Kehossamme esiintyv\u00e4t oireet pit\u00e4v\u00e4t sis\u00e4ll\u00e4\u00e4n \u00e4llistytt\u00e4v\u00e4n tarkkaa ja rehellist\u00e4 tietoa siit\u00e4, mik\u00e4 suhteemme itseemme on ja kuinka [&hellip;]<\/p>\n","protected":false},"author":1,"featured_media":1355,"parent":0,"menu_order":0,"comment_status":"closed","ping_status":"closed","template":"","meta":{"footnotes":""},"class_list":["post-1136","page","type-page","status-publish","has-post-thumbnail","hentry"],"yoast_head":"<!-- This site is optimized with the Yoast SEO plugin v24.2 - https:\/\/yoast.com\/wordpress\/plugins\/seo\/ -->\n<title>Terveys ja jaksaminen - timokivio.com<\/title>\n<meta name=\"robots\" content=\"index, follow, max-snippet:-1, max-image-preview:large, max-video-preview:-1\" \/>\n<link rel=\"canonical\" href=\"https:\/\/timokivio.com\/staging\/terveys-ja-jaksaminen\/\" \/>\n<meta name=\"twitter:label1\" content=\"Arvioitu lukuaika\" \/>\n\t<meta name=\"twitter:data1\" content=\"6 minuuttia\" \/>\n<script type=\"application\/ld+json\" class=\"yoast-schema-graph\">{\"@context\":\"https:\/\/schema.org\",\"@graph\":[{\"@type\":\"WebPage\",\"@id\":\"https:\/\/timokivio.com\/staging\/terveys-ja-jaksaminen\/\",\"url\":\"https:\/\/timokivio.com\/staging\/terveys-ja-jaksaminen\/\",\"name\":\"Terveys ja jaksaminen - timokivio.com\",\"isPartOf\":{\"@id\":\"https:\/\/timokivio.com\/staging\/#website\"},\"primaryImageOfPage\":{\"@id\":\"https:\/\/timokivio.com\/staging\/terveys-ja-jaksaminen\/#primaryimage\"},\"image\":{\"@id\":\"https:\/\/timokivio.com\/staging\/terveys-ja-jaksaminen\/#primaryimage\"},\"thumbnailUrl\":\"https:\/\/timokivio.com\/staging\/wp-content\/uploads\/2016\/02\/mood-1335737_1920.jpg\",\"datePublished\":\"2017-03-15T18:34:34+00:00\",\"dateModified\":\"2017-07-11T13:56:16+00:00\",\"breadcrumb\":{\"@id\":\"https:\/\/timokivio.com\/staging\/terveys-ja-jaksaminen\/#breadcrumb\"},\"inLanguage\":\"fi\",\"potentialAction\":[{\"@type\":\"ReadAction\",\"target\":[\"https:\/\/timokivio.com\/staging\/terveys-ja-jaksaminen\/\"]}]},{\"@type\":\"ImageObject\",\"inLanguage\":\"fi\",\"@id\":\"https:\/\/timokivio.com\/staging\/terveys-ja-jaksaminen\/#primaryimage\",\"url\":\"https:\/\/timokivio.com\/staging\/wp-content\/uploads\/2016\/02\/mood-1335737_1920.jpg\",\"contentUrl\":\"https:\/\/timokivio.com\/staging\/wp-content\/uploads\/2016\/02\/mood-1335737_1920.jpg\",\"width\":1920,\"height\":1280},{\"@type\":\"BreadcrumbList\",\"@id\":\"https:\/\/timokivio.com\/staging\/terveys-ja-jaksaminen\/#breadcrumb\",\"itemListElement\":[{\"@type\":\"ListItem\",\"position\":1,\"name\":\"Home\",\"item\":\"https:\/\/timokivio.com\/staging\/\"},{\"@type\":\"ListItem\",\"position\":2,\"name\":\"Terveys ja jaksaminen\"}]},{\"@type\":\"WebSite\",\"@id\":\"https:\/\/timokivio.com\/staging\/#website\",\"url\":\"https:\/\/timokivio.com\/staging\/\",\"name\":\"timokivio.com\",\"description\":\"Blog\",\"potentialAction\":[{\"@type\":\"SearchAction\",\"target\":{\"@type\":\"EntryPoint\",\"urlTemplate\":\"https:\/\/timokivio.com\/staging\/?s={search_term_string}\"},\"query-input\":{\"@type\":\"PropertyValueSpecification\",\"valueRequired\":true,\"valueName\":\"search_term_string\"}}],\"inLanguage\":\"fi\"}]}<\/script>\n<!-- \/ Yoast SEO plugin. -->","yoast_head_json":{"title":"Terveys ja jaksaminen - timokivio.com","robots":{"index":"index","follow":"follow","max-snippet":"max-snippet:-1","max-image-preview":"max-image-preview:large","max-video-preview":"max-video-preview:-1"},"canonical":"https:\/\/timokivio.com\/staging\/terveys-ja-jaksaminen\/","twitter_misc":{"Arvioitu lukuaika":"6 minuuttia"},"schema":{"@context":"https:\/\/schema.org","@graph":[{"@type":"WebPage","@id":"https:\/\/timokivio.com\/staging\/terveys-ja-jaksaminen\/","url":"https:\/\/timokivio.com\/staging\/terveys-ja-jaksaminen\/","name":"Terveys ja jaksaminen - timokivio.com","isPartOf":{"@id":"https:\/\/timokivio.com\/staging\/#website"},"primaryImageOfPage":{"@id":"https:\/\/timokivio.com\/staging\/terveys-ja-jaksaminen\/#primaryimage"},"image":{"@id":"https:\/\/timokivio.com\/staging\/terveys-ja-jaksaminen\/#primaryimage"},"thumbnailUrl":"https:\/\/timokivio.com\/staging\/wp-content\/uploads\/2016\/02\/mood-1335737_1920.jpg","datePublished":"2017-03-15T18:34:34+00:00","dateModified":"2017-07-11T13:56:16+00:00","breadcrumb":{"@id":"https:\/\/timokivio.com\/staging\/terveys-ja-jaksaminen\/#breadcrumb"},"inLanguage":"fi","potentialAction":[{"@type":"ReadAction","target":["https:\/\/timokivio.com\/staging\/terveys-ja-jaksaminen\/"]}]},{"@type":"ImageObject","inLanguage":"fi","@id":"https:\/\/timokivio.com\/staging\/terveys-ja-jaksaminen\/#primaryimage","url":"https:\/\/timokivio.com\/staging\/wp-content\/uploads\/2016\/02\/mood-1335737_1920.jpg","contentUrl":"https:\/\/timokivio.com\/staging\/wp-content\/uploads\/2016\/02\/mood-1335737_1920.jpg","width":1920,"height":1280},{"@type":"BreadcrumbList","@id":"https:\/\/timokivio.com\/staging\/terveys-ja-jaksaminen\/#breadcrumb","itemListElement":[{"@type":"ListItem","position":1,"name":"Home","item":"https:\/\/timokivio.com\/staging\/"},{"@type":"ListItem","position":2,"name":"Terveys ja jaksaminen"}]},{"@type":"WebSite","@id":"https:\/\/timokivio.com\/staging\/#website","url":"https:\/\/timokivio.com\/staging\/","name":"timokivio.com","description":"Blog","potentialAction":[{"@type":"SearchAction","target":{"@type":"EntryPoint","urlTemplate":"https:\/\/timokivio.com\/staging\/?s={search_term_string}"},"query-input":{"@type":"PropertyValueSpecification","valueRequired":true,"valueName":"search_term_string"}}],"inLanguage":"fi"}]}},"_links":{"self":[{"href":"https:\/\/timokivio.com\/staging\/wp-json\/wp\/v2\/pages\/1136","targetHints":{"allow":["GET"]}}],"collection":[{"href":"https:\/\/timokivio.com\/staging\/wp-json\/wp\/v2\/pages"}],"about":[{"href":"https:\/\/timokivio.com\/staging\/wp-json\/wp\/v2\/types\/page"}],"author":[{"embeddable":true,"href":"https:\/\/timokivio.com\/staging\/wp-json\/wp\/v2\/users\/1"}],"replies":[{"embeddable":true,"href":"https:\/\/timokivio.com\/staging\/wp-json\/wp\/v2\/comments?post=1136"}],"version-history":[{"count":25,"href":"https:\/\/timokivio.com\/staging\/wp-json\/wp\/v2\/pages\/1136\/revisions"}],"predecessor-version":[{"id":1156,"href":"https:\/\/timokivio.com\/staging\/wp-json\/wp\/v2\/pages\/1136\/revisions\/1156"}],"wp:featuredmedia":[{"embeddable":true,"href":"https:\/\/timokivio.com\/staging\/wp-json\/wp\/v2\/media\/1355"}],"wp:attachment":[{"href":"https:\/\/timokivio.com\/staging\/wp-json\/wp\/v2\/media?parent=1136"}],"curies":[{"name":"wp","href":"https:\/\/api.w.org\/{rel}","templated":true}]}}