{"id":1003,"date":"2016-11-25T05:24:42","date_gmt":"2016-11-25T05:24:42","guid":{"rendered":"http:\/\/timokivio.com\/staging\/fi\/?page_id=1003"},"modified":"2017-10-31T14:13:17","modified_gmt":"2017-10-31T12:13:17","slug":"aihehoidot","status":"publish","type":"page","link":"https:\/\/timokivio.com\/staging\/aihehoidot\/","title":{"rendered":"Aihehoidot"},"content":{"rendered":"<div class=\"wpb-content-wrapper\"><p>[vc_row full_width=&#8221;0&#8243; full_height=&#8221;0&#8243; particles=&#8221;0&#8243; css=&#8221;.vc_custom_1457512674147{padding-bottom: 96px !important;}&#8221;][vc_column el_class=&#8221;t\u00e4h\u00e4n jotain teksti\u00e4 aihehoidoista&#8221;][vc_empty_space height=&#8221;64px&#8221;][\/vc_column][vc_column width=&#8221;1\/2&#8243;][vc_column_text]<\/p>\n<h3>Ongelmat ja ehdollistuma kulkevat k\u00e4si k\u00e4dess\u00e4<\/h3>\n<p>&nbsp;<\/p>\n<p>Ongelmamme &#8211; ne joita aihehoidoissa hoidamme &#8211; ovat ehdollistuman muodostamia ja yll\u00e4pit\u00e4mi\u00e4. Ehdollistuma <em>ehdollistaa\u00a0<\/em>sen, kuinka n\u00e4emme ja koemme itsemme, el\u00e4m\u00e4mme ja ymp\u00e4rist\u00f6mme. T\u00e4m\u00e4 aiheuttaa tietynlaisia lukkotilanteita, jotka muuttavat asiat ja kokemukset ongelmiksi, kunkin omanlaiseksi kokonaisuudekseen.<\/p>\n<p><a href=\"http:\/\/timokivio.com\/palvelut\/\">Ehdollistuma<\/a> voi pit\u00e4\u00e4 meit\u00e4 paikallaan juuri sellaisin tavoin, kuin mit\u00e4 emme haluaisi. Se voi pit\u00e4\u00e4 pintansa tiukankin ty\u00f6st\u00f6n alaisena ja se\u00a0lannistaa meit\u00e4 olemalla aivan liian monimutkaista tai vaikeaa tiedostaa, ymm\u00e4rt\u00e4\u00e4, ty\u00f6st\u00e4\u00e4 tai kohdata. Se voi my\u00f6skin aiheuttaa voimakkaita ja pitk\u00e4kestoisiakin oireita itsess\u00e4mme ja el\u00e4m\u00e4mme eri osa-alueilla. Niinp\u00e4 ehdollistuma on er\u00e4s el\u00e4m\u00e4mme suurimmista haasteista.<\/p>\n<p>&nbsp;<\/p>\n<p><strong>Aihehoidot<\/strong> on suunniteltu v\u00e4hent\u00e4m\u00e4\u00e4n, muuntamaan ja vapauttamaan ehdollistuman aiheuttamia negatiivisia vaikutuksia, muuttamaan el\u00e4m\u00e4\u00e4mme positiivisempaan suuntaan ja auttamaan meit\u00e4 tuntemaan ja toteuttamaan itsemme paremmin.<\/p>\n<p><strong>Aihehoidoissa<\/strong> valitsemme hoitokohteeksi asian, joka on meille t\u00e4rke\u00e4 ja jonka suhteen el\u00e4m\u00e4mme k\u00e4rsii tai on ep\u00e4tasapainossa.<\/p>\n<p>&nbsp;<\/p>\n<p>Hoidoissa k\u00e4ytet\u00e4\u00e4n\u00a0<strong>VortexHealing\u00ae Divine Energy Healing\u00a0<\/strong>energiahoitomenetelm\u00e4n korkeinta tasoa, joka tarjoaa mahdollisuuden ehdollistuman aiheuttamien negatiivisten vaikutusten tehokkaaseen, yksityiskohtaiseen ja kokonaisvaltaiseen muuntamiseen ja hoitamiseen.<\/p>\n<p>.[\/vc_column_text][vc_row_inner][vc_column_inner width=&#8221;1\/2&#8243;][vc_column_text]<strong>Mahdollisia hoitokohteita:<\/strong><\/p>\n<ul>\n<li>Haasteet itsemme kanssa<br \/>\n<strong>(kuka oikeasti olen)<\/strong><\/li>\n<\/ul>\n<ul>\n<li>Vaikeudet\u00a0menneisyyden kanssa<br \/>\n<strong>(mit\u00e4 minulle tapahtui)<\/strong><\/li>\n<\/ul>\n<ul>\n<li>Hankaluutemme ulkomaailman\u00a0\/ tulevaisuutemme kanssa <strong>(ura\/dharma, ihmissuhteet, oma paikka maailmassa)<\/strong><\/li>\n<\/ul>\n<ul>\n<li>Haasteet hyvinvointiin\u00a0liittyviss\u00e4 asioissa <strong>(keho, mieli, tunteet, energiaj\u00e4rjestelm\u00e4)<\/strong><\/li>\n<\/ul>\n<ul>\n<li>Hankaluudet itsemme toteuttamisessa <strong><strong>(kuinka luoda itseni n\u00e4k\u00f6inen el\u00e4m\u00e4)<br \/>\n<\/strong><\/strong><\/li>\n<\/ul>\n<ul>.<\/ul>\n<ul>\n<li><strong>Tavoitteena:<\/strong><br \/>\n&#8211; positiivinen el\u00e4m\u00e4nmuutos<br \/>\n&#8211;\u00a0parempi itsetuntemus ja toimintakyky<br \/>\n&#8211; sis\u00e4isen vapauden, totuuden, rauhan ja terveyden\u00a0lis\u00e4\u00e4ntyminen<br \/>\n&#8211; el\u00e4m\u00e4, joka n\u00e4ytt\u00e4\u00e4 enemm\u00e4n omalta itselt\u00e4mme<\/li>\n<\/ul>\n<p>[\/vc_column_text][\/vc_column_inner][vc_column_inner width=&#8221;1\/2&#8243;][vc_column_text]<strong>VortexHealing\u00ae\u00a0p\u00e4hkin\u00e4nkuoressa:<\/strong><\/p>\n<ul>\n<li>Ainutlaatuinen energiahoitomenetelm\u00e4, jonka taianomainen muuntamisvoima perustuu jumalalliseen tietoisuuteen\u00a0ja energiaan<\/li>\n<\/ul>\n<ul>\n<li>Vortex-opettajien ja -hoitajien tekem\u00e4t havainnot sek\u00e4 yhteisty\u00f6 on johtanut merkitt\u00e4vien, ennest\u00e4\u00e4n tuntemattomien ehdollistumien l\u00f6ytymiseen<\/li>\n<\/ul>\n<ul>\n<li>K\u00e4yt\u00e4nn\u00f6n\u00a0hoitokokemuksiin perustuvan tutkimus- ja kehitysty\u00f6n ansiosta hoitomenetelmi\u00e4 sek\u00e4 niihin liittyvi\u00e4 energeettisi\u00e4 hoitoty\u00f6kaluja on voitu kehitt\u00e4\u00e4 yh\u00e4 parempien hoitotulosten saamiseksi<\/li>\n<\/ul>\n<ul>\n<li>Hoitomenetelm\u00e4t on koottu ns. hoitoprotokollaksi, kattaen energiaj\u00e4rjestelm\u00e4mme kaikkein syvimm\u00e4t ehdollistumapaikat ja -tasot<\/li>\n<\/ul>\n<ul>\n<li>Aihehoidoissa t\u00e4m\u00e4 hoitoprotokolla k\u00e4yd\u00e4\u00e4n l\u00e4pi kokonaisuudessaan<\/li>\n<\/ul>\n<p>[\/vc_column_text][\/vc_column_inner][\/vc_row_inner][vc_text_separator title=&#8221;Voit osallistua hoitoihin suoraan kotoasi&#8221; i_icon_fontawesome=&#8221;fa fa-heart&#8221; i_color=&#8221;custom&#8221; title_align=&#8221;separator_align_right&#8221; add_icon=&#8221;true&#8221; i_custom_color=&#8221;#6100ea&#8221;][vc_column_text].<\/p>\n<p><strong>Hoitoprosessista<\/strong><\/p>\n<ul>\n<li>Ota yhteytt\u00e4 jutellaksemme tilanteestasi tarkemmin<\/li>\n<\/ul>\n<ul>\n<li>L\u00f6ydetty\u00e4mme parhaimman hoitoaiheen, sovimme sopivat hoitoajat<\/li>\n<\/ul>\n<ul>\n<li>Hoidot tapahtuvat et\u00e4n\u00e4, eli voit osallistua hoitoihin kotoasi k\u00e4sin<\/li>\n<\/ul>\n<p>&nbsp;<\/p>\n<p><strong>Hinnat<\/strong><\/p>\n<ul>\n<li>Yksi hoitokerta on 150\u20ac (sis. ALV:n) ja siihen sis\u00e4ltyy puhelinkonsultaatio, yksi tunnin mittainen et\u00e4hoito sek\u00e4 hoitopalaute (joko meilitse tai puhelimitse)<\/li>\n<\/ul>\n<ul>\n<li>Tarvittava hoitojen m\u00e4\u00e4r\u00e4 vaihtelee hoitoaiheen mukaan. Se voi olla esim. 1-6 hoitoa, t\u00e4ysin tapauksesta riippuen (annan t\u00e4st\u00e4 arvion ennen hoitojen aloittamista).<\/li>\n<\/ul>\n<ul>\n<li>Lukum\u00e4\u00e4r\u00e4\u00e4n vaikuttavia tekij\u00f6it\u00e4\u00a0ovat mm. hoidettavan aiheen tai el\u00e4m\u00e4ntilanteen syvyys, vakavuus, laajuus, kroonisuus tai akuuttisuus sek\u00e4 siihen kuuluvat mahdolliset\u00a0terveydelliset seikat, kuten esim. fyysiset oireet, matala energiataso, kehon tulehdustilat sek\u00e4 mahdolliset virus- ja bakteeritartunnat.<\/li>\n<\/ul>\n<p>&nbsp;<\/p>\n<h4>Hoitokokemus<\/h4>\n<p><em>Kaarina-mummuni oli ollut eritt\u00e4in huonona jo pitk\u00e4\u00e4n ja\u00a0oli kuolemaisillaan. Varhain er\u00e4\u00e4n\u00e4 aamuna her\u00e4simme hoitokodista tulevaan puhelinsoittoon, jossa kehoittivat tulemaan v\u00e4litt\u00f6m\u00e4sti\u00a0paikalle, mik\u00e4li haluaisimme n\u00e4hd\u00e4 h\u00e4net viel\u00e4 elossa &#8212; h\u00e4nt\u00e4 hoitaneen l\u00e4\u00e4k\u00e4rin mukaan mit\u00e4\u00e4n ei ollut en\u00e4\u00e4 teht\u00e4viss\u00e4.\u00a0<\/em><\/p>\n<p><em>Saavuttuamme paikalle, ker\u00e4\u00e4nnyimme h\u00e4nen s\u00e4nkyns\u00e4 ymp\u00e4rille j\u00e4tt\u00e4m\u00e4\u00e4n viimeiset terveiset. Siin\u00e4 s\u00e4ngyn p\u00e4\u00e4dyss\u00e4 seistess\u00e4si yht\u00e4kki\u00e4 mieleeni tuli tehd\u00e4 h\u00e4nelle energiahoito. Niinp\u00e4 k\u00e4vin tuumasta toimeen ja kohdensin sen ns. karmiseen kehoon, jossa sijaitsee iso osa ihmisen energiaj\u00e4rjestelm\u00e4n syvint\u00e4 ehdollistumaa. \u00a0<\/em><\/p>\n<p><em>Hoito tuntui eritt\u00e4in tehokkaalta, vaikka se kesti vain noin 15 minuuttia. En kuitenkaan ajatellut sen olevan mit\u00e4\u00e4n sen kummempaa kuin jonkinlainen j\u00e4\u00e4hyv\u00e4islahja h\u00e4nen olonsa helpottamiseksi.<\/em><\/p>\n<p><em>Ihmetys oli kuitenkin suuri, kun jo heti saman p\u00e4iv\u00e4n aikana mummuni olo koheni silmiss\u00e4. H\u00e4n sai tajuntansa ja elinvoimaisuutensa takaisin ja pystyi j\u00e4lleen kommunikoimaan muiden kanssa. H\u00e4n eli sen j\u00e4lkeen viel\u00e4 reilut kaksi kuukautta.\u00a0<\/em>[\/vc_column_text][\/vc_column][vc_column width=&#8221;1\/2&#8243;]<div class=\"pl_fixed_ratio_media  \">\r\n    <div class=\"stretchy_wrapper ratio_16-9   bg_vtop\" style=\"background-image: url('https:\/\/timokivio.com\/staging\/wp-content\/uploads\/2016\/11\/woman-1807533_1920.jpg');\">\r\n      <img decoding=\"async\" alt=\"\" src=\"https:\/\/timokivio.com\/staging\/wp-content\/uploads\/2016\/11\/woman-1807533_1920.jpg\">\r\n    <\/div>\r\n\r\n<\/div>[\/vc_column][\/vc_row][vc_row color_set=&#8221;secondary_section&#8221; full_width=&#8221;0&#8243; full_height=&#8221;0&#8243; sep_bottom=&#8221;separator_bottom sep_angled_positive_bottom&#8221; particles=&#8221;0&#8243; css=&#8221;.vc_custom_1457511086992{padding-top: 96px !important;padding-bottom: 64px !important;}&#8221;][vc_column width=&#8221;2\/3&#8243; offset=&#8221;vc_col-sm-offset-2&#8243;][vc_column_text]<\/p>\n<h3 style=\"text-align: center;\">Tarjoan uusille asiakkaille ilmaisen 15 minuutin puhelinkonsultaation voidaksemme katsoa tilannettasi tarkemmin ja m\u00e4\u00e4ritell\u00e4, mink\u00e4laista hy\u00f6ty\u00e4 hoidoista voisi olla. Soita 045-231 8155.<\/h3>\n<p>[\/vc_column_text][\/vc_column][\/vc_row][vc_row color_set=&#8221;black_section&#8221; full_width=&#8221;0&#8243; full_height=&#8221;0&#8243; transparent_overlay=&#8221;transparent_film&#8221; background=&#8221;bgimage&#8221; bgimage=&#8221;1510&#8243; parallax=&#8221;1&#8243;][vc_column]<div class=\"section_header subtitle_bottom   fancy text-center\">\r\n\r\n    <h3>Oletko kiinnostunut?<\/h3>\n\r\n\r\n        <p >Soita 045-231 8155<\/p>\r\n<\/div><div class=\"plethora_button wpb_content_element   text-center \">\r\n    <a href=\"http:\/\/timokivio.com\/staging\/yhteystiedot\/\" debug class=\" btn btn-secondary with-icon icon-left\" title=\"\"  target=\"_self\">\r\n\r\n         <i class=\"fa fa-check\"><\/i> \r\n        Muut yhteystiedot\r\n        \r\n\r\n    <\/a>\r\n<\/div>[\/vc_column][\/vc_row]<\/p>\n<\/div>","protected":false},"excerpt":{"rendered":"<p>[vc_row full_width=&#8221;0&#8243; full_height=&#8221;0&#8243; particles=&#8221;0&#8243; css=&#8221;.vc_custom_1457512674147{padding-bottom: 96px !important;}&#8221;][vc_column el_class=&#8221;t\u00e4h\u00e4n jotain teksti\u00e4 aihehoidoista&#8221;][vc_empty_space height=&#8221;64px&#8221;][\/vc_column][vc_column width=&#8221;1\/2&#8243;][vc_column_text] Ongelmat ja ehdollistuma kulkevat k\u00e4si k\u00e4dess\u00e4 &nbsp; Ongelmamme &#8211; ne joita aihehoidoissa hoidamme &#8211; ovat ehdollistuman muodostamia [&hellip;]<\/p>\n","protected":false},"author":1,"featured_media":1345,"parent":0,"menu_order":0,"comment_status":"closed","ping_status":"closed","template":"","meta":{"footnotes":""},"class_list":["post-1003","page","type-page","status-publish","has-post-thumbnail","hentry"],"yoast_head":"<!-- This site is optimized with the Yoast SEO plugin v24.2 - https:\/\/yoast.com\/wordpress\/plugins\/seo\/ -->\n<title>Aihehoidot - timokivio.com<\/title>\n<meta name=\"robots\" content=\"index, follow, max-snippet:-1, max-image-preview:large, max-video-preview:-1\" \/>\n<link rel=\"canonical\" href=\"https:\/\/timokivio.com\/staging\/aihehoidot\/\" \/>\n<meta name=\"twitter:label1\" content=\"Arvioitu lukuaika\" \/>\n\t<meta name=\"twitter:data1\" content=\"4 minuuttia\" \/>\n<script type=\"application\/ld+json\" class=\"yoast-schema-graph\">{\"@context\":\"https:\/\/schema.org\",\"@graph\":[{\"@type\":\"WebPage\",\"@id\":\"https:\/\/timokivio.com\/staging\/aihehoidot\/\",\"url\":\"https:\/\/timokivio.com\/staging\/aihehoidot\/\",\"name\":\"Aihehoidot - timokivio.com\",\"isPartOf\":{\"@id\":\"https:\/\/timokivio.com\/staging\/#website\"},\"primaryImageOfPage\":{\"@id\":\"https:\/\/timokivio.com\/staging\/aihehoidot\/#primaryimage\"},\"image\":{\"@id\":\"https:\/\/timokivio.com\/staging\/aihehoidot\/#primaryimage\"},\"thumbnailUrl\":\"https:\/\/timokivio.com\/staging\/wp-content\/uploads\/2016\/02\/mountain-landscape-2031539_1920.jpg\",\"datePublished\":\"2016-11-25T05:24:42+00:00\",\"dateModified\":\"2017-10-31T12:13:17+00:00\",\"breadcrumb\":{\"@id\":\"https:\/\/timokivio.com\/staging\/aihehoidot\/#breadcrumb\"},\"inLanguage\":\"fi\",\"potentialAction\":[{\"@type\":\"ReadAction\",\"target\":[\"https:\/\/timokivio.com\/staging\/aihehoidot\/\"]}]},{\"@type\":\"ImageObject\",\"inLanguage\":\"fi\",\"@id\":\"https:\/\/timokivio.com\/staging\/aihehoidot\/#primaryimage\",\"url\":\"https:\/\/timokivio.com\/staging\/wp-content\/uploads\/2016\/02\/mountain-landscape-2031539_1920.jpg\",\"contentUrl\":\"https:\/\/timokivio.com\/staging\/wp-content\/uploads\/2016\/02\/mountain-landscape-2031539_1920.jpg\",\"width\":1920,\"height\":1080},{\"@type\":\"BreadcrumbList\",\"@id\":\"https:\/\/timokivio.com\/staging\/aihehoidot\/#breadcrumb\",\"itemListElement\":[{\"@type\":\"ListItem\",\"position\":1,\"name\":\"Home\",\"item\":\"https:\/\/timokivio.com\/staging\/\"},{\"@type\":\"ListItem\",\"position\":2,\"name\":\"Aihehoidot\"}]},{\"@type\":\"WebSite\",\"@id\":\"https:\/\/timokivio.com\/staging\/#website\",\"url\":\"https:\/\/timokivio.com\/staging\/\",\"name\":\"timokivio.com\",\"description\":\"Blog\",\"potentialAction\":[{\"@type\":\"SearchAction\",\"target\":{\"@type\":\"EntryPoint\",\"urlTemplate\":\"https:\/\/timokivio.com\/staging\/?s={search_term_string}\"},\"query-input\":{\"@type\":\"PropertyValueSpecification\",\"valueRequired\":true,\"valueName\":\"search_term_string\"}}],\"inLanguage\":\"fi\"}]}<\/script>\n<!-- \/ Yoast SEO plugin. -->","yoast_head_json":{"title":"Aihehoidot - timokivio.com","robots":{"index":"index","follow":"follow","max-snippet":"max-snippet:-1","max-image-preview":"max-image-preview:large","max-video-preview":"max-video-preview:-1"},"canonical":"https:\/\/timokivio.com\/staging\/aihehoidot\/","twitter_misc":{"Arvioitu lukuaika":"4 minuuttia"},"schema":{"@context":"https:\/\/schema.org","@graph":[{"@type":"WebPage","@id":"https:\/\/timokivio.com\/staging\/aihehoidot\/","url":"https:\/\/timokivio.com\/staging\/aihehoidot\/","name":"Aihehoidot - timokivio.com","isPartOf":{"@id":"https:\/\/timokivio.com\/staging\/#website"},"primaryImageOfPage":{"@id":"https:\/\/timokivio.com\/staging\/aihehoidot\/#primaryimage"},"image":{"@id":"https:\/\/timokivio.com\/staging\/aihehoidot\/#primaryimage"},"thumbnailUrl":"https:\/\/timokivio.com\/staging\/wp-content\/uploads\/2016\/02\/mountain-landscape-2031539_1920.jpg","datePublished":"2016-11-25T05:24:42+00:00","dateModified":"2017-10-31T12:13:17+00:00","breadcrumb":{"@id":"https:\/\/timokivio.com\/staging\/aihehoidot\/#breadcrumb"},"inLanguage":"fi","potentialAction":[{"@type":"ReadAction","target":["https:\/\/timokivio.com\/staging\/aihehoidot\/"]}]},{"@type":"ImageObject","inLanguage":"fi","@id":"https:\/\/timokivio.com\/staging\/aihehoidot\/#primaryimage","url":"https:\/\/timokivio.com\/staging\/wp-content\/uploads\/2016\/02\/mountain-landscape-2031539_1920.jpg","contentUrl":"https:\/\/timokivio.com\/staging\/wp-content\/uploads\/2016\/02\/mountain-landscape-2031539_1920.jpg","width":1920,"height":1080},{"@type":"BreadcrumbList","@id":"https:\/\/timokivio.com\/staging\/aihehoidot\/#breadcrumb","itemListElement":[{"@type":"ListItem","position":1,"name":"Home","item":"https:\/\/timokivio.com\/staging\/"},{"@type":"ListItem","position":2,"name":"Aihehoidot"}]},{"@type":"WebSite","@id":"https:\/\/timokivio.com\/staging\/#website","url":"https:\/\/timokivio.com\/staging\/","name":"timokivio.com","description":"Blog","potentialAction":[{"@type":"SearchAction","target":{"@type":"EntryPoint","urlTemplate":"https:\/\/timokivio.com\/staging\/?s={search_term_string}"},"query-input":{"@type":"PropertyValueSpecification","valueRequired":true,"valueName":"search_term_string"}}],"inLanguage":"fi"}]}},"_links":{"self":[{"href":"https:\/\/timokivio.com\/staging\/wp-json\/wp\/v2\/pages\/1003","targetHints":{"allow":["GET"]}}],"collection":[{"href":"https:\/\/timokivio.com\/staging\/wp-json\/wp\/v2\/pages"}],"about":[{"href":"https:\/\/timokivio.com\/staging\/wp-json\/wp\/v2\/types\/page"}],"author":[{"embeddable":true,"href":"https:\/\/timokivio.com\/staging\/wp-json\/wp\/v2\/users\/1"}],"replies":[{"embeddable":true,"href":"https:\/\/timokivio.com\/staging\/wp-json\/wp\/v2\/comments?post=1003"}],"version-history":[{"count":47,"href":"https:\/\/timokivio.com\/staging\/wp-json\/wp\/v2\/pages\/1003\/revisions"}],"predecessor-version":[{"id":1691,"href":"https:\/\/timokivio.com\/staging\/wp-json\/wp\/v2\/pages\/1003\/revisions\/1691"}],"wp:featuredmedia":[{"embeddable":true,"href":"https:\/\/timokivio.com\/staging\/wp-json\/wp\/v2\/media\/1345"}],"wp:attachment":[{"href":"https:\/\/timokivio.com\/staging\/wp-json\/wp\/v2\/media?parent=1003"}],"curies":[{"name":"wp","href":"https:\/\/api.w.org\/{rel}","templated":true}]}}