{"id":1001,"date":"2016-11-25T05:07:28","date_gmt":"2016-11-25T05:07:28","guid":{"rendered":"http:\/\/timokivio.com\/staging\/fi\/?page_id=1001"},"modified":"2017-10-31T10:50:31","modified_gmt":"2017-10-31T08:50:31","slug":"usein-kysyttyja-kysymyksia","status":"publish","type":"page","link":"https:\/\/timokivio.com\/staging\/usein-kysyttyja-kysymyksia\/","title":{"rendered":"Usein kysyttyj\u00e4 kysymyksi\u00e4"},"content":{"rendered":"<div class=\"wpb-content-wrapper\"><p>[vc_row full_width=&#8221;0&#8243; full_height=&#8221;0&#8243; sep_bottom=&#8221;separator_bottom sep_angled_positive_bottom&#8221; particles=&#8221;0&#8243; css=&#8221;.vc_custom_1457514077373{padding-top: 96px !important;padding-bottom: 64px !important;}&#8221;][vc_column][vc_empty_space height=&#8221;64px&#8221;][\/vc_column][vc_column width=&#8221;2\/3&#8243; margin=&#8221;margin_bottom_grid&#8221;][vc_toggle title=&#8221;Mik\u00e4 on energiahoitaja?&#8221; el_id=&#8221;1447064341323-f6ee47d8-32bf&#8221;]Jos ajatellaan niin, ett\u00e4 kaikissa ja kaikessa on energiaa ja tietoisuutta, niin esim. VortexHealing\u00ae energiahoidoissa energiahoitaja on se henkil\u00f6, joka voi kokemuksensa, koulutuksensa, tietoisuutensa ja taitojensa sek\u00e4 asiakkaan kanssa tekem\u00e4n yhteisty\u00f6n avulla selvitt\u00e4\u00e4, mitk\u00e4 asiat kaipaavat eniten hoitoa, miten ne ovat mahdollisesti ehdollistuneet ja ep\u00e4tasapainossa, mik\u00e4 kyseiseen tilanteeseen toimisi parhaiten ja\u00a0<em>v\u00e4litt\u00e4\u00e4<\/em>\u00a0niiden muuntamiseen, her\u00e4tt\u00e4miseen ja tasapainoittamiseen tarkoitettua jumalallista energiaa ja tietoisuutta.[\/vc_toggle][vc_toggle title=&#8221;Mit\u00e4 on ehdollistuma?&#8221; el_id=&#8221;1447065607650-fbb48814-35d7&#8243;]<em><strong>Ehdollistumalla<\/strong><\/em>\u00a0tarkoitetaan henkil\u00f6kohtaisen identiteettimme sek\u00e4 ongelmaksi koetun aiheen, kokemuksen tai el\u00e4m\u00e4ntilanteen ymp\u00e4rille kertynytt\u00e4 prosessoimatonta materiaalia, joka lis\u00e4\u00e4ntyess\u00e4\u00e4n ja aktivoituessaan voi tuottaa voimakkaita ja pitkittyvi\u00e4kin oireita, sairauksia ja ep\u00e4tasapainotiloja kehossa, mieless\u00e4, tunteissa ja muualla energiaj\u00e4rjestelm\u00e4ss\u00e4.<\/p>\n<p>Ehdollistuman vaikutukset voivat ilmenty\u00e4 my\u00f6s toistuvina negatiivisina tapahtumina tai teemoina p\u00e4ivitt\u00e4isess\u00e4 el\u00e4m\u00e4ss\u00e4, aiheuttaen reaktiivisuutta sek\u00e4 identiteettimme vahvistumista ja samaistumista kyseiseen ongelmaan. T\u00e4m\u00e4 voi edesauttaa kyseisen ongelman vahvistumista ja vaikeutumista sek\u00e4 heikent\u00e4\u00e4\u00a0arviointi- ja toimintakyky\u00e4mme.[\/vc_toggle][vc_toggle title=&#8221;Mit\u00e4 on VortexHealing\u00ae Divine Energy Healing?&#8221; el_id=&#8221;1447064555113-315c72fb-176e&#8221;]VortexHealing\u00ae on sek\u00e4 kokonaisvaltainen, energeettinen hoitomenetelm\u00e4, ett\u00e4 polku taianomaiseen muuntumiseen ja henkiseen her\u00e4\u00e4miseen. Sen taianomainen muuntamisvoima perustuu jumalalliseen tietoisuuteen ja energiaan, joita kanavoituu hoitojen aikana vastaanottajan energiaj\u00e4rjestelm\u00e4\u00e4n. Niiden p\u00e4\u00e4m\u00e4\u00e4r\u00e4n\u00e4 on hoitaa, eheytt\u00e4\u00e4 ja her\u00e4tt\u00e4\u00e4 tietoisuutta ja ehdollistumaa, jotka pit\u00e4v\u00e4t yll\u00e4 ep\u00e4tasapainoa sek\u00e4 niihin liittyv\u00e4\u00e4 erillisyyden olotilaa. Niinp\u00e4 jokainen hoito toimii my\u00f6s askeleena omalla her\u00e4\u00e4mispolullamme.<\/p>\n<p>Mutta olisi v\u00e4\u00e4rin olettaa, ett\u00e4 t\u00e4m\u00e4 muuntaminen on jotenkin yksinkertainen tapahtuma, jossa vaan &#8220;kanavoidaan jotain ja toivotaan parasta&#8221;. Ihan niin kuin kehommekin (ja sit\u00e4 kautta terveydentilamme) muokkaantuu ja hy\u00f6tyy siit\u00e4, ett\u00e4 sit\u00e4 liikutetaan, rasitetaan ja huolletaan eri tavoin, my\u00f6s todellinen muuntamisprosessi vaatii erilaisia l\u00e4hestymis- ja toimintatapoja ollakseen tehokas, monipuolinen ja kokonaisvaltainen.<\/p>\n<p>VortexHealing on t\u00e4ss\u00e4 asiassa todellinen edell\u00e4k\u00e4vij\u00e4. Ensinn\u00e4kin Vortexissa on laitettu eritt\u00e4in suuri huomio ehdollistuman kartoittamiselle. Se on ollut eritt\u00e4in hy\u00f6dyllist\u00e4, sill\u00e4 prosessin aikana on huomattu, ett\u00e4 ehdollistumaa esiintyy eri ulottuvuuksissa ja mit\u00e4 erilaisimmissa muodoissa ja ett\u00e4 ne reagoivat hoitoty\u00f6h\u00f6n eri tavalla. Sen vuoksi niille on ollut pakko kehitt\u00e4\u00e4 sellaisia metodeita, hoitoprotokollia ja hoitoty\u00f6kaluja, jotka my\u00f6s ylt\u00e4v\u00e4t kaikille niille tasoille, miss\u00e4 ehdollistumaa esiintyy ja ett\u00e4 ne my\u00f6s pystyv\u00e4t tehokkaasti muuntamaan sit\u00e4. T\u00e4ll\u00e4 on ollut eritt\u00e4in suuri vaikutus hoitojen tehokkuuteen.<\/p>\n<p>T\u00e4m\u00e4 on samalla sek\u00e4 yksinkertaistanut ett\u00e4 monipuolistanut hoitoprosessia. Niinp\u00e4 jos jonkun tilanne on se, ett\u00e4 h\u00e4n k\u00e4rsii samanaikaisesti l\u00e4ht\u00f6kohdiltaan kovin erilaisista ongelmista, esim. sek\u00e4 alhaisesta energiatasosta ja vastustuskyvyst\u00e4, tulehdustiloista tai tartuntataudeista, ett\u00e4 jostakin haastavasta ongelmasta tai el\u00e4m\u00e4ntilanteesta, voimme erityisten hoitoprotokollien avulla keskitty\u00e4 niist\u00e4 jokaiseen erikseen &#8211; syv\u00e4llisesti ja yksityiskohtaisesti &#8211; ja siten lis\u00e4t\u00e4 hoitojen tehokkuutta ja toimivuutta. Ja kun tilanteeseen lis\u00e4t\u00e4\u00e4n viel\u00e4 se seikka, ett\u00e4 Vortexin p\u00e4\u00e4m\u00e4\u00e4r\u00e4n\u00e4 on eheytt\u00e4\u00e4 ja her\u00e4tt\u00e4\u00e4 ihmist\u00e4 erillisyyden kokemuksesta kohti ykseytt\u00e4 &#8211; kohti todellista olemustaan &#8211; voidaan puhua aidosti holistisesta eli kokonaisvaltaisesta hoitomuodosta.[\/vc_toggle][vc_toggle title=&#8221;Mit\u00e4 jos olen uusi asiakas?&#8221; el_id=&#8221;1447064451796-0645cbf1-8947&#8243;]Voit\u00a0k\u00e4ytt\u00e4\u00e4 hyv\u00e4ksesi tarjoamaani 15 minuutin puhelinkonsultaatiota, jonka aikana voimme m\u00e4\u00e4ritell\u00e4 tarkemmin, kuinka hoidot voisivat mahdollisesti auttaa tilanteessasi. Jos et osaa sanoa tilanteestasi muuta kuin ett\u00e4 jokin asia vaivaa, mutta et tied\u00e4 mik\u00e4 (tai ett\u00e4 kaikki tuntuu olevan pois kohdiltaan), niin sekin on ok. Tapanani on aistia koko energiaj\u00e4rjestelm\u00e4\u00e4si niin, ett\u00e4 saisimme selville kaikkein t\u00e4rkeimm\u00e4n ja ajankohtaisimman hoitoaiheen. Pyrin my\u00f6s\u00a0tekem\u00e4\u00e4n t\u00e4st\u00e4 aistimisprosessista mahdollisimman konkreettisen, niin ett\u00e4 voit itse kokea\u00a0mit\u00e4 hoidetaan, miss\u00e4 se sijaitsee, milt\u00e4 se tuntuu\/n\u00e4ytt\u00e4\u00e4 ja mik\u00e4 sen vaikutus on ollut el\u00e4m\u00e4llesi. N\u00e4in my\u00f6s hoidoista muodostuu paljon konkreettisempi, sill\u00e4 voit itse verrata, milt\u00e4 kyseinen alkuper\u00e4inen kohta n\u00e4ytt\u00e4\u00e4 sitten kun hoidot on tehty.[\/vc_toggle][vc_toggle title=&#8221;Mit\u00e4 tehd\u00e4 hoidon aikana?&#8221; el_id=&#8221;1447064412741-3e356338-032d&#8221;]Hoito kest\u00e4\u00e4 tunnin (ellei muuta ole sovittu) ja tehd\u00e4\u00e4n ns. \u201cet\u00e4n\u00e4\u201d. T\u00e4m\u00e4 mahdollistaa osallistumisesi hoitoihin esim. kotoasi. Hoidon aikana on ihanteellista olla yksin esim. makuuhuoneessa tai muussa sellaisessa paikassa, jossa voit olla rauhassa. Voit istua tai maata s\u00e4ngyll\u00e4 silm\u00e4t kiinni mit\u00e4\u00e4n sen kummempia tekem\u00e4tt\u00e4. Voit halutessasi vaihtaa asentoa. Sulje puhelimesi ja muut h\u00e4iri\u00f6t\u00e4 aiheuttavat laitteet.<\/p>\n<p>Tuo hoidon aihe mieleesi hoidon alussa. Sen j\u00e4lkeen voit lakata ajattelemasta sit\u00e4. Jos olet oppinut\u00a0keskittymis-, meditaatio- tai energiahoitotekniikoita, voit j\u00e4tt\u00e4\u00e4 ne sivuun hoidon ajaksi. Jos olet k\u00e4ynyt VortexHealing\u00ae energiahoitokurssin, niin toista sielt\u00e4 saatavaa Merlin-mantraa syd\u00e4mess\u00e4si.<\/p>\n<p>On parempi pysy\u00e4 hereill\u00e4 hoidon aikana, mutta jos uni tulee, \u00e4l\u00e4 vastusta sen tuloa. On parempi nukkua hieman kuin k\u00e4ytt\u00e4\u00e4 hoitoaika unen vastustamiseen. Her\u00e4tty\u00e4si voit j\u00e4lleen palata t\u00e4h\u00e4n hetkeen \u2013 n\u00e4in voit olla paremmin l\u00e4sn\u00e4 hoidossa.<\/p>\n<p>Hoidon aikana voit tulla tietoiseksi erilaisista tunteista, ajatuksista ja fyysisist\u00e4 tuntemuksista kehossasi. Anna niiden olla juuri sellaisena kuin ne esiintyv\u00e4t. Voit olla tietoisesti l\u00e4sn\u00e4 niiden kanssa, mutta ilman, ett\u00e4 yrit\u00e4t analysoida niit\u00e4, j\u00e4\u00e4d\u00e4 niihin kiinni, vastustaa niiden olemassaoloa tai edesauttaa niiden poistumista tai muuttumista. Anna kaiken tulla ja menn\u00e4 luonnollisesti omaan tahtiinsa. T\u00e4m\u00e4 nopeuttaa ehdollistuman vapautumista ja tekee siit\u00e4 my\u00f6s mukavampaa ja pehme\u00e4mp\u00e4\u00e4.[\/vc_toggle][vc_toggle title=&#8221;Kuinka on mahdollista, ett\u00e4 hoidot voi tehd\u00e4 et\u00e4n\u00e4?&#8221; el_id=&#8221;1457513256457-224bce79-14b6&#8243;]T\u00e4m\u00e4n asian selitt\u00e4minen vaatii sen, ett\u00e4 sit\u00e4 l\u00e4hestyt\u00e4\u00e4n sellaisesta n\u00e4k\u00f6kulmasta, ett\u00e4 &#8220;on olemasssa vain Yksi&#8221;. T\u00e4m\u00e4 Yksi on ilmentynyt moneksi &#8211; ihan niin kuin meri aaltoineen &#8211; ja vaikka jokaisella aallolla\u00a0n\u00e4ytt\u00e4\u00e4 olevan tietty, toisistaan poikkeava identiteetti, kulkusuunta ja historia, niiden jokaisen todellinen identiteetti on pohjimmiltaan vesi &#8211; eli ne ovat yht\u00e4 ja samaa vett\u00e4.<\/p>\n<p>T\u00e4ll\u00e4 samaa periaatetta k\u00e4ytt\u00e4en, jokainen meist\u00e4 on Yhden ilmentym\u00e4, ja jos katsomme itse\u00e4mme riitt\u00e4v\u00e4n tarkasti ja riitt\u00e4v\u00e4n syv\u00e4lle, huomaamme, ett\u00e4 oma, totuttu min\u00e4-identiteettimme katoaa ja ett\u00e4 j\u00e4ljell\u00e4 on todellinen Ykseys.<\/p>\n<p>Hoidoissa, niin et\u00e4- kuin l\u00e4hihoidoissakin, todellinen hoitaja on Ykseys. Silloin my\u00f6s hoidon kohteena on Ykseys, vaikka t\u00e4m\u00e4 onkin ottanut ihmisen muodon. Hoidon p\u00e4\u00e4m\u00e4\u00e4r\u00e4n\u00e4 on hoitaa ehdollistumaa (joka pit\u00e4\u00e4 yll\u00e4 eriytymisen harhaa) niin, ett\u00e4 hoidettavassa henkil\u00f6ss\u00e4 on hoidon j\u00e4lkeen enemm\u00e4n tilaa Ykseydelle.<\/p>\n<p>Hoidon onnistumisen kannalta on erityisen t\u00e4rke\u00e4\u00e4, ett\u00e4 hoitajan roolissa esiintyv\u00e4 henkil\u00f6 pystyy muodostamaan aidon, tietoisen ja aktiivisen yhteyden Ykseyteen. Silloin h\u00e4n voi muodostaa samanlaisen yhteyden my\u00f6s hoidettavaan henkil\u00f6\u00f6n &#8211; ja nimenomaan Ykseydest\u00e4 k\u00e4sin. Ja koska siin\u00e4 vaiheessa omana identiteettin\u00e4 on\u00a0Ykseys, niin Ykseys, joka on jo kaikkialla, tiet\u00e4\u00e4 miss\u00e4 kyseinen hoitokohde on ja se on my\u00f6s suorassa ja kiinte\u00e4ss\u00e4 yhteydess\u00e4 t\u00e4h\u00e4n &#8211; onhan h\u00e4n Ykseyden ilmentym\u00e4.<\/p>\n<p>Kun hoidot tehd\u00e4\u00e4n t\u00e4lt\u00e4 tasolta, hoidoista tulee todella v\u00e4litt\u00f6mi\u00e4\u00a0&#8211; ihan kuin sek\u00e4 hoitaja ett\u00e4 hoidettava olisivat konkreettisesti t\u00e4ss\u00e4 ja nyt &#8211; ilman et\u00e4isyytt\u00e4 &#8211; sek\u00e4 subjektina ja objektina.<\/p>\n<p>Mit\u00e4 enemm\u00e4n hoitaja on\u00a0kehitt\u00e4nyt aistimis- ja hoitotaitojaan, tehnyt t\u00f6it\u00e4 oman ehdollistuman hoitamiseksi, mit\u00e4 syvemm\u00e4lle h\u00e4n on tietoisesti her\u00e4nnyt Ykseyden tasolle, ja mit\u00e4 enemm\u00e4n h\u00e4nen energiaj\u00e4rjestelm\u00e4ns\u00e4 on kehittynyt linkitt\u00e4\u00e4kseen esim. Vortexhoitojen l\u00e4hteen\u00e4 toimivaa\u00a0tietoisuutta ja energiaa,\u00a0sit\u00e4 puhtaampia ja voimakkaampia hoidot ovat ja sit\u00e4 paremmin hoidot toimivat.[\/vc_toggle][vc_toggle title=&#8221;Teetk\u00f6 l\u00e4hihoitoja vai ovatko kaikki hoidot et\u00e4hoitoja?&#8221; el_id=&#8221;1447065710387-d413605d-104e&#8221;]Kaikki hoidot ovat et\u00e4hoitoja. Niinp\u00e4 hoidoista voi nauttia miss\u00e4 tahansa oletkin.[\/vc_toggle][vc_toggle title=&#8221;Saako hoidoista Kela-korvausta?&#8221; el_id=&#8221;1447065636406-978b4ed0-e711&#8243;]Hoidot eiv\u00e4t kuulu Kela-korvauksen piiriin.[\/vc_toggle][\/vc_column][\/vc_row]<\/p>\n<\/div>","protected":false},"excerpt":{"rendered":"<p>[vc_row full_width=&#8221;0&#8243; full_height=&#8221;0&#8243; sep_bottom=&#8221;separator_bottom sep_angled_positive_bottom&#8221; particles=&#8221;0&#8243; css=&#8221;.vc_custom_1457514077373{padding-top: 96px !important;padding-bottom: 64px !important;}&#8221;][vc_column][vc_empty_space height=&#8221;64px&#8221;][\/vc_column][vc_column width=&#8221;2\/3&#8243; margin=&#8221;margin_bottom_grid&#8221;][vc_toggle title=&#8221;Mik\u00e4 on energiahoitaja?&#8221; el_id=&#8221;1447064341323-f6ee47d8-32bf&#8221;]Jos ajatellaan niin, ett\u00e4 kaikissa ja kaikessa on energiaa ja tietoisuutta, niin esim. [&hellip;]<\/p>\n","protected":false},"author":1,"featured_media":1406,"parent":0,"menu_order":0,"comment_status":"closed","ping_status":"closed","template":"","meta":{"footnotes":""},"class_list":["post-1001","page","type-page","status-publish","has-post-thumbnail","hentry"],"yoast_head":"<!-- This site is optimized with the Yoast SEO plugin v24.2 - https:\/\/yoast.com\/wordpress\/plugins\/seo\/ -->\n<title>Usein kysyttyj\u00e4 kysymyksi\u00e4 - timokivio.com<\/title>\n<meta name=\"robots\" content=\"index, follow, max-snippet:-1, max-image-preview:large, max-video-preview:-1\" \/>\n<link rel=\"canonical\" href=\"https:\/\/timokivio.com\/staging\/usein-kysyttyja-kysymyksia\/\" \/>\n<meta name=\"twitter:label1\" content=\"Arvioitu lukuaika\" \/>\n\t<meta name=\"twitter:data1\" content=\"7 minuuttia\" \/>\n<script type=\"application\/ld+json\" class=\"yoast-schema-graph\">{\"@context\":\"https:\/\/schema.org\",\"@graph\":[{\"@type\":\"WebPage\",\"@id\":\"https:\/\/timokivio.com\/staging\/usein-kysyttyja-kysymyksia\/\",\"url\":\"https:\/\/timokivio.com\/staging\/usein-kysyttyja-kysymyksia\/\",\"name\":\"Usein kysyttyj\u00e4 kysymyksi\u00e4 - timokivio.com\",\"isPartOf\":{\"@id\":\"https:\/\/timokivio.com\/staging\/#website\"},\"primaryImageOfPage\":{\"@id\":\"https:\/\/timokivio.com\/staging\/usein-kysyttyja-kysymyksia\/#primaryimage\"},\"image\":{\"@id\":\"https:\/\/timokivio.com\/staging\/usein-kysyttyja-kysymyksia\/#primaryimage\"},\"thumbnailUrl\":\"https:\/\/timokivio.com\/staging\/wp-content\/uploads\/2016\/11\/austria-2064513_1920.jpg\",\"datePublished\":\"2016-11-25T05:07:28+00:00\",\"dateModified\":\"2017-10-31T08:50:31+00:00\",\"breadcrumb\":{\"@id\":\"https:\/\/timokivio.com\/staging\/usein-kysyttyja-kysymyksia\/#breadcrumb\"},\"inLanguage\":\"fi\",\"potentialAction\":[{\"@type\":\"ReadAction\",\"target\":[\"https:\/\/timokivio.com\/staging\/usein-kysyttyja-kysymyksia\/\"]}]},{\"@type\":\"ImageObject\",\"inLanguage\":\"fi\",\"@id\":\"https:\/\/timokivio.com\/staging\/usein-kysyttyja-kysymyksia\/#primaryimage\",\"url\":\"https:\/\/timokivio.com\/staging\/wp-content\/uploads\/2016\/11\/austria-2064513_1920.jpg\",\"contentUrl\":\"https:\/\/timokivio.com\/staging\/wp-content\/uploads\/2016\/11\/austria-2064513_1920.jpg\",\"width\":1920,\"height\":997},{\"@type\":\"BreadcrumbList\",\"@id\":\"https:\/\/timokivio.com\/staging\/usein-kysyttyja-kysymyksia\/#breadcrumb\",\"itemListElement\":[{\"@type\":\"ListItem\",\"position\":1,\"name\":\"Home\",\"item\":\"https:\/\/timokivio.com\/staging\/\"},{\"@type\":\"ListItem\",\"position\":2,\"name\":\"Usein kysyttyj\u00e4 kysymyksi\u00e4\"}]},{\"@type\":\"WebSite\",\"@id\":\"https:\/\/timokivio.com\/staging\/#website\",\"url\":\"https:\/\/timokivio.com\/staging\/\",\"name\":\"timokivio.com\",\"description\":\"Blog\",\"potentialAction\":[{\"@type\":\"SearchAction\",\"target\":{\"@type\":\"EntryPoint\",\"urlTemplate\":\"https:\/\/timokivio.com\/staging\/?s={search_term_string}\"},\"query-input\":{\"@type\":\"PropertyValueSpecification\",\"valueRequired\":true,\"valueName\":\"search_term_string\"}}],\"inLanguage\":\"fi\"}]}<\/script>\n<!-- \/ Yoast SEO plugin. -->","yoast_head_json":{"title":"Usein kysyttyj\u00e4 kysymyksi\u00e4 - timokivio.com","robots":{"index":"index","follow":"follow","max-snippet":"max-snippet:-1","max-image-preview":"max-image-preview:large","max-video-preview":"max-video-preview:-1"},"canonical":"https:\/\/timokivio.com\/staging\/usein-kysyttyja-kysymyksia\/","twitter_misc":{"Arvioitu lukuaika":"7 minuuttia"},"schema":{"@context":"https:\/\/schema.org","@graph":[{"@type":"WebPage","@id":"https:\/\/timokivio.com\/staging\/usein-kysyttyja-kysymyksia\/","url":"https:\/\/timokivio.com\/staging\/usein-kysyttyja-kysymyksia\/","name":"Usein kysyttyj\u00e4 kysymyksi\u00e4 - timokivio.com","isPartOf":{"@id":"https:\/\/timokivio.com\/staging\/#website"},"primaryImageOfPage":{"@id":"https:\/\/timokivio.com\/staging\/usein-kysyttyja-kysymyksia\/#primaryimage"},"image":{"@id":"https:\/\/timokivio.com\/staging\/usein-kysyttyja-kysymyksia\/#primaryimage"},"thumbnailUrl":"https:\/\/timokivio.com\/staging\/wp-content\/uploads\/2016\/11\/austria-2064513_1920.jpg","datePublished":"2016-11-25T05:07:28+00:00","dateModified":"2017-10-31T08:50:31+00:00","breadcrumb":{"@id":"https:\/\/timokivio.com\/staging\/usein-kysyttyja-kysymyksia\/#breadcrumb"},"inLanguage":"fi","potentialAction":[{"@type":"ReadAction","target":["https:\/\/timokivio.com\/staging\/usein-kysyttyja-kysymyksia\/"]}]},{"@type":"ImageObject","inLanguage":"fi","@id":"https:\/\/timokivio.com\/staging\/usein-kysyttyja-kysymyksia\/#primaryimage","url":"https:\/\/timokivio.com\/staging\/wp-content\/uploads\/2016\/11\/austria-2064513_1920.jpg","contentUrl":"https:\/\/timokivio.com\/staging\/wp-content\/uploads\/2016\/11\/austria-2064513_1920.jpg","width":1920,"height":997},{"@type":"BreadcrumbList","@id":"https:\/\/timokivio.com\/staging\/usein-kysyttyja-kysymyksia\/#breadcrumb","itemListElement":[{"@type":"ListItem","position":1,"name":"Home","item":"https:\/\/timokivio.com\/staging\/"},{"@type":"ListItem","position":2,"name":"Usein kysyttyj\u00e4 kysymyksi\u00e4"}]},{"@type":"WebSite","@id":"https:\/\/timokivio.com\/staging\/#website","url":"https:\/\/timokivio.com\/staging\/","name":"timokivio.com","description":"Blog","potentialAction":[{"@type":"SearchAction","target":{"@type":"EntryPoint","urlTemplate":"https:\/\/timokivio.com\/staging\/?s={search_term_string}"},"query-input":{"@type":"PropertyValueSpecification","valueRequired":true,"valueName":"search_term_string"}}],"inLanguage":"fi"}]}},"_links":{"self":[{"href":"https:\/\/timokivio.com\/staging\/wp-json\/wp\/v2\/pages\/1001","targetHints":{"allow":["GET"]}}],"collection":[{"href":"https:\/\/timokivio.com\/staging\/wp-json\/wp\/v2\/pages"}],"about":[{"href":"https:\/\/timokivio.com\/staging\/wp-json\/wp\/v2\/types\/page"}],"author":[{"embeddable":true,"href":"https:\/\/timokivio.com\/staging\/wp-json\/wp\/v2\/users\/1"}],"replies":[{"embeddable":true,"href":"https:\/\/timokivio.com\/staging\/wp-json\/wp\/v2\/comments?post=1001"}],"version-history":[{"count":21,"href":"https:\/\/timokivio.com\/staging\/wp-json\/wp\/v2\/pages\/1001\/revisions"}],"predecessor-version":[{"id":1682,"href":"https:\/\/timokivio.com\/staging\/wp-json\/wp\/v2\/pages\/1001\/revisions\/1682"}],"wp:featuredmedia":[{"embeddable":true,"href":"https:\/\/timokivio.com\/staging\/wp-json\/wp\/v2\/media\/1406"}],"wp:attachment":[{"href":"https:\/\/timokivio.com\/staging\/wp-json\/wp\/v2\/media?parent=1001"}],"curies":[{"name":"wp","href":"https:\/\/api.w.org\/{rel}","templated":true}]}}