{"id":1566,"date":"2017-07-13T16:11:03","date_gmt":"2017-07-13T14:11:03","guid":{"rendered":"http:\/\/timokivio.com\/staging\/en\/?page_id=1566"},"modified":"2018-03-09T19:55:49","modified_gmt":"2018-03-09T17:55:49","slug":"health-and-well-being","status":"publish","type":"page","link":"https:\/\/timokivio.com\/en\/health-and-well-being\/","title":{"rendered":"Health and well-being"},"content":{"rendered":"<div class=\"wpb-content-wrapper\"><p>[vc_row full_width=&#8221;0&#8243; full_height=&#8221;0&#8243; particles=&#8221;0&#8243; css=&#8221;.vc_custom_1457512674147{padding-bottom: 96px !important;}&#8221;][vc_column][vc_empty_space height=&#8221;64px&#8221;][\/vc_column][vc_column width=&#8221;1\/2&#8243;][vc_column_text]<\/p>\n<div class=\"section_header subtitle_bottom fancy text-left\">\n<h3>Health and well-being<\/h3>\n<\/div>\n<div class=\"wpb_text_column wpb_content_element \">\n<div class=\"wpb_wrapper\">\n<p>Conditioning hides reality and makes us evaluate and experience life from a conditioned point of view. It leads to us making choices that are based on unresolved past experiences and conflicted relationship with ourselves rather than free will and inner harmony. Located at every level of our multi-dimensional body, consciousness, and energy system, conditioning attracts, creates, and maintains conditions and life situations similar to its nature, adding to our struggle. Yet those conditions and situations, if investigated and addressed properly, can serve as a way to better health and well-being.<\/p>\n<\/div>\n<\/div>\n<p>A common trait shared by different types of conditioning is that it blocks, limits, and alters our natural way of being, behaving, and functioning. It does the same to our body and energy system, constricting what would naturally exist, function, and flow in us. The effect can be experienced as pain, pressure, tightness, decreased level of energy, and disease, among other things.<\/p>\n<p>The main force behind constriction comes from our personal identification with what is out of balance. It creates a false impression that the condition\/imbalance is a natural part of you. Being found everywhere where a condition exists, this identification acts like a clue that keeps all the pieces of the puzzle together, reinforcing their impact and strength on our body and consciousness. This becomes a barrier to better health, change, learning, growing, well-being, and letting go.<\/p>\n<p>The bodily symptoms and conflicted life situations created by conditioning can often be traced back to their origin. This is very useful as it isolates the problem into something clear and concrete that can then be addressed and monitored directly.<\/p>\n<p>More often than not, the process reveals specific life events that are still influencing us in a negative way. It can also reveal conditions that are passed down onto us through our genetics or are the result of our own past-life history &#8212; or the symptoms can be caused simultaneously by all three.<\/p>\n<p>But considering how deeply diverse and multi-dimensional our conditioning is and how deeply it impacts our health, energy system, behaviour, life, and sense of self, a lot is required from the healing tools to create a truly holistic healing effect.<\/p>\n<p>&nbsp;<\/p>\n<p>Some of the biggest\u00a0 in successfully addressing conditioning is that it is very specific in nature\u00a0(the amount, type, depth, strength, locations, etc.) and that it is always intimately linked to our personal history and journey of self-discovery.<\/p>\n<p>VortexHealing\u00ae, which is a divine energy healing modality, is especially known for that.<\/p>\n<p>And this is not the case with conditioning just in general but with each problem separately as well. This is because conditioning is very specific by its nature in every way imaginable\u00a0 &#8211; otherwise, it couldn&#8217;t accurately reflect one&#8217;s history nor guide the healing process.<\/p>\n<p>For example, an issue could be likened to a home with many rooms and many stories. The rooms signify the various locations in the energy system that conditioning has been found to exist and the stories signify the different dimensions that those locations simultaneously occupy. (For example, the physical level is very different from mental, emotional, and spiritual level. There are other levels too, such as various types of energy pathways, karmic conditioning, cellular consciousness, genetic consciousness, and many others.)<\/p>\n<p>Thus, true holistic healing would be such that is able to target, clean, and transform these conditioned rooms across various locations and dimensions. It would also address how our personality and consciousness is being affected by a specific condition and create balance, awakening, and harmony while doing so.<\/p>\n<p>Needless to say, this would be too much for any human being to handle. VortexHealing\u00ae, however, is a divine energy healing modality that is run by divine energy and consciousness designed to facilitate such healing and transformation. It is designed to transform the roots of our emotional consciousness, heal the physical body, and awaken our sense of separation from the wholeness of life.<\/p>\n<div class=\"wpb_text_column wpb_content_element \">\n<div class=\"wpb_wrapper\">\n<p>&nbsp;<\/p>\n<p>&nbsp;<\/p>\n<p>&nbsp;<\/p>\n<p>&nbsp;<\/p>\n<p>Hoidoissa k\u00e4ytet\u00e4\u00e4n p\u00e4\u00e4osin VortexHealing\u00ae energiahoitoon perustuvaa hoitoprotokollaa, jonka hoitaa, muuntaa ja vapauttaa asiaan liittyv\u00e4\u00e4 ehdollistumaa sek\u00e4 siihen muodostunutta identiteetti\u00e4mme.<\/p>\n<p>Kaikki hoidot tehd\u00e4\u00e4n et\u00e4n\u00e4, eli voit osallistua niihin suoraan kotoasi.<\/p>\n<p>Tervetuloa energiahoitoon!<\/p>\n<p>&nbsp;<\/p>\n<p><strong>Hoitoprosessista<\/strong><\/p>\n<ul>\n<li>Ota yhteytt\u00e4 jutellaksemme tilanteestasi tarkemmin<\/li>\n<\/ul>\n<ul>\n<li>L\u00f6ydetty\u00e4mme parhaimman hoitoaiheen, sovimme sopivat hoitoajat<\/li>\n<\/ul>\n<ul>\n<li>Hoidot tapahtuvat et\u00e4n\u00e4, eli voit osallistua hoitoihin kotoasi k\u00e4sin<\/li>\n<\/ul>\n<p>&nbsp;<\/p>\n<h3>Prices<\/h3>\n<ul>\n<li>One healing is 150\u20ac and it includes a phone consultation, a healing (1 hour), and feedback (via phone or email)<\/li>\n<\/ul>\n<ul>\n<li>The number of healings needed varies. Usually, it\u2019s 1-6 healings,\u00a0depending on how big, deep, serious, chronic, or acute the issue is. Physical symptoms and other possible conditions, such as low energy level, viral and bacterial infections, and inflammation affect the number of healings needed. I will give an estimate on that during your phone consultation.<\/li>\n<\/ul>\n<p>&nbsp;<\/p>\n<h3>Healing experience<\/h3>\n<p><em>My teeth were aching again. They had been in pain daily for several weeks now. The pain stroke like a lightning from a clear sky &#8211; without any warning or expectation &#8211; sometimes several times a day. The pain was so severe that it took my attention completely, sometimes for a couple of hours at a time, yet the dentist didn&#8217;t find anything wrong except a mild gum infection which had already been taken care of.<\/em><\/p>\n<p><em>I had tried to use Vortex on this condition a few times already, but the pain had always been too strong to be able to concentrate on anything else except just being and breathing, which also had to be done in a certain way to avoid the pain from getting worse.<\/em><\/p>\n<p><em>One day, when the pain was still quite manageable, it occurred to me to approach this matter the same way I do with other physical symptoms I experience in my body: I assumed that these symptoms were caused by a specific issue or situation that was bothering me deeply &#8211; and that it had tried to catch my attention.\u00a0<\/em><\/p>\n<p><i>Using the pain as my ally, I focused my awareness into the very root of it, exactly into the spot where I felt it the most. Then I started to use my sensing abilities to discover specific details about how my life could be stuck or unbalanced. And sure enough, I came across something significant that had become a blind spot for me.<\/i><\/p>\n<p><i>I proceeded to apply the special Vortex healing protocol on that issue while simultaneously bridging my awareness ever deeper into the conditioned consciousness of the issue.\u00a0<\/i><em>After continuing for 2-3 hours, I discovered a piece of conditioning that felt very intense and significant. I ended up giving it everything I got and then, all of a sudden, it totally gave in. The tooth ache stopped right there and never came back.<\/em><\/p>\n<\/div>\n<\/div>\n<p>[\/vc_column_text][\/vc_column][vc_column width=&#8221;1\/2&#8243;]<div class=\"pl_fixed_ratio_media  \">\r\n    <div class=\"stretchy_wrapper ratio_16-9   bg_vtop\" style=\"background-image: url('https:\/\/timokivio.com\/wp-content\/uploads\/2016\/02\/nerivill1-1905261_1920.jpg');\">\r\n      <img decoding=\"async\" alt=\"\" src=\"https:\/\/timokivio.com\/wp-content\/uploads\/2016\/02\/nerivill1-1905261_1920.jpg\">\r\n    <\/div>\r\n\r\n<\/div>[\/vc_column][\/vc_row][vc_row color_set=&#8221;secondary_section&#8221; full_width=&#8221;0&#8243; full_height=&#8221;0&#8243; sep_bottom=&#8221;separator_bottom sep_angled_positive_bottom&#8221; particles=&#8221;0&#8243; css=&#8221;.vc_custom_1457511086992{padding-top: 96px !important;padding-bottom: 64px !important;}&#8221;][vc_column width=&#8221;2\/3&#8243; offset=&#8221;vc_col-sm-offset-2&#8243;][vc_column_text]<\/p>\n<h3 style=\"text-align: center;\">To find out if these healings are right for you, schedule a\u00a0<strong>free 15-minute phone consultation<\/strong>\u00a0with me. During the call, we will talk about your situation and determine how these healings may be of help.<\/h3>\n<p>[\/vc_column_text][\/vc_column][\/vc_row][vc_row color_set=&#8221;black_section&#8221; full_width=&#8221;0&#8243; full_height=&#8221;0&#8243; transparent_overlay=&#8221;transparent_film&#8221; background=&#8221;bgimage&#8221; bgimage=&#8221;98&#8243; parallax=&#8221;1&#8243;][vc_column]<div class=\"section_header subtitle_bottom   fancy text-center\">\r\n\r\n    <h3><strong>For appointments and free 15-min phone consultation..<\/strong><\/h3>\n\r\n\r\n        <p >Call +358 45 231 8155 or connect via WhatsApp<\/p>\r\n<\/div><div class=\"plethora_button wpb_content_element   text-center \">\r\n    <a href=\"http:\/\/timokivio.com\/staging\/en\/connect\/\" debug class=\" btn btn-secondary with-icon icon-left\" title=\"\"  target=\"_self\">\r\n\r\n         <i class=\"fa fa-check\"><\/i> \r\n        Let&#039;s do this\r\n        \r\n\r\n    <\/a>\r\n<\/div>[\/vc_column][\/vc_row]<\/p>\n<\/div>","protected":false},"excerpt":{"rendered":"<p>[vc_row full_width=&#8221;0&#8243; full_height=&#8221;0&#8243; particles=&#8221;0&#8243; css=&#8221;.vc_custom_1457512674147{padding-bottom: 96px !important;}&#8221;][vc_column][vc_empty_space height=&#8221;64px&#8221;][\/vc_column][vc_column width=&#8221;1\/2&#8243;][vc_column_text] Health and well-being Conditioning hides reality and makes us evaluate and experience life from a conditioned point of view. It leads [&hellip;]<\/p>\n","protected":false},"author":1,"featured_media":1356,"parent":0,"menu_order":0,"comment_status":"closed","ping_status":"closed","template":"","meta":{"footnotes":""},"class_list":["post-1566","page","type-page","status-publish","has-post-thumbnail","hentry"],"yoast_head":"<!-- This site is optimized with the Yoast SEO plugin v26.9 - https:\/\/yoast.com\/product\/yoast-seo-wordpress\/ -->\n<title>Health and well-being - timokivio.com<\/title>\n<meta name=\"robots\" content=\"index, follow, max-snippet:-1, max-image-preview:large, max-video-preview:-1\" \/>\n<link rel=\"canonical\" href=\"https:\/\/timokivio.com\/en\/health-and-well-being\/\" \/>\n<meta name=\"twitter:label1\" content=\"Est. reading time\" \/>\n\t<meta name=\"twitter:data1\" content=\"7 minutes\" \/>\n<script type=\"application\/ld+json\" class=\"yoast-schema-graph\">{\"@context\":\"https:\/\/schema.org\",\"@graph\":[{\"@type\":\"WebPage\",\"@id\":\"https:\/\/timokivio.com\/en\/health-and-well-being\/\",\"url\":\"https:\/\/timokivio.com\/en\/health-and-well-being\/\",\"name\":\"Health and well-being - timokivio.com\",\"isPartOf\":{\"@id\":\"https:\/\/timokivio.com\/#website\"},\"primaryImageOfPage\":{\"@id\":\"https:\/\/timokivio.com\/en\/health-and-well-being\/#primaryimage\"},\"image\":{\"@id\":\"https:\/\/timokivio.com\/en\/health-and-well-being\/#primaryimage\"},\"thumbnailUrl\":\"https:\/\/timokivio.com\/wp-content\/uploads\/2016\/02\/mood-1335737_1920.jpg\",\"datePublished\":\"2017-07-13T14:11:03+00:00\",\"dateModified\":\"2018-03-09T17:55:49+00:00\",\"breadcrumb\":{\"@id\":\"https:\/\/timokivio.com\/en\/health-and-well-being\/#breadcrumb\"},\"inLanguage\":\"en-US\",\"potentialAction\":[{\"@type\":\"ReadAction\",\"target\":[\"https:\/\/timokivio.com\/en\/health-and-well-being\/\"]}]},{\"@type\":\"ImageObject\",\"inLanguage\":\"en-US\",\"@id\":\"https:\/\/timokivio.com\/en\/health-and-well-being\/#primaryimage\",\"url\":\"https:\/\/timokivio.com\/wp-content\/uploads\/2016\/02\/mood-1335737_1920.jpg\",\"contentUrl\":\"https:\/\/timokivio.com\/wp-content\/uploads\/2016\/02\/mood-1335737_1920.jpg\",\"width\":1920,\"height\":1280},{\"@type\":\"BreadcrumbList\",\"@id\":\"https:\/\/timokivio.com\/en\/health-and-well-being\/#breadcrumb\",\"itemListElement\":[{\"@type\":\"ListItem\",\"position\":1,\"name\":\"Home\",\"item\":\"https:\/\/timokivio.com\/en\/\"},{\"@type\":\"ListItem\",\"position\":2,\"name\":\"Health and well-being\"}]},{\"@type\":\"WebSite\",\"@id\":\"https:\/\/timokivio.com\/#website\",\"url\":\"https:\/\/timokivio.com\/\",\"name\":\"timokivio.com\",\"description\":\"Blog\",\"potentialAction\":[{\"@type\":\"SearchAction\",\"target\":{\"@type\":\"EntryPoint\",\"urlTemplate\":\"https:\/\/timokivio.com\/?s={search_term_string}\"},\"query-input\":{\"@type\":\"PropertyValueSpecification\",\"valueRequired\":true,\"valueName\":\"search_term_string\"}}],\"inLanguage\":\"en-US\"}]}<\/script>\n<!-- \/ Yoast SEO plugin. -->","yoast_head_json":{"title":"Health and well-being - timokivio.com","robots":{"index":"index","follow":"follow","max-snippet":"max-snippet:-1","max-image-preview":"max-image-preview:large","max-video-preview":"max-video-preview:-1"},"canonical":"https:\/\/timokivio.com\/en\/health-and-well-being\/","twitter_misc":{"Est. reading time":"7 minutes"},"schema":{"@context":"https:\/\/schema.org","@graph":[{"@type":"WebPage","@id":"https:\/\/timokivio.com\/en\/health-and-well-being\/","url":"https:\/\/timokivio.com\/en\/health-and-well-being\/","name":"Health and well-being - timokivio.com","isPartOf":{"@id":"https:\/\/timokivio.com\/#website"},"primaryImageOfPage":{"@id":"https:\/\/timokivio.com\/en\/health-and-well-being\/#primaryimage"},"image":{"@id":"https:\/\/timokivio.com\/en\/health-and-well-being\/#primaryimage"},"thumbnailUrl":"https:\/\/timokivio.com\/wp-content\/uploads\/2016\/02\/mood-1335737_1920.jpg","datePublished":"2017-07-13T14:11:03+00:00","dateModified":"2018-03-09T17:55:49+00:00","breadcrumb":{"@id":"https:\/\/timokivio.com\/en\/health-and-well-being\/#breadcrumb"},"inLanguage":"en-US","potentialAction":[{"@type":"ReadAction","target":["https:\/\/timokivio.com\/en\/health-and-well-being\/"]}]},{"@type":"ImageObject","inLanguage":"en-US","@id":"https:\/\/timokivio.com\/en\/health-and-well-being\/#primaryimage","url":"https:\/\/timokivio.com\/wp-content\/uploads\/2016\/02\/mood-1335737_1920.jpg","contentUrl":"https:\/\/timokivio.com\/wp-content\/uploads\/2016\/02\/mood-1335737_1920.jpg","width":1920,"height":1280},{"@type":"BreadcrumbList","@id":"https:\/\/timokivio.com\/en\/health-and-well-being\/#breadcrumb","itemListElement":[{"@type":"ListItem","position":1,"name":"Home","item":"https:\/\/timokivio.com\/en\/"},{"@type":"ListItem","position":2,"name":"Health and well-being"}]},{"@type":"WebSite","@id":"https:\/\/timokivio.com\/#website","url":"https:\/\/timokivio.com\/","name":"timokivio.com","description":"Blog","potentialAction":[{"@type":"SearchAction","target":{"@type":"EntryPoint","urlTemplate":"https:\/\/timokivio.com\/?s={search_term_string}"},"query-input":{"@type":"PropertyValueSpecification","valueRequired":true,"valueName":"search_term_string"}}],"inLanguage":"en-US"}]}},"_links":{"self":[{"href":"https:\/\/timokivio.com\/en\/wp-json\/wp\/v2\/pages\/1566","targetHints":{"allow":["GET"]}}],"collection":[{"href":"https:\/\/timokivio.com\/en\/wp-json\/wp\/v2\/pages"}],"about":[{"href":"https:\/\/timokivio.com\/en\/wp-json\/wp\/v2\/types\/page"}],"author":[{"embeddable":true,"href":"https:\/\/timokivio.com\/en\/wp-json\/wp\/v2\/users\/1"}],"replies":[{"embeddable":true,"href":"https:\/\/timokivio.com\/en\/wp-json\/wp\/v2\/comments?post=1566"}],"version-history":[{"count":24,"href":"https:\/\/timokivio.com\/en\/wp-json\/wp\/v2\/pages\/1566\/revisions"}],"predecessor-version":[{"id":1855,"href":"https:\/\/timokivio.com\/en\/wp-json\/wp\/v2\/pages\/1566\/revisions\/1855"}],"wp:featuredmedia":[{"embeddable":true,"href":"https:\/\/timokivio.com\/en\/wp-json\/wp\/v2\/media\/1356"}],"wp:attachment":[{"href":"https:\/\/timokivio.com\/en\/wp-json\/wp\/v2\/media?parent=1566"}],"curies":[{"name":"wp","href":"https:\/\/api.w.org\/{rel}","templated":true}]}}