{"id":43,"date":"2012-06-20T16:12:06","date_gmt":"2012-06-20T14:12:06","guid":{"rendered":"http:\/\/timokivio.com\/?page_id=43"},"modified":"2012-06-20T16:12:06","modified_gmt":"2012-06-20T14:12:06","slug":"ota-yhteytta-2","status":"publish","type":"page","link":"https:\/\/timokivio.com\/en\/ota-yhteytta-2\/","title":{"rendered":"Ota yhteytt\u00e4"},"content":{"rendered":"<p><strong>Tmi. Timo Kivi\u00f6<\/strong><\/p>\n<p><strong>Y-tunnus: 1113309-5<\/strong><\/p>\n<p><strong>Puh: 045-231 8155\u00a0\u00a0<\/strong><\/p>\n<p><strong>Email: timo.kivio@gmail.com<br \/>\n<\/strong><br \/>\n<strong>HUOM! KAIKKI ENERGIAHOIDOT VOIDAAN TEHD\u00c4 ET\u00c4HOITOINA.<\/strong><\/p>\n<p><strong>HUOM!! ETH\u00c4N ILMOITTAUDU RYHM\u00c4HOITOIHIN ALLA OLEVAN LOMAKKEEN KAUTTA. Ilmoittaudu niihin ainoastaan puhelimitse tai yll\u00e4olevaa s\u00e4hk\u00f6postia k\u00e4ytt\u00e4en.<\/strong><\/p>\n<p>[raw]<p class=\"wpcf7-contact-form-not-found\"><strong>Error:<\/strong> Contact form not found.<\/p>[\/raw]<\/p>\n","protected":false},"excerpt":{"rendered":"<p>Tmi. Timo Kivi\u00f6 Y-tunnus: 1113309-5 Puh: 045-231 8155\u00a0\u00a0 Email: timo.kivio@gmail.com HUOM! KAIKKI ENERGIAHOIDOT VOIDAAN TEHD\u00c4 ET\u00c4HOITOINA. HUOM!! ETH\u00c4N ILMOITTAUDU RYHM\u00c4HOITOIHIN ALLA OLEVAN LOMAKKEEN KAUTTA. Ilmoittaudu niihin ainoastaan puhelimitse tai yll\u00e4olevaa [&hellip;]<\/p>\n","protected":false},"author":3,"featured_media":0,"parent":0,"menu_order":5,"comment_status":"closed","ping_status":"closed","template":"template_leftsidebar_horizontalnav.php","meta":{"footnotes":""},"class_list":["post-43","page","type-page","status-publish","hentry"],"yoast_head":"<!-- This site is optimized with the Yoast SEO plugin v26.9 - https:\/\/yoast.com\/product\/yoast-seo-wordpress\/ -->\n<title>Ota yhteytt\u00e4 - timokivio.com<\/title>\n<meta name=\"robots\" content=\"index, follow, max-snippet:-1, max-image-preview:large, max-video-preview:-1\" \/>\n<link rel=\"canonical\" href=\"https:\/\/timokivio.com\/en\/ota-yhteytta-2\/\" \/>\n<script type=\"application\/ld+json\" class=\"yoast-schema-graph\">{\"@context\":\"https:\/\/schema.org\",\"@graph\":[{\"@type\":\"WebPage\",\"@id\":\"https:\/\/timokivio.com\/en\/ota-yhteytta-2\/\",\"url\":\"https:\/\/timokivio.com\/en\/ota-yhteytta-2\/\",\"name\":\"Ota yhteytt\u00e4 - timokivio.com\",\"isPartOf\":{\"@id\":\"https:\/\/timokivio.com\/#website\"},\"datePublished\":\"2012-06-20T14:12:06+00:00\",\"breadcrumb\":{\"@id\":\"https:\/\/timokivio.com\/en\/ota-yhteytta-2\/#breadcrumb\"},\"inLanguage\":\"en-US\",\"potentialAction\":[{\"@type\":\"ReadAction\",\"target\":[\"https:\/\/timokivio.com\/en\/ota-yhteytta-2\/\"]}]},{\"@type\":\"BreadcrumbList\",\"@id\":\"https:\/\/timokivio.com\/en\/ota-yhteytta-2\/#breadcrumb\",\"itemListElement\":[{\"@type\":\"ListItem\",\"position\":1,\"name\":\"Home\",\"item\":\"https:\/\/timokivio.com\/en\/\"},{\"@type\":\"ListItem\",\"position\":2,\"name\":\"Ota yhteytt\u00e4\"}]},{\"@type\":\"WebSite\",\"@id\":\"https:\/\/timokivio.com\/#website\",\"url\":\"https:\/\/timokivio.com\/\",\"name\":\"timokivio.com\",\"description\":\"Blog\",\"potentialAction\":[{\"@type\":\"SearchAction\",\"target\":{\"@type\":\"EntryPoint\",\"urlTemplate\":\"https:\/\/timokivio.com\/?s={search_term_string}\"},\"query-input\":{\"@type\":\"PropertyValueSpecification\",\"valueRequired\":true,\"valueName\":\"search_term_string\"}}],\"inLanguage\":\"en-US\"}]}<\/script>\n<!-- \/ Yoast SEO plugin. -->","yoast_head_json":{"title":"Ota yhteytt\u00e4 - timokivio.com","robots":{"index":"index","follow":"follow","max-snippet":"max-snippet:-1","max-image-preview":"max-image-preview:large","max-video-preview":"max-video-preview:-1"},"canonical":"https:\/\/timokivio.com\/en\/ota-yhteytta-2\/","schema":{"@context":"https:\/\/schema.org","@graph":[{"@type":"WebPage","@id":"https:\/\/timokivio.com\/en\/ota-yhteytta-2\/","url":"https:\/\/timokivio.com\/en\/ota-yhteytta-2\/","name":"Ota yhteytt\u00e4 - timokivio.com","isPartOf":{"@id":"https:\/\/timokivio.com\/#website"},"datePublished":"2012-06-20T14:12:06+00:00","breadcrumb":{"@id":"https:\/\/timokivio.com\/en\/ota-yhteytta-2\/#breadcrumb"},"inLanguage":"en-US","potentialAction":[{"@type":"ReadAction","target":["https:\/\/timokivio.com\/en\/ota-yhteytta-2\/"]}]},{"@type":"BreadcrumbList","@id":"https:\/\/timokivio.com\/en\/ota-yhteytta-2\/#breadcrumb","itemListElement":[{"@type":"ListItem","position":1,"name":"Home","item":"https:\/\/timokivio.com\/en\/"},{"@type":"ListItem","position":2,"name":"Ota yhteytt\u00e4"}]},{"@type":"WebSite","@id":"https:\/\/timokivio.com\/#website","url":"https:\/\/timokivio.com\/","name":"timokivio.com","description":"Blog","potentialAction":[{"@type":"SearchAction","target":{"@type":"EntryPoint","urlTemplate":"https:\/\/timokivio.com\/?s={search_term_string}"},"query-input":{"@type":"PropertyValueSpecification","valueRequired":true,"valueName":"search_term_string"}}],"inLanguage":"en-US"}]}},"_links":{"self":[{"href":"https:\/\/timokivio.com\/en\/wp-json\/wp\/v2\/pages\/43","targetHints":{"allow":["GET"]}}],"collection":[{"href":"https:\/\/timokivio.com\/en\/wp-json\/wp\/v2\/pages"}],"about":[{"href":"https:\/\/timokivio.com\/en\/wp-json\/wp\/v2\/types\/page"}],"author":[{"embeddable":true,"href":"https:\/\/timokivio.com\/en\/wp-json\/wp\/v2\/users\/3"}],"replies":[{"embeddable":true,"href":"https:\/\/timokivio.com\/en\/wp-json\/wp\/v2\/comments?post=43"}],"version-history":[{"count":0,"href":"https:\/\/timokivio.com\/en\/wp-json\/wp\/v2\/pages\/43\/revisions"}],"wp:attachment":[{"href":"https:\/\/timokivio.com\/en\/wp-json\/wp\/v2\/media?parent=43"}],"curies":[{"name":"wp","href":"https:\/\/api.w.org\/{rel}","templated":true}]}}